{"id":9,"date":"2025-10-15T11:18:36","date_gmt":"2025-10-15T11:18:36","guid":{"rendered":"http:\/\/immobilieretdesign.fr\/?page_id=9"},"modified":"2026-04-17T13:39:34","modified_gmt":"2026-04-17T13:39:34","slug":"home","status":"publish","type":"page","link":"https:\/\/sandrinemarguinot.fr\/","title":{"rendered":"La justesse d&rsquo;un lieu"},"content":{"rendered":"\n<p>Lire et r\u00e9v\u00e9ler le potentiel d&rsquo;un lieu pour mieux l&rsquo;habiter, le transformer ou le transmettre<\/p>\n\n\n\n<div class=\"wp-block-columns is-layout-flex wp-container-core-columns-is-layout-9d6595d7 wp-block-columns-is-layout-flex\">\n<div class=\"wp-block-column is-layout-flow wp-block-column-is-layout-flow\">\n<figure class=\"wp-block-image size-full is-style-default\"><a href=\"https:\/\/immobilieretdesign.fr\/index.php\/architecture-interieur-medoc\/\"><img decoding=\"async\" width=\"1024\" height=\"1024\" data-src=\"https:\/\/immobilieretdesign.fr\/wp-content\/uploads\/2026\/04\/projet-cuisine-verriere.png\" alt=\"\" class=\"wp-image-1239 lazyload\" style=\"--smush-placeholder-width: 1024px; --smush-placeholder-aspect-ratio: 1024\/1024;aspect-ratio:1;object-fit:cover\" data-srcset=\"https:\/\/sandrinemarguinot.fr\/wp-content\/uploads\/2026\/04\/projet-cuisine-verriere.png 1024w, https:\/\/sandrinemarguinot.fr\/wp-content\/uploads\/2026\/04\/projet-cuisine-verriere-300x300.png 300w, https:\/\/sandrinemarguinot.fr\/wp-content\/uploads\/2026\/04\/projet-cuisine-verriere-150x150.png 150w, https:\/\/sandrinemarguinot.fr\/wp-content\/uploads\/2026\/04\/projet-cuisine-verriere-768x768.png 768w, https:\/\/sandrinemarguinot.fr\/wp-content\/uploads\/2026\/04\/projet-cuisine-verriere-100x100.png 100w\" data-sizes=\"(max-width: 767px) 89vw, (max-width: 1000px) 54vw, (max-width: 1071px) 543px, 580px\" src=\"data:image\/svg+xml;base64,PHN2ZyB3aWR0aD0iMSIgaGVpZ2h0PSIxIiB4bWxucz0iaHR0cDovL3d3dy53My5vcmcvMjAwMC9zdmciPjwvc3ZnPg==\" \/><\/a><\/figure>\n\n\n\n<p class=\"has-text-align-center\"><strong>Architecture<\/strong><\/p>\n<\/div>\n\n\n\n<div class=\"wp-block-column is-layout-flow wp-block-column-is-layout-flow\">\n<figure class=\"wp-block-image size-large\"><a href=\"https:\/\/immobilieretdesign.fr\/index.php\/conseil-immobilier-medoc\/\"><img decoding=\"async\" width=\"859\" height=\"1024\" data-src=\"https:\/\/immobilieretdesign.fr\/wp-content\/uploads\/2026\/04\/IMG_5649-859x1024.jpg\" alt=\"\" class=\"wp-image-1037 lazyload\" style=\"--smush-placeholder-width: 859px; --smush-placeholder-aspect-ratio: 859\/1024;aspect-ratio:1;object-fit:cover\" data-srcset=\"https:\/\/sandrinemarguinot.fr\/wp-content\/uploads\/2026\/04\/IMG_5649-859x1024.jpg 859w, https:\/\/sandrinemarguinot.fr\/wp-content\/uploads\/2026\/04\/IMG_5649-252x300.jpg 252w, https:\/\/sandrinemarguinot.fr\/wp-content\/uploads\/2026\/04\/IMG_5649-768x915.jpg 768w, https:\/\/sandrinemarguinot.fr\/wp-content\/uploads\/2026\/04\/IMG_5649.jpg 1170w\" data-sizes=\"(max-width: 767px) 89vw, (max-width: 1000px) 54vw, (max-width: 1071px) 543px, 580px\" src=\"data:image\/svg+xml;base64,PHN2ZyB3aWR0aD0iMSIgaGVpZ2h0PSIxIiB4bWxucz0iaHR0cDovL3d3dy53My5vcmcvMjAwMC9zdmciPjwvc3ZnPg==\" \/><\/a><\/figure>\n\n\n\n<p class=\"has-text-align-center\"><strong>Immobilier<\/strong><\/p>\n<\/div>\n\n\n\n<div class=\"wp-block-column is-layout-flow wp-block-column-is-layout-flow\">\n<figure class=\"wp-block-image size-large\"><a href=\"https:\/\/immobilieretdesign.fr\/index.php\/ateliers-regard\/\"><img decoding=\"async\" width=\"1024\" height=\"726\" data-src=\"https:\/\/immobilieretdesign.fr\/wp-content\/uploads\/2026\/04\/IMG_5733-1024x726.jpg\" alt=\"\" class=\"wp-image-1226 lazyload\" style=\"--smush-placeholder-width: 1024px; --smush-placeholder-aspect-ratio: 1024\/726;aspect-ratio:1;object-fit:cover\" data-srcset=\"https:\/\/sandrinemarguinot.fr\/wp-content\/uploads\/2026\/04\/IMG_5733-1024x726.jpg 1024w, https:\/\/sandrinemarguinot.fr\/wp-content\/uploads\/2026\/04\/IMG_5733-300x213.jpg 300w, https:\/\/sandrinemarguinot.fr\/wp-content\/uploads\/2026\/04\/IMG_5733-768x545.jpg 768w, https:\/\/sandrinemarguinot.fr\/wp-content\/uploads\/2026\/04\/IMG_5733.jpg 1110w\" data-sizes=\"(max-width: 767px) 89vw, (max-width: 1000px) 54vw, (max-width: 1071px) 543px, 580px\" src=\"data:image\/svg+xml;base64,PHN2ZyB3aWR0aD0iMSIgaGVpZ2h0PSIxIiB4bWxucz0iaHR0cDovL3d3dy53My5vcmcvMjAwMC9zdmciPjwvc3ZnPg==\" \/><\/a><\/figure>\n\n\n\n<p class=\"has-text-align-center\"><strong>Ateliers Regard<\/strong><\/p>\n<\/div>\n\n\n\n<div class=\"wp-block-column is-layout-flow wp-block-column-is-layout-flow\"><\/div>\n<\/div>\n\n\n\n<div class=\"wp-block-columns is-layout-flex wp-container-core-columns-is-layout-9d6595d7 wp-block-columns-is-layout-flex\">\n<div class=\"wp-block-column is-layout-flow wp-block-column-is-layout-flow\">\n<div class=\"wp-block-buttons is-content-justification-left is-layout-flex wp-container-core-buttons-is-layout-fdcfc74e wp-block-buttons-is-layout-flex\">\n<div class=\"wp-block-button is-style-outline is-style-outline--1\"><a class=\"wp-block-button__link wp-element-button\" href=\"https:\/\/immobilieretdesign.fr\/index.php\/contact\/\">Prendre rendez-vous<\/a><\/div>\n<\/div>\n<\/div>\n<\/div>\n\n\n\n<p><\/p>\n","protected":false},"excerpt":{"rendered":"<p>Lire et r\u00e9v\u00e9ler le potentiel d&rsquo;un lieu pour mieux l&rsquo;habiter, le transformer ou le transmettre Architecture Immobilier Ateliers Regard<\/p>\n","protected":false},"author":1,"featured_media":0,"parent":0,"menu_order":0,"comment_status":"closed","ping_status":"closed","template":"","meta":{"footnotes":""},"class_list":["post-9","page","type-page","status-publish","hentry"],"yoast_head":"<!-- This site is optimized with the Yoast SEO plugin v27.3 - https:\/\/yoast.com\/product\/yoast-seo-wordpress\/ -->\n<title>La justesse d&#039;un lieu - Sandrine Marguinot<\/title>\n<meta name=\"description\" content=\"Architecte d&#039;int\u00e9rieur dans le M\u00e9doc, \u00e0 Bordeaux et sur le littoral atlantique, Sandrine Marguinot accompagne vos projets de r\u00e9novation, conception , plans 2D et 3 D, d\u00e9coration, maitrise d&#039;oeuvre , architecture \u00e9coresponsable, sc\u00e9nographie d&#039;un lieu, valorisation et achat immobilier.\" \/>\n<meta name=\"robots\" content=\"index, follow, max-snippet:-1, max-image-preview:large, max-video-preview:-1\" \/>\n<link rel=\"canonical\" href=\"https:\/\/sandrinemarguinot.fr\/\" \/>\n<meta property=\"og:locale\" content=\"fr_FR\" \/>\n<meta property=\"og:type\" content=\"article\" \/>\n<meta property=\"og:title\" content=\"La justesse d&#039;un lieu - Sandrine Marguinot\" \/>\n<meta property=\"og:description\" content=\"Architecte d&#039;int\u00e9rieur dans le M\u00e9doc, \u00e0 Bordeaux et sur le littoral atlantique, Sandrine Marguinot accompagne vos projets de r\u00e9novation, conception , plans 2D et 3 D, d\u00e9coration, maitrise d&#039;oeuvre , architecture \u00e9coresponsable, sc\u00e9nographie d&#039;un lieu, valorisation et achat immobilier.\" \/>\n<meta property=\"og:url\" content=\"https:\/\/sandrinemarguinot.fr\/\" \/>\n<meta property=\"og:site_name\" content=\"Sandrine Marguinot\" \/>\n<meta property=\"article:modified_time\" content=\"2026-04-17T13:39:34+00:00\" \/>\n<meta property=\"og:image\" content=\"https:\/\/immobilieretdesign.fr\/wp-content\/uploads\/2026\/04\/projet-cuisine-verriere.png\" \/>\n<meta name=\"twitter:card\" content=\"summary_large_image\" \/>\n<meta name=\"twitter:label1\" content=\"Dur\u00e9e de lecture estim\u00e9e\" \/>\n\t<meta name=\"twitter:data1\" content=\"1 minute\" \/>\n<script type=\"application\/ld+json\" class=\"yoast-schema-graph\">{\"@context\":\"https:\\\/\\\/schema.org\",\"@graph\":[{\"@type\":\"WebPage\",\"@id\":\"https:\\\/\\\/sandrinemarguinot.fr\\\/\",\"url\":\"https:\\\/\\\/sandrinemarguinot.fr\\\/\",\"name\":\"La justesse d'un lieu - Sandrine Marguinot\",\"isPartOf\":{\"@id\":\"https:\\\/\\\/sandrinemarguinot.fr\\\/#website\"},\"primaryImageOfPage\":{\"@id\":\"https:\\\/\\\/sandrinemarguinot.fr\\\/#primaryimage\"},\"image\":{\"@id\":\"https:\\\/\\\/sandrinemarguinot.fr\\\/#primaryimage\"},\"thumbnailUrl\":\"https:\\\/\\\/immobilieretdesign.fr\\\/wp-content\\\/uploads\\\/2026\\\/04\\\/projet-cuisine-verriere.png\",\"datePublished\":\"2025-10-15T11:18:36+00:00\",\"dateModified\":\"2026-04-17T13:39:34+00:00\",\"description\":\"Architecte d'int\u00e9rieur dans le M\u00e9doc, \u00e0 Bordeaux et sur le littoral atlantique, Sandrine Marguinot accompagne vos projets de r\u00e9novation, conception , plans 2D et 3 D, d\u00e9coration, maitrise d'oeuvre , architecture \u00e9coresponsable, sc\u00e9nographie d'un lieu, valorisation et achat immobilier.\",\"breadcrumb\":{\"@id\":\"https:\\\/\\\/sandrinemarguinot.fr\\\/#breadcrumb\"},\"inLanguage\":\"fr-FR\",\"potentialAction\":[{\"@type\":\"ReadAction\",\"target\":[\"https:\\\/\\\/sandrinemarguinot.fr\\\/\"]}]},{\"@type\":\"ImageObject\",\"inLanguage\":\"fr-FR\",\"@id\":\"https:\\\/\\\/sandrinemarguinot.fr\\\/#primaryimage\",\"url\":\"https:\\\/\\\/immobilieretdesign.fr\\\/wp-content\\\/uploads\\\/2026\\\/04\\\/projet-cuisine-verriere.png\",\"contentUrl\":\"https:\\\/\\\/immobilieretdesign.fr\\\/wp-content\\\/uploads\\\/2026\\\/04\\\/projet-cuisine-verriere.png\"},{\"@type\":\"BreadcrumbList\",\"@id\":\"https:\\\/\\\/sandrinemarguinot.fr\\\/#breadcrumb\",\"itemListElement\":[{\"@type\":\"ListItem\",\"position\":1,\"name\":\"Accueil\",\"item\":\"https:\\\/\\\/sandrinemarguinot.fr\\\/\"},{\"@type\":\"ListItem\",\"position\":2,\"name\":\"La justesse d&rsquo;un lieu\"}]},{\"@type\":\"WebSite\",\"@id\":\"https:\\\/\\\/sandrinemarguinot.fr\\\/#website\",\"url\":\"https:\\\/\\\/sandrinemarguinot.fr\\\/\",\"name\":\"Sandrine Marguinot\",\"description\":\"Architecture d&#039;int\u00e9rieur - Lecture et valorisation des lieux\",\"potentialAction\":[{\"@type\":\"SearchAction\",\"target\":{\"@type\":\"EntryPoint\",\"urlTemplate\":\"https:\\\/\\\/sandrinemarguinot.fr\\\/?s={search_term_string}\"},\"query-input\":{\"@type\":\"PropertyValueSpecification\",\"valueRequired\":true,\"valueName\":\"search_term_string\"}}],\"inLanguage\":\"fr-FR\"}]}<\/script>\n<!-- \/ Yoast SEO plugin. -->","yoast_head_json":{"title":"La justesse d'un lieu - Sandrine Marguinot","description":"Architecte d'int\u00e9rieur dans le M\u00e9doc, \u00e0 Bordeaux et sur le littoral atlantique, Sandrine Marguinot accompagne vos projets de r\u00e9novation, conception , plans 2D et 3 D, d\u00e9coration, maitrise d'oeuvre , architecture \u00e9coresponsable, sc\u00e9nographie d'un lieu, valorisation et achat immobilier.","robots":{"index":"index","follow":"follow","max-snippet":"max-snippet:-1","max-image-preview":"max-image-preview:large","max-video-preview":"max-video-preview:-1"},"canonical":"https:\/\/sandrinemarguinot.fr\/","og_locale":"fr_FR","og_type":"article","og_title":"La justesse d'un lieu - Sandrine Marguinot","og_description":"Architecte d'int\u00e9rieur dans le M\u00e9doc, \u00e0 Bordeaux et sur le littoral atlantique, Sandrine Marguinot accompagne vos projets de r\u00e9novation, conception , plans 2D et 3 D, d\u00e9coration, maitrise d'oeuvre , architecture \u00e9coresponsable, sc\u00e9nographie d'un lieu, valorisation et achat immobilier.","og_url":"https:\/\/sandrinemarguinot.fr\/","og_site_name":"Sandrine Marguinot","article_modified_time":"2026-04-17T13:39:34+00:00","og_image":[{"url":"https:\/\/immobilieretdesign.fr\/wp-content\/uploads\/2026\/04\/projet-cuisine-verriere.png","type":"","width":"","height":""}],"twitter_card":"summary_large_image","twitter_misc":{"Dur\u00e9e de lecture estim\u00e9e":"1 minute"},"schema":{"@context":"https:\/\/schema.org","@graph":[{"@type":"WebPage","@id":"https:\/\/sandrinemarguinot.fr\/","url":"https:\/\/sandrinemarguinot.fr\/","name":"La justesse d'un lieu - Sandrine Marguinot","isPartOf":{"@id":"https:\/\/sandrinemarguinot.fr\/#website"},"primaryImageOfPage":{"@id":"https:\/\/sandrinemarguinot.fr\/#primaryimage"},"image":{"@id":"https:\/\/sandrinemarguinot.fr\/#primaryimage"},"thumbnailUrl":"https:\/\/immobilieretdesign.fr\/wp-content\/uploads\/2026\/04\/projet-cuisine-verriere.png","datePublished":"2025-10-15T11:18:36+00:00","dateModified":"2026-04-17T13:39:34+00:00","description":"Architecte d'int\u00e9rieur dans le M\u00e9doc, \u00e0 Bordeaux et sur le littoral atlantique, Sandrine Marguinot accompagne vos projets de r\u00e9novation, conception , plans 2D et 3 D, d\u00e9coration, maitrise d'oeuvre , architecture \u00e9coresponsable, sc\u00e9nographie d'un lieu, valorisation et achat immobilier.","breadcrumb":{"@id":"https:\/\/sandrinemarguinot.fr\/#breadcrumb"},"inLanguage":"fr-FR","potentialAction":[{"@type":"ReadAction","target":["https:\/\/sandrinemarguinot.fr\/"]}]},{"@type":"ImageObject","inLanguage":"fr-FR","@id":"https:\/\/sandrinemarguinot.fr\/#primaryimage","url":"https:\/\/immobilieretdesign.fr\/wp-content\/uploads\/2026\/04\/projet-cuisine-verriere.png","contentUrl":"https:\/\/immobilieretdesign.fr\/wp-content\/uploads\/2026\/04\/projet-cuisine-verriere.png"},{"@type":"BreadcrumbList","@id":"https:\/\/sandrinemarguinot.fr\/#breadcrumb","itemListElement":[{"@type":"ListItem","position":1,"name":"Accueil","item":"https:\/\/sandrinemarguinot.fr\/"},{"@type":"ListItem","position":2,"name":"La justesse d&rsquo;un lieu"}]},{"@type":"WebSite","@id":"https:\/\/sandrinemarguinot.fr\/#website","url":"https:\/\/sandrinemarguinot.fr\/","name":"Sandrine Marguinot","description":"Architecture d&#039;int\u00e9rieur - Lecture et valorisation des lieux","potentialAction":[{"@type":"SearchAction","target":{"@type":"EntryPoint","urlTemplate":"https:\/\/sandrinemarguinot.fr\/?s={search_term_string}"},"query-input":{"@type":"PropertyValueSpecification","valueRequired":true,"valueName":"search_term_string"}}],"inLanguage":"fr-FR"}]}},"_links":{"self":[{"href":"https:\/\/sandrinemarguinot.fr\/index.php\/wp-json\/wp\/v2\/pages\/9","targetHints":{"allow":["GET"]}}],"collection":[{"href":"https:\/\/sandrinemarguinot.fr\/index.php\/wp-json\/wp\/v2\/pages"}],"about":[{"href":"https:\/\/sandrinemarguinot.fr\/index.php\/wp-json\/wp\/v2\/types\/page"}],"author":[{"embeddable":true,"href":"https:\/\/sandrinemarguinot.fr\/index.php\/wp-json\/wp\/v2\/users\/1"}],"replies":[{"embeddable":true,"href":"https:\/\/sandrinemarguinot.fr\/index.php\/wp-json\/wp\/v2\/comments?post=9"}],"version-history":[{"count":94,"href":"https:\/\/sandrinemarguinot.fr\/index.php\/wp-json\/wp\/v2\/pages\/9\/revisions"}],"predecessor-version":[{"id":1314,"href":"https:\/\/sandrinemarguinot.fr\/index.php\/wp-json\/wp\/v2\/pages\/9\/revisions\/1314"}],"wp:attachment":[{"href":"https:\/\/sandrinemarguinot.fr\/index.php\/wp-json\/wp\/v2\/media?parent=9"}],"curies":[{"name":"wp","href":"https:\/\/api.w.org\/{rel}","templated":true}]}}