{"id":825,"date":"2026-04-06T08:22:41","date_gmt":"2026-04-06T08:22:41","guid":{"rendered":"https:\/\/immobilieretdesign.fr\/?page_id=825"},"modified":"2026-04-17T12:58:28","modified_gmt":"2026-04-17T12:58:28","slug":"architecture-particuliers-parent","status":"publish","type":"page","link":"https:\/\/sandrinemarguinot.fr\/index.php\/architecture-interieur-medoc\/architecture-particuliers-parent\/","title":{"rendered":"Architecture d&rsquo;int\u00e9rieur pour les particuliers"},"content":{"rendered":"\n<p>Transformer, valoriser ou cr\u00e9er votre lieu de vie.<\/p>\n\n\n\n<p>Que vous souhaitiez r\u00e9nover enti\u00e8rement votre maison, optimiser un espace qui ne fonctionne pas, ou pr\u00e9parer un bien avant une vente, je vous accompagne avec une approche sur mesure, fond\u00e9e sur la lecture du lieu et l&rsquo;\u00e9coute de vos usages.<\/p>\n\n\n\n<p>Trois niveaux d&rsquo;intervention selon votre projet :<\/p>\n\n\n\n<div class=\"wp-block-columns is-layout-flex wp-container-core-columns-is-layout-9d6595d7 wp-block-columns-is-layout-flex\">\n<div class=\"wp-block-column is-layout-flow wp-block-column-is-layout-flow\">\n<div class=\"wp-block-group\"><div class=\"wp-block-group__inner-container is-layout-constrained wp-block-group-is-layout-constrained\">\n<div class=\"wp-block-group .encart-arrondi has-background\" style=\"background-color:#f5f4f2\"><div class=\"wp-block-group__inner-container is-layout-constrained wp-block-group-is-layout-constrained\">\n<h3 class=\"wp-block-heading\">Conseils et orientation<\/h3>\n\n\n\n<p>Un regard expert avant de s&rsquo;engager. Analyse du lieu, recommandations concr\u00e8tes, rapport personnalis\u00e9. <\/p>\n\n\n\n<p>\u2192 <a href=\"https:\/\/immobilieretdesign.fr\/index.php\/architecture-interieur-medoc\/architecture-particuliers-parent\/consultation-avant-travaux\/\" type=\"page\" id=\"685\">En savoir plus<\/a><\/p>\n<\/div><\/div>\n<\/div><\/div>\n<\/div>\n\n\n\n<div class=\"wp-block-column is-layout-flow wp-block-column-is-layout-flow\">\n<div class=\"wp-block-group\"><div class=\"wp-block-group__inner-container is-layout-constrained wp-block-group-is-layout-constrained\">\n<div class=\"wp-block-group has-background\" style=\"background-color:#f5f4f2\"><div class=\"wp-block-group__inner-container is-layout-constrained wp-block-group-is-layout-constrained\">\n<h3 class=\"wp-block-heading\">\u00c9tude et conception<\/h3>\n\n\n\n<p>Une direction claire pour votre projet, conception, Plans 2D, 3D, plans techniques planches ambiances etc. .. dossier pour les entreprises.<\/p>\n\n\n\n<p>\u2192 <a href=\"https:\/\/immobilieretdesign.fr\/index.php\/architecture-interieur-medoc\/etude-conception-architecte-interieur\/\" type=\"page\" id=\"688\">En savoir plus<\/a><\/p>\n<\/div><\/div>\n<\/div><\/div>\n<\/div>\n\n\n\n<div class=\"wp-block-column is-layout-flow wp-block-column-is-layout-flow\">\n<div class=\"wp-block-group has-background\" style=\"background-color:#f5f4f2\"><div class=\"wp-block-group__inner-container is-layout-constrained wp-block-group-is-layout-constrained\">\n<h3 class=\"wp-block-heading\">Mission compl\u00e8te avec suivi de chantier<\/h3>\n\n\n\n<p>Conception int\u00e9grale et coordination du chantier jusqu&rsquo;\u00e0 la r\u00e9alisation. Assurance d\u00e9cennale souscrite. <\/p>\n\n\n\n<p>\u2192 <a href=\"https:\/\/immobilieretdesign.fr\/index.php\/architecture-interieur-medoc\/architecture-particuliers-parent\/mission-complete-avec-suivi-de-chantier\/\" type=\"page\" id=\"693\">En savoir plus<\/a><\/p>\n<\/div><\/div>\n<\/div>\n<\/div>\n\n\n\n<div id='gallery-1' class='gallery galleryid-825 gallery-columns-3 gallery-size-thumbnail'><figure class='gallery-item'>\n\t\t\t<div class='gallery-icon portrait'>\n\t\t\t\t<a href='https:\/\/sandrinemarguinot.fr\/index.php\/librairie-sucree-concept-store-paris\/capture-decran-2025-08-18-a-15-26-30-2\/'><img decoding=\"async\" width=\"150\" height=\"150\" data-src=\"https:\/\/sandrinemarguinot.fr\/wp-content\/uploads\/2026\/03\/Capture-decran-2025-08-18-a-15.26.30-150x150.png\" class=\"attachment-thumbnail size-thumbnail lazyload\" alt=\"\" data-srcset=\"https:\/\/sandrinemarguinot.fr\/wp-content\/uploads\/2026\/03\/Capture-decran-2025-08-18-a-15.26.30-150x150.png 150w, https:\/\/sandrinemarguinot.fr\/wp-content\/uploads\/2026\/03\/Capture-decran-2025-08-18-a-15.26.30-100x100.png 100w\" data-sizes=\"100vw\" src=\"data:image\/svg+xml;base64,PHN2ZyB3aWR0aD0iMSIgaGVpZ2h0PSIxIiB4bWxucz0iaHR0cDovL3d3dy53My5vcmcvMjAwMC9zdmciPjwvc3ZnPg==\" style=\"--smush-placeholder-width: 150px; --smush-placeholder-aspect-ratio: 150\/150;\" \/><\/a>\n\t\t\t<\/div><\/figure><figure class='gallery-item'>\n\t\t\t<div class='gallery-icon portrait'>\n\t\t\t\t<a href='https:\/\/sandrinemarguinot.fr\/index.php\/projet-m-agrandissement-verdon-sur-mer\/img_2267\/'><img decoding=\"async\" width=\"150\" height=\"150\" data-src=\"https:\/\/sandrinemarguinot.fr\/wp-content\/uploads\/2026\/03\/IMG_2267-150x150.jpg\" class=\"attachment-thumbnail size-thumbnail lazyload\" alt=\"\" data-srcset=\"https:\/\/sandrinemarguinot.fr\/wp-content\/uploads\/2026\/03\/IMG_2267-150x150.jpg 150w, https:\/\/sandrinemarguinot.fr\/wp-content\/uploads\/2026\/03\/IMG_2267-100x100.jpg 100w\" data-sizes=\"100vw\" src=\"data:image\/svg+xml;base64,PHN2ZyB3aWR0aD0iMSIgaGVpZ2h0PSIxIiB4bWxucz0iaHR0cDovL3d3dy53My5vcmcvMjAwMC9zdmciPjwvc3ZnPg==\" style=\"--smush-placeholder-width: 150px; --smush-placeholder-aspect-ratio: 150\/150;\" \/><\/a>\n\t\t\t<\/div><\/figure><figure class='gallery-item'>\n\t\t\t<div class='gallery-icon portrait'>\n\t\t\t\t<a href='https:\/\/sandrinemarguinot.fr\/fd776f58-5468-4c4f-a931-5515d05ac63c\/'><img decoding=\"async\" width=\"150\" height=\"150\" data-src=\"https:\/\/sandrinemarguinot.fr\/wp-content\/uploads\/2026\/04\/FD776F58-5468-4C4F-A931-5515D05AC63C-150x150.jpg\" class=\"attachment-thumbnail size-thumbnail lazyload\" alt=\"\" data-srcset=\"https:\/\/sandrinemarguinot.fr\/wp-content\/uploads\/2026\/04\/FD776F58-5468-4C4F-A931-5515D05AC63C-150x150.jpg 150w, https:\/\/sandrinemarguinot.fr\/wp-content\/uploads\/2026\/04\/FD776F58-5468-4C4F-A931-5515D05AC63C-100x100.jpg 100w\" data-sizes=\"100vw\" src=\"data:image\/svg+xml;base64,PHN2ZyB3aWR0aD0iMSIgaGVpZ2h0PSIxIiB4bWxucz0iaHR0cDovL3d3dy53My5vcmcvMjAwMC9zdmciPjwvc3ZnPg==\" style=\"--smush-placeholder-width: 150px; --smush-placeholder-aspect-ratio: 150\/150;\" \/><\/a>\n\t\t\t<\/div><\/figure><figure class='gallery-item'>\n\t\t\t<div class='gallery-icon portrait'>\n\t\t\t\t<a href='https:\/\/sandrinemarguinot.fr\/img_9613\/'><img decoding=\"async\" width=\"150\" height=\"150\" data-src=\"https:\/\/sandrinemarguinot.fr\/wp-content\/uploads\/2026\/04\/IMG_9613-150x150.jpg\" class=\"attachment-thumbnail size-thumbnail lazyload\" alt=\"\" data-srcset=\"https:\/\/sandrinemarguinot.fr\/wp-content\/uploads\/2026\/04\/IMG_9613-150x150.jpg 150w, https:\/\/sandrinemarguinot.fr\/wp-content\/uploads\/2026\/04\/IMG_9613-100x100.jpg 100w\" data-sizes=\"100vw\" src=\"data:image\/svg+xml;base64,PHN2ZyB3aWR0aD0iMSIgaGVpZ2h0PSIxIiB4bWxucz0iaHR0cDovL3d3dy53My5vcmcvMjAwMC9zdmciPjwvc3ZnPg==\" style=\"--smush-placeholder-width: 150px; --smush-placeholder-aspect-ratio: 150\/150;\" \/><\/a>\n\t\t\t<\/div><\/figure>\n\t\t<\/div>\n\n","protected":false},"excerpt":{"rendered":"<p>Transformer, valoriser ou cr\u00e9er votre lieu de vie. Que vous souhaitiez r\u00e9nover enti\u00e8rement votre maison, optimiser un espace qui ne fonctionne pas, ou pr\u00e9parer un bien avant une vente, je vous accompagne avec une approche sur mesure, fond\u00e9e sur la lecture du lieu et l&rsquo;\u00e9coute de vos usages. Trois niveaux d&rsquo;intervention selon votre projet : &hellip; <\/p>\n<p class=\"link-more\"><a href=\"https:\/\/sandrinemarguinot.fr\/index.php\/architecture-interieur-medoc\/architecture-particuliers-parent\/\" class=\"more-link\">Continuer la lecture<span class=\"screen-reader-text\"> de &laquo;&nbsp;Architecture d&rsquo;int\u00e9rieur pour les particuliers&nbsp;&raquo;<\/span><\/a><\/p>\n","protected":false},"author":1,"featured_media":0,"parent":13,"menu_order":0,"comment_status":"closed","ping_status":"closed","template":"","meta":{"footnotes":""},"class_list":["post-825","page","type-page","status-publish","hentry"],"yoast_head":"<!-- This site is optimized with the Yoast SEO plugin v27.3 - https:\/\/yoast.com\/product\/yoast-seo-wordpress\/ -->\n<title>Architecture d&#039;int\u00e9rieur pour les particuliers - Sandrine Marguinot<\/title>\n<meta name=\"description\" content=\"architecte int\u00e9rieur particulier M\u00e9docTitre SEO : Architecture d&#039;int\u00e9rieur pour les particuliers - M\u00e9doc | Sandrine MarguinotM\u00e9ta-description : R\u00e9novation, maitrise d&#039;oeuvre, suivi de chantier, transformation, agrandissement ou valorisation de votre lieu de vie en M\u00e9doc et Nouvelle-Aquitaine. Trois niveaux d&#039;accompagnement selon votre projet. Premier \u00e9change gratuit.\" \/>\n<meta name=\"robots\" content=\"index, follow, max-snippet:-1, max-image-preview:large, max-video-preview:-1\" \/>\n<link rel=\"canonical\" href=\"https:\/\/sandrinemarguinot.fr\/index.php\/architecture-interieur-medoc\/architecture-particuliers-parent\/\" \/>\n<meta property=\"og:locale\" content=\"fr_FR\" \/>\n<meta property=\"og:type\" content=\"article\" \/>\n<meta property=\"og:title\" content=\"Architecture d&#039;int\u00e9rieur pour les particuliers - Sandrine Marguinot\" \/>\n<meta property=\"og:description\" content=\"architecte int\u00e9rieur particulier M\u00e9docTitre SEO : Architecture d&#039;int\u00e9rieur pour les particuliers - M\u00e9doc | Sandrine MarguinotM\u00e9ta-description : R\u00e9novation, maitrise d&#039;oeuvre, suivi de chantier, transformation, agrandissement ou valorisation de votre lieu de vie en M\u00e9doc et Nouvelle-Aquitaine. Trois niveaux d&#039;accompagnement selon votre projet. Premier \u00e9change gratuit.\" \/>\n<meta property=\"og:url\" content=\"https:\/\/sandrinemarguinot.fr\/index.php\/architecture-interieur-medoc\/architecture-particuliers-parent\/\" \/>\n<meta property=\"og:site_name\" content=\"Sandrine Marguinot\" \/>\n<meta property=\"article:modified_time\" content=\"2026-04-17T12:58:28+00:00\" \/>\n<meta property=\"og:image\" content=\"https:\/\/sandrinemarguinot.fr\/wp-content\/uploads\/2026\/03\/Capture-decran-2025-08-18-a-15.26.30-518x1024.png\" \/>\n<meta name=\"twitter:card\" content=\"summary_large_image\" \/>\n<meta name=\"twitter:label1\" content=\"Dur\u00e9e de lecture estim\u00e9e\" \/>\n\t<meta name=\"twitter:data1\" content=\"1 minute\" \/>\n<script type=\"application\/ld+json\" class=\"yoast-schema-graph\">{\"@context\":\"https:\\\/\\\/schema.org\",\"@graph\":[{\"@type\":\"WebPage\",\"@id\":\"https:\\\/\\\/sandrinemarguinot.fr\\\/index.php\\\/architecture-interieur-medoc\\\/architecture-particuliers-parent\\\/\",\"url\":\"https:\\\/\\\/sandrinemarguinot.fr\\\/index.php\\\/architecture-interieur-medoc\\\/architecture-particuliers-parent\\\/\",\"name\":\"Architecture d'int\u00e9rieur pour les particuliers - Sandrine Marguinot\",\"isPartOf\":{\"@id\":\"https:\\\/\\\/sandrinemarguinot.fr\\\/#website\"},\"datePublished\":\"2026-04-06T08:22:41+00:00\",\"dateModified\":\"2026-04-17T12:58:28+00:00\",\"description\":\"architecte int\u00e9rieur particulier M\u00e9docTitre SEO : Architecture d'int\u00e9rieur pour les particuliers - M\u00e9doc | Sandrine MarguinotM\u00e9ta-description : R\u00e9novation, maitrise d'oeuvre, suivi de chantier, transformation, agrandissement ou valorisation de votre lieu de vie en M\u00e9doc et Nouvelle-Aquitaine. Trois niveaux d'accompagnement selon votre projet. Premier \u00e9change gratuit.\",\"breadcrumb\":{\"@id\":\"https:\\\/\\\/sandrinemarguinot.fr\\\/index.php\\\/architecture-interieur-medoc\\\/architecture-particuliers-parent\\\/#breadcrumb\"},\"inLanguage\":\"fr-FR\",\"potentialAction\":[{\"@type\":\"ReadAction\",\"target\":[\"https:\\\/\\\/sandrinemarguinot.fr\\\/index.php\\\/architecture-interieur-medoc\\\/architecture-particuliers-parent\\\/\"]}]},{\"@type\":\"BreadcrumbList\",\"@id\":\"https:\\\/\\\/sandrinemarguinot.fr\\\/index.php\\\/architecture-interieur-medoc\\\/architecture-particuliers-parent\\\/#breadcrumb\",\"itemListElement\":[{\"@type\":\"ListItem\",\"position\":1,\"name\":\"Accueil\",\"item\":\"https:\\\/\\\/sandrinemarguinot.fr\\\/\"},{\"@type\":\"ListItem\",\"position\":2,\"name\":\"Architecture d&rsquo;int\u00e9rieur : concevoir des lieux qui font sens\",\"item\":\"https:\\\/\\\/sandrinemarguinot.fr\\\/index.php\\\/architecture-interieur-medoc\\\/\"},{\"@type\":\"ListItem\",\"position\":3,\"name\":\"Architecture d&rsquo;int\u00e9rieur pour les particuliers\"}]},{\"@type\":\"WebSite\",\"@id\":\"https:\\\/\\\/sandrinemarguinot.fr\\\/#website\",\"url\":\"https:\\\/\\\/sandrinemarguinot.fr\\\/\",\"name\":\"Sandrine Marguinot\",\"description\":\"Architecture d&#039;int\u00e9rieur - Lecture et valorisation des lieux\",\"potentialAction\":[{\"@type\":\"SearchAction\",\"target\":{\"@type\":\"EntryPoint\",\"urlTemplate\":\"https:\\\/\\\/sandrinemarguinot.fr\\\/?s={search_term_string}\"},\"query-input\":{\"@type\":\"PropertyValueSpecification\",\"valueRequired\":true,\"valueName\":\"search_term_string\"}}],\"inLanguage\":\"fr-FR\"}]}<\/script>\n<!-- \/ Yoast SEO plugin. -->","yoast_head_json":{"title":"Architecture d'int\u00e9rieur pour les particuliers - Sandrine Marguinot","description":"architecte int\u00e9rieur particulier M\u00e9docTitre SEO : Architecture d'int\u00e9rieur pour les particuliers - M\u00e9doc | Sandrine MarguinotM\u00e9ta-description : R\u00e9novation, maitrise d'oeuvre, suivi de chantier, transformation, agrandissement ou valorisation de votre lieu de vie en M\u00e9doc et Nouvelle-Aquitaine. Trois niveaux d'accompagnement selon votre projet. Premier \u00e9change gratuit.","robots":{"index":"index","follow":"follow","max-snippet":"max-snippet:-1","max-image-preview":"max-image-preview:large","max-video-preview":"max-video-preview:-1"},"canonical":"https:\/\/sandrinemarguinot.fr\/index.php\/architecture-interieur-medoc\/architecture-particuliers-parent\/","og_locale":"fr_FR","og_type":"article","og_title":"Architecture d'int\u00e9rieur pour les particuliers - Sandrine Marguinot","og_description":"architecte int\u00e9rieur particulier M\u00e9docTitre SEO : Architecture d'int\u00e9rieur pour les particuliers - M\u00e9doc | Sandrine MarguinotM\u00e9ta-description : R\u00e9novation, maitrise d'oeuvre, suivi de chantier, transformation, agrandissement ou valorisation de votre lieu de vie en M\u00e9doc et Nouvelle-Aquitaine. Trois niveaux d'accompagnement selon votre projet. Premier \u00e9change gratuit.","og_url":"https:\/\/sandrinemarguinot.fr\/index.php\/architecture-interieur-medoc\/architecture-particuliers-parent\/","og_site_name":"Sandrine Marguinot","article_modified_time":"2026-04-17T12:58:28+00:00","og_image":[{"url":"https:\/\/sandrinemarguinot.fr\/wp-content\/uploads\/2026\/03\/Capture-decran-2025-08-18-a-15.26.30-518x1024.png","type":"","width":"","height":""}],"twitter_card":"summary_large_image","twitter_misc":{"Dur\u00e9e de lecture estim\u00e9e":"1 minute"},"schema":{"@context":"https:\/\/schema.org","@graph":[{"@type":"WebPage","@id":"https:\/\/sandrinemarguinot.fr\/index.php\/architecture-interieur-medoc\/architecture-particuliers-parent\/","url":"https:\/\/sandrinemarguinot.fr\/index.php\/architecture-interieur-medoc\/architecture-particuliers-parent\/","name":"Architecture d'int\u00e9rieur pour les particuliers - Sandrine Marguinot","isPartOf":{"@id":"https:\/\/sandrinemarguinot.fr\/#website"},"datePublished":"2026-04-06T08:22:41+00:00","dateModified":"2026-04-17T12:58:28+00:00","description":"architecte int\u00e9rieur particulier M\u00e9docTitre SEO : Architecture d'int\u00e9rieur pour les particuliers - M\u00e9doc | Sandrine MarguinotM\u00e9ta-description : R\u00e9novation, maitrise d'oeuvre, suivi de chantier, transformation, agrandissement ou valorisation de votre lieu de vie en M\u00e9doc et Nouvelle-Aquitaine. Trois niveaux d'accompagnement selon votre projet. Premier \u00e9change gratuit.","breadcrumb":{"@id":"https:\/\/sandrinemarguinot.fr\/index.php\/architecture-interieur-medoc\/architecture-particuliers-parent\/#breadcrumb"},"inLanguage":"fr-FR","potentialAction":[{"@type":"ReadAction","target":["https:\/\/sandrinemarguinot.fr\/index.php\/architecture-interieur-medoc\/architecture-particuliers-parent\/"]}]},{"@type":"BreadcrumbList","@id":"https:\/\/sandrinemarguinot.fr\/index.php\/architecture-interieur-medoc\/architecture-particuliers-parent\/#breadcrumb","itemListElement":[{"@type":"ListItem","position":1,"name":"Accueil","item":"https:\/\/sandrinemarguinot.fr\/"},{"@type":"ListItem","position":2,"name":"Architecture d&rsquo;int\u00e9rieur : concevoir des lieux qui font sens","item":"https:\/\/sandrinemarguinot.fr\/index.php\/architecture-interieur-medoc\/"},{"@type":"ListItem","position":3,"name":"Architecture d&rsquo;int\u00e9rieur pour les particuliers"}]},{"@type":"WebSite","@id":"https:\/\/sandrinemarguinot.fr\/#website","url":"https:\/\/sandrinemarguinot.fr\/","name":"Sandrine Marguinot","description":"Architecture d&#039;int\u00e9rieur - Lecture et valorisation des lieux","potentialAction":[{"@type":"SearchAction","target":{"@type":"EntryPoint","urlTemplate":"https:\/\/sandrinemarguinot.fr\/?s={search_term_string}"},"query-input":{"@type":"PropertyValueSpecification","valueRequired":true,"valueName":"search_term_string"}}],"inLanguage":"fr-FR"}]}},"_links":{"self":[{"href":"https:\/\/sandrinemarguinot.fr\/index.php\/wp-json\/wp\/v2\/pages\/825","targetHints":{"allow":["GET"]}}],"collection":[{"href":"https:\/\/sandrinemarguinot.fr\/index.php\/wp-json\/wp\/v2\/pages"}],"about":[{"href":"https:\/\/sandrinemarguinot.fr\/index.php\/wp-json\/wp\/v2\/types\/page"}],"author":[{"embeddable":true,"href":"https:\/\/sandrinemarguinot.fr\/index.php\/wp-json\/wp\/v2\/users\/1"}],"replies":[{"embeddable":true,"href":"https:\/\/sandrinemarguinot.fr\/index.php\/wp-json\/wp\/v2\/comments?post=825"}],"version-history":[{"count":16,"href":"https:\/\/sandrinemarguinot.fr\/index.php\/wp-json\/wp\/v2\/pages\/825\/revisions"}],"predecessor-version":[{"id":1279,"href":"https:\/\/sandrinemarguinot.fr\/index.php\/wp-json\/wp\/v2\/pages\/825\/revisions\/1279"}],"up":[{"embeddable":true,"href":"https:\/\/sandrinemarguinot.fr\/index.php\/wp-json\/wp\/v2\/pages\/13"}],"wp:attachment":[{"href":"https:\/\/sandrinemarguinot.fr\/index.php\/wp-json\/wp\/v2\/media?parent=825"}],"curies":[{"name":"wp","href":"https:\/\/api.w.org\/{rel}","templated":true}]}}