{"id":45,"date":"2025-10-25T12:24:12","date_gmt":"2025-10-25T12:24:12","guid":{"rendered":"https:\/\/immobilieretdesign.fr\/?page_id=45"},"modified":"2026-04-17T17:47:01","modified_gmt":"2026-04-17T17:47:01","slug":"conseil-immobilier-medoc","status":"publish","type":"page","link":"https:\/\/sandrinemarguinot.fr\/index.php\/conseil-immobilier-medoc\/","title":{"rendered":"Accompagnement Immobilier"},"content":{"rendered":"\n<p>M\u00e9doc, Bordeaux et littoral atlantique.<\/p>\n\n\n\n<p>Mon regard d&rsquo;architecte d&rsquo;int\u00e9rieur change la fa\u00e7on d&rsquo;aborder un bien immobilier. L\u00e0 o\u00f9 d&rsquo;autres voient une surface et un prix, j&rsquo;analyse les volumes, la lumi\u00e8re, les circulations et le potentiel r\u00e9el d&rsquo;un espace.<\/p>\n\n\n\n<p>Que vous soyez acheteur ou vendeur, cet accompagnement vous permet de prendre des d\u00e9cisions \u00e9clair\u00e9es, fond\u00e9es sur une lecture concr\u00e8te du lieu.<\/p>\n\n\n\n<div class=\"wp-block-columns is-layout-flex wp-container-core-columns-is-layout-9d6595d7 wp-block-columns-is-layout-flex\">\n<div class=\"wp-block-column is-layout-flow wp-block-column-is-layout-flow\">\n<div class=\"wp-block-group\"><div class=\"wp-block-group__inner-container is-layout-constrained wp-block-group-is-layout-constrained\">\n<h3 class=\"wp-block-heading\">Accompagnement \u00e0 l&rsquo;achat<\/h3>\n\n\n\n<p>Acheter avec un regard expert. <\/p>\n\n\n\n<p>Analyse du bien, clarification de vos crit\u00e8res, accompagnement jusqu&rsquo;\u00e0 la signature.<\/p>\n\n\n\n<p>\u2192 <a href=\"https:\/\/immobilieretdesign.fr\/index.php\/conseil-immobilier-medoc\/consultation-avant-achat-medoc\/\" type=\"page\" id=\"418\">D\u00e9couvrir<\/a><\/p>\n<\/div><\/div>\n<\/div>\n\n\n\n<div class=\"wp-block-column is-layout-flow wp-block-column-is-layout-flow\">\n<div class=\"wp-block-group\"><div class=\"wp-block-group__inner-container is-layout-constrained wp-block-group-is-layout-constrained\">\n<h3 class=\"wp-block-heading\">Accompagnement avant mise en vente<\/h3>\n\n\n\n<p>Avant de publier une annonce, identifier ce qui valorise votre bien et ce qui freine. Conseils de pr\u00e9sentation, positionnement prix, home staging l\u00e9ger.<\/p>\n\n\n\n<p>\u2192 <a href=\"https:\/\/immobilieretdesign.fr\/index.php\/conseil-immobilier-medoc\/consultation-avant-mise-en-vente\/\" type=\"page\" id=\"432\">D\u00e9couvrir<\/a><\/p>\n<\/div><\/div>\n<\/div>\n\n\n\n<div class=\"wp-block-column is-layout-flow wp-block-column-is-layout-flow\">\n<div class=\"wp-block-group\"><div class=\"wp-block-group__inner-container is-layout-constrained wp-block-group-is-layout-constrained\">\n<h3 class=\"wp-block-heading\">Mandat de vente<\/h3>\n\n\n\n<p>Prise en charge compl\u00e8te de la vente via le r\u00e9seau Casavo. <\/p>\n\n\n\n<p>Estimation, photographies professionnelles, diffusion nationale et suivi des visites.<\/p>\n\n\n\n<p>\u2192 <a href=\"https:\/\/immobilieretdesign.fr\/index.php\/conseil-immobilier-medoc\/mandat-de-vente\/\" type=\"page\" id=\"1033\">D\u00e9couvrir<\/a><\/p>\n<\/div><\/div>\n<\/div>\n<\/div>\n\n\n\n<hr class=\"wp-block-separator has-alpha-channel-opacity\"\/>\n\n\n\n<p>Vous avez un projet immobilier ? Un premier \u00e9change de 15 minutes suffit souvent pour y voir plus clair.<\/p>\n\n\n\n<p><a href=\"https:\/\/immobilieretdesign.fr\/index.php\/contact\/\" type=\"page\" id=\"11\">Prendre rendez-vous<\/a><\/p>\n\n\n\n<p>\u00ab\u00a0Gr\u00e2ce \u00e0 Sandrine, nous avons achet\u00e9 une maison qui nous ressemble vraiment, sans stress ni regret.\u00a0\u00bb \u2014 Famille M., M\u00e9doc<\/p>\n\n\n\n<p>Chaque projet m\u00e9rite une approche respectueuse et sur mesure.<\/p>\n\n\n\n<h3 class=\"wp-block-heading\">Secteur d\u2019intervention<\/h3>\n\n\n\n<p>M\u00e9doc, littoral Atlantique, Bordeaux<\/p>\n\n\n\n<div id='gallery-1' class='gallery galleryid-45 gallery-columns-3 gallery-size-thumbnail'><figure class='gallery-item'>\n\t\t\t<div class='gallery-icon portrait'>\n\t\t\t\t<a href='https:\/\/sandrinemarguinot.fr\/index.php\/2026\/03\/30\/acheter-medoc-architecte-interieur\/post-2\/'><img decoding=\"async\" width=\"150\" height=\"150\" data-src=\"https:\/\/sandrinemarguinot.fr\/wp-content\/uploads\/2026\/03\/post-2-150x150.png\" class=\"attachment-thumbnail size-thumbnail lazyload\" alt=\"maison m\u00e9doc soulac sur mer\" data-srcset=\"https:\/\/sandrinemarguinot.fr\/wp-content\/uploads\/2026\/03\/post-2-150x150.png 150w, https:\/\/sandrinemarguinot.fr\/wp-content\/uploads\/2026\/03\/post-2-100x100.png 100w\" data-sizes=\"100vw\" src=\"data:image\/svg+xml;base64,PHN2ZyB3aWR0aD0iMSIgaGVpZ2h0PSIxIiB4bWxucz0iaHR0cDovL3d3dy53My5vcmcvMjAwMC9zdmciPjwvc3ZnPg==\" style=\"--smush-placeholder-width: 150px; --smush-placeholder-aspect-ratio: 150\/150;\" \/><\/a>\n\t\t\t<\/div><\/figure><figure class='gallery-item'>\n\t\t\t<div class='gallery-icon portrait'>\n\t\t\t\t<a href='https:\/\/sandrinemarguinot.fr\/index.php\/conseil-immobilier-medoc\/chatgpt-image-6-janv-2026-11_46_55\/'><img decoding=\"async\" width=\"150\" height=\"150\" data-src=\"https:\/\/sandrinemarguinot.fr\/wp-content\/uploads\/2026\/04\/ChatGPT-Image-6-janv.-2026-11_46_55-150x150.png\" class=\"attachment-thumbnail size-thumbnail lazyload\" alt=\"\" data-srcset=\"https:\/\/sandrinemarguinot.fr\/wp-content\/uploads\/2026\/04\/ChatGPT-Image-6-janv.-2026-11_46_55-150x150.png 150w, https:\/\/sandrinemarguinot.fr\/wp-content\/uploads\/2026\/04\/ChatGPT-Image-6-janv.-2026-11_46_55-100x100.png 100w\" data-sizes=\"100vw\" src=\"data:image\/svg+xml;base64,PHN2ZyB3aWR0aD0iMSIgaGVpZ2h0PSIxIiB4bWxucz0iaHR0cDovL3d3dy53My5vcmcvMjAwMC9zdmciPjwvc3ZnPg==\" style=\"--smush-placeholder-width: 150px; --smush-placeholder-aspect-ratio: 150\/150;\" \/><\/a>\n\t\t\t<\/div><\/figure><figure class='gallery-item'>\n\t\t\t<div class='gallery-icon landscape'>\n\t\t\t\t<a href='https:\/\/sandrinemarguinot.fr\/index.php\/portfolio-architecte-interieur-medoc\/img_5569\/'><img decoding=\"async\" width=\"150\" height=\"150\" data-src=\"https:\/\/sandrinemarguinot.fr\/wp-content\/uploads\/2026\/04\/IMG_5569-150x150.jpg\" class=\"attachment-thumbnail size-thumbnail lazyload\" alt=\"\" data-srcset=\"https:\/\/sandrinemarguinot.fr\/wp-content\/uploads\/2026\/04\/IMG_5569-150x150.jpg 150w, https:\/\/sandrinemarguinot.fr\/wp-content\/uploads\/2026\/04\/IMG_5569-100x100.jpg 100w\" data-sizes=\"100vw\" src=\"data:image\/svg+xml;base64,PHN2ZyB3aWR0aD0iMSIgaGVpZ2h0PSIxIiB4bWxucz0iaHR0cDovL3d3dy53My5vcmcvMjAwMC9zdmciPjwvc3ZnPg==\" style=\"--smush-placeholder-width: 150px; --smush-placeholder-aspect-ratio: 150\/150;\" \/><\/a>\n\t\t\t<\/div><\/figure>\n\t\t<\/div>\n\n\n\n\n<hr class=\"wp-block-separator has-alpha-channel-opacity\"\/>\n","protected":false},"excerpt":{"rendered":"<p>M\u00e9doc, Bordeaux et littoral atlantique. Mon regard d&rsquo;architecte d&rsquo;int\u00e9rieur change la fa\u00e7on d&rsquo;aborder un bien immobilier. L\u00e0 o\u00f9 d&rsquo;autres voient une surface et un prix, j&rsquo;analyse les volumes, la lumi\u00e8re, les circulations et le potentiel r\u00e9el d&rsquo;un espace. Que vous soyez acheteur ou vendeur, cet accompagnement vous permet de prendre des d\u00e9cisions \u00e9clair\u00e9es, fond\u00e9es sur &hellip; <\/p>\n<p class=\"link-more\"><a href=\"https:\/\/sandrinemarguinot.fr\/index.php\/conseil-immobilier-medoc\/\" class=\"more-link\">Continuer la lecture<span class=\"screen-reader-text\"> de &laquo;&nbsp;Accompagnement Immobilier&nbsp;&raquo;<\/span><\/a><\/p>\n","protected":false},"author":1,"featured_media":0,"parent":0,"menu_order":0,"comment_status":"closed","ping_status":"closed","template":"","meta":{"footnotes":""},"class_list":["post-45","page","type-page","status-publish","hentry"],"yoast_head":"<!-- This site is optimized with the Yoast SEO plugin v27.3 - https:\/\/yoast.com\/product\/yoast-seo-wordpress\/ -->\n<title>Accompagnement Immobilier - Sandrine Marguinot<\/title>\n<meta name=\"description\" content=\"Achetez ou vendez dans le M\u00e9doc avec l&#039;\u0153il d&#039;une architecte d&#039;int\u00e9rieur. Sandrine Marguinot vous accompagne pour valoriser votre bien et s\u00e9curiser votre projet immobilier.Achetez ou vendez avec un regard d&#039;architecte d&#039;int\u00e9rieur. Accompagnement immobilier personnalis\u00e9 en M\u00e9doc, Bordeaux et littoral Atlantique. Premier \u00e9change 15 minutes.\" \/>\n<meta name=\"robots\" content=\"index, follow, max-snippet:-1, max-image-preview:large, max-video-preview:-1\" \/>\n<link rel=\"canonical\" href=\"https:\/\/sandrinemarguinot.fr\/index.php\/conseil-immobilier-medoc\/\" \/>\n<meta property=\"og:locale\" content=\"fr_FR\" \/>\n<meta property=\"og:type\" content=\"article\" \/>\n<meta property=\"og:title\" content=\"Accompagnement Immobilier - Sandrine Marguinot\" \/>\n<meta property=\"og:description\" content=\"Achetez ou vendez dans le M\u00e9doc avec l&#039;\u0153il d&#039;une architecte d&#039;int\u00e9rieur. Sandrine Marguinot vous accompagne pour valoriser votre bien et s\u00e9curiser votre projet immobilier.Achetez ou vendez avec un regard d&#039;architecte d&#039;int\u00e9rieur. Accompagnement immobilier personnalis\u00e9 en M\u00e9doc, Bordeaux et littoral Atlantique. Premier \u00e9change 15 minutes.\" \/>\n<meta property=\"og:url\" content=\"https:\/\/sandrinemarguinot.fr\/index.php\/conseil-immobilier-medoc\/\" \/>\n<meta property=\"og:site_name\" content=\"Sandrine Marguinot\" \/>\n<meta property=\"article:modified_time\" content=\"2026-04-17T17:47:01+00:00\" \/>\n<meta property=\"og:image\" content=\"https:\/\/sandrinemarguinot.fr\/wp-content\/uploads\/2026\/03\/post-2-683x1024.png\" \/>\n<meta name=\"twitter:card\" content=\"summary_large_image\" \/>\n<meta name=\"twitter:label1\" content=\"Dur\u00e9e de lecture estim\u00e9e\" \/>\n\t<meta name=\"twitter:data1\" content=\"1 minute\" \/>\n<script type=\"application\/ld+json\" class=\"yoast-schema-graph\">{\"@context\":\"https:\\\/\\\/schema.org\",\"@graph\":[{\"@type\":\"WebPage\",\"@id\":\"https:\\\/\\\/sandrinemarguinot.fr\\\/index.php\\\/conseil-immobilier-medoc\\\/\",\"url\":\"https:\\\/\\\/sandrinemarguinot.fr\\\/index.php\\\/conseil-immobilier-medoc\\\/\",\"name\":\"Accompagnement Immobilier - Sandrine Marguinot\",\"isPartOf\":{\"@id\":\"https:\\\/\\\/sandrinemarguinot.fr\\\/#website\"},\"datePublished\":\"2025-10-25T12:24:12+00:00\",\"dateModified\":\"2026-04-17T17:47:01+00:00\",\"description\":\"Achetez ou vendez dans le M\u00e9doc avec l'\u0153il d'une architecte d'int\u00e9rieur. Sandrine Marguinot vous accompagne pour valoriser votre bien et s\u00e9curiser votre projet immobilier.Achetez ou vendez avec un regard d'architecte d'int\u00e9rieur. Accompagnement immobilier personnalis\u00e9 en M\u00e9doc, Bordeaux et littoral Atlantique. Premier \u00e9change 15 minutes.\",\"breadcrumb\":{\"@id\":\"https:\\\/\\\/sandrinemarguinot.fr\\\/index.php\\\/conseil-immobilier-medoc\\\/#breadcrumb\"},\"inLanguage\":\"fr-FR\",\"potentialAction\":[{\"@type\":\"ReadAction\",\"target\":[\"https:\\\/\\\/sandrinemarguinot.fr\\\/index.php\\\/conseil-immobilier-medoc\\\/\"]}]},{\"@type\":\"BreadcrumbList\",\"@id\":\"https:\\\/\\\/sandrinemarguinot.fr\\\/index.php\\\/conseil-immobilier-medoc\\\/#breadcrumb\",\"itemListElement\":[{\"@type\":\"ListItem\",\"position\":1,\"name\":\"Accueil\",\"item\":\"https:\\\/\\\/sandrinemarguinot.fr\\\/\"},{\"@type\":\"ListItem\",\"position\":2,\"name\":\"Accompagnement Immobilier\"}]},{\"@type\":\"WebSite\",\"@id\":\"https:\\\/\\\/sandrinemarguinot.fr\\\/#website\",\"url\":\"https:\\\/\\\/sandrinemarguinot.fr\\\/\",\"name\":\"Sandrine Marguinot\",\"description\":\"Architecture d&#039;int\u00e9rieur - Lecture et valorisation des lieux\",\"potentialAction\":[{\"@type\":\"SearchAction\",\"target\":{\"@type\":\"EntryPoint\",\"urlTemplate\":\"https:\\\/\\\/sandrinemarguinot.fr\\\/?s={search_term_string}\"},\"query-input\":{\"@type\":\"PropertyValueSpecification\",\"valueRequired\":true,\"valueName\":\"search_term_string\"}}],\"inLanguage\":\"fr-FR\"}]}<\/script>\n<!-- \/ Yoast SEO plugin. -->","yoast_head_json":{"title":"Accompagnement Immobilier - Sandrine Marguinot","description":"Achetez ou vendez dans le M\u00e9doc avec l'\u0153il d'une architecte d'int\u00e9rieur. Sandrine Marguinot vous accompagne pour valoriser votre bien et s\u00e9curiser votre projet immobilier.Achetez ou vendez avec un regard d'architecte d'int\u00e9rieur. Accompagnement immobilier personnalis\u00e9 en M\u00e9doc, Bordeaux et littoral Atlantique. Premier \u00e9change 15 minutes.","robots":{"index":"index","follow":"follow","max-snippet":"max-snippet:-1","max-image-preview":"max-image-preview:large","max-video-preview":"max-video-preview:-1"},"canonical":"https:\/\/sandrinemarguinot.fr\/index.php\/conseil-immobilier-medoc\/","og_locale":"fr_FR","og_type":"article","og_title":"Accompagnement Immobilier - Sandrine Marguinot","og_description":"Achetez ou vendez dans le M\u00e9doc avec l'\u0153il d'une architecte d'int\u00e9rieur. Sandrine Marguinot vous accompagne pour valoriser votre bien et s\u00e9curiser votre projet immobilier.Achetez ou vendez avec un regard d'architecte d'int\u00e9rieur. Accompagnement immobilier personnalis\u00e9 en M\u00e9doc, Bordeaux et littoral Atlantique. Premier \u00e9change 15 minutes.","og_url":"https:\/\/sandrinemarguinot.fr\/index.php\/conseil-immobilier-medoc\/","og_site_name":"Sandrine Marguinot","article_modified_time":"2026-04-17T17:47:01+00:00","og_image":[{"url":"https:\/\/sandrinemarguinot.fr\/wp-content\/uploads\/2026\/03\/post-2-683x1024.png","type":"","width":"","height":""}],"twitter_card":"summary_large_image","twitter_misc":{"Dur\u00e9e de lecture estim\u00e9e":"1 minute"},"schema":{"@context":"https:\/\/schema.org","@graph":[{"@type":"WebPage","@id":"https:\/\/sandrinemarguinot.fr\/index.php\/conseil-immobilier-medoc\/","url":"https:\/\/sandrinemarguinot.fr\/index.php\/conseil-immobilier-medoc\/","name":"Accompagnement Immobilier - Sandrine Marguinot","isPartOf":{"@id":"https:\/\/sandrinemarguinot.fr\/#website"},"datePublished":"2025-10-25T12:24:12+00:00","dateModified":"2026-04-17T17:47:01+00:00","description":"Achetez ou vendez dans le M\u00e9doc avec l'\u0153il d'une architecte d'int\u00e9rieur. Sandrine Marguinot vous accompagne pour valoriser votre bien et s\u00e9curiser votre projet immobilier.Achetez ou vendez avec un regard d'architecte d'int\u00e9rieur. Accompagnement immobilier personnalis\u00e9 en M\u00e9doc, Bordeaux et littoral Atlantique. Premier \u00e9change 15 minutes.","breadcrumb":{"@id":"https:\/\/sandrinemarguinot.fr\/index.php\/conseil-immobilier-medoc\/#breadcrumb"},"inLanguage":"fr-FR","potentialAction":[{"@type":"ReadAction","target":["https:\/\/sandrinemarguinot.fr\/index.php\/conseil-immobilier-medoc\/"]}]},{"@type":"BreadcrumbList","@id":"https:\/\/sandrinemarguinot.fr\/index.php\/conseil-immobilier-medoc\/#breadcrumb","itemListElement":[{"@type":"ListItem","position":1,"name":"Accueil","item":"https:\/\/sandrinemarguinot.fr\/"},{"@type":"ListItem","position":2,"name":"Accompagnement Immobilier"}]},{"@type":"WebSite","@id":"https:\/\/sandrinemarguinot.fr\/#website","url":"https:\/\/sandrinemarguinot.fr\/","name":"Sandrine Marguinot","description":"Architecture d&#039;int\u00e9rieur - Lecture et valorisation des lieux","potentialAction":[{"@type":"SearchAction","target":{"@type":"EntryPoint","urlTemplate":"https:\/\/sandrinemarguinot.fr\/?s={search_term_string}"},"query-input":{"@type":"PropertyValueSpecification","valueRequired":true,"valueName":"search_term_string"}}],"inLanguage":"fr-FR"}]}},"_links":{"self":[{"href":"https:\/\/sandrinemarguinot.fr\/index.php\/wp-json\/wp\/v2\/pages\/45","targetHints":{"allow":["GET"]}}],"collection":[{"href":"https:\/\/sandrinemarguinot.fr\/index.php\/wp-json\/wp\/v2\/pages"}],"about":[{"href":"https:\/\/sandrinemarguinot.fr\/index.php\/wp-json\/wp\/v2\/types\/page"}],"author":[{"embeddable":true,"href":"https:\/\/sandrinemarguinot.fr\/index.php\/wp-json\/wp\/v2\/users\/1"}],"replies":[{"embeddable":true,"href":"https:\/\/sandrinemarguinot.fr\/index.php\/wp-json\/wp\/v2\/comments?post=45"}],"version-history":[{"count":58,"href":"https:\/\/sandrinemarguinot.fr\/index.php\/wp-json\/wp\/v2\/pages\/45\/revisions"}],"predecessor-version":[{"id":1326,"href":"https:\/\/sandrinemarguinot.fr\/index.php\/wp-json\/wp\/v2\/pages\/45\/revisions\/1326"}],"wp:attachment":[{"href":"https:\/\/sandrinemarguinot.fr\/index.php\/wp-json\/wp\/v2\/media?parent=45"}],"curies":[{"name":"wp","href":"https:\/\/api.w.org\/{rel}","templated":true}]}}