{"id":176,"date":"2025-10-31T17:15:41","date_gmt":"2025-10-31T17:15:41","guid":{"rendered":"https:\/\/immobilieretdesign.fr\/?page_id=176"},"modified":"2026-04-17T13:08:00","modified_gmt":"2026-04-17T13:08:00","slug":"portfolio-architecte-interieur-medoc","status":"publish","type":"page","link":"https:\/\/sandrinemarguinot.fr\/index.php\/portfolio-architecte-interieur-medoc\/","title":{"rendered":"Portfolio"},"content":{"rendered":"\n<h2 class=\"wp-block-heading\">Portfolio d&rsquo;architecture int\u00e9rieur dans le M\u00e9doc, Bordeaux, littoral m\u00e9docain et ailleurs&#8230;<\/h2>\n\n\n\n<p>Chaque projet est une histoire singuli\u00e8re.<\/p>\n\n\n\n<p>Je partage ici principalement des avant-projets et \u00e9tudes de conception, t\u00e9moignant de ma mani\u00e8re d\u2019aborder l\u2019espace, la lumi\u00e8re et la mati\u00e8re.<\/p>\n\n\n\n<p>Par respect pour la confidentialit\u00e9 et l\u2019intimit\u00e9 de mes clients, les r\u00e9alisations livr\u00e9es ne sont que rarement diffus\u00e9es.<br>Ce portfolio met donc davantage en lumi\u00e8re l\u2019esprit des lieux et la d\u00e9marche cr\u00e9ative que leur repr\u00e9sentation fid\u00e8le.<\/p>\n\n\n\n<p>Chaque esquisse, chaque ambiance, chaque d\u00e9tail traduit une intention : celle de cr\u00e9er des espaces sur mesure, sensibles et porteurs de sens.<\/p>\n\n\n\n<h2 class=\"wp-block-heading\">Une petite s\u00e9lection de projets:<\/h2>\n\n\n\n<div class=\"wp-block-media-text is-stacked-on-mobile is-image-fill-element\" style=\"grid-template-columns:29% auto\"><figure class=\"wp-block-media-text__media\"><img decoding=\"async\" width=\"1024\" height=\"574\" data-src=\"http:\/\/immobilieretdesign.fr\/wp-content\/uploads\/2026\/03\/u1491521898_mobile_sleeping_capsule_for_children_minimalist_w_9278f982-d04e-4e2f-9323-46e8746872f9_2-1024x574.png\" alt=\"\" class=\"wp-image-601 size-full lazyload\" style=\"--smush-placeholder-width: 1024px; --smush-placeholder-aspect-ratio: 1024\/574;object-position:50% 20%\" data-srcset=\"https:\/\/sandrinemarguinot.fr\/wp-content\/uploads\/2026\/03\/u1491521898_mobile_sleeping_capsule_for_children_minimalist_w_9278f982-d04e-4e2f-9323-46e8746872f9_2-1024x574.png 1024w, https:\/\/sandrinemarguinot.fr\/wp-content\/uploads\/2026\/03\/u1491521898_mobile_sleeping_capsule_for_children_minimalist_w_9278f982-d04e-4e2f-9323-46e8746872f9_2-300x168.png 300w, https:\/\/sandrinemarguinot.fr\/wp-content\/uploads\/2026\/03\/u1491521898_mobile_sleeping_capsule_for_children_minimalist_w_9278f982-d04e-4e2f-9323-46e8746872f9_2-768x430.png 768w, https:\/\/sandrinemarguinot.fr\/wp-content\/uploads\/2026\/03\/u1491521898_mobile_sleeping_capsule_for_children_minimalist_w_9278f982-d04e-4e2f-9323-46e8746872f9_2.png 1456w\" data-sizes=\"(max-width: 767px) 89vw, (max-width: 1000px) 54vw, (max-width: 1071px) 543px, 580px\" src=\"data:image\/svg+xml;base64,PHN2ZyB3aWR0aD0iMSIgaGVpZ2h0PSIxIiB4bWxucz0iaHR0cDovL3d3dy53My5vcmcvMjAwMC9zdmciPjwvc3ZnPg==\" \/><\/figure><div class=\"wp-block-media-text__content\">\n<p><a href=\"https:\/\/immobilieretdesign.fr\/index.php\/capsule-chambre-enfant-modulable\/\" type=\"page\" id=\"600\"><em>Projet capsule- chambre enfant <\/em><\/a><\/p>\n<\/div><\/div>\n\n\n\n<div class=\"wp-block-media-text is-stacked-on-mobile is-image-fill-element\" style=\"grid-template-columns:29% auto\"><figure class=\"wp-block-media-text__media\"><img decoding=\"async\" width=\"683\" height=\"1024\" data-src=\"http:\/\/immobilieretdesign.fr\/wp-content\/uploads\/2026\/03\/A5CE2EC4-C255-4B14-BC12-80EEF5D99EF2-683x1024.png\" alt=\"\" class=\"wp-image-527 size-full lazyload\" style=\"--smush-placeholder-width: 683px; --smush-placeholder-aspect-ratio: 683\/1024;object-position:50% 30%\" data-srcset=\"https:\/\/sandrinemarguinot.fr\/wp-content\/uploads\/2026\/03\/A5CE2EC4-C255-4B14-BC12-80EEF5D99EF2-683x1024.png 683w, https:\/\/sandrinemarguinot.fr\/wp-content\/uploads\/2026\/03\/A5CE2EC4-C255-4B14-BC12-80EEF5D99EF2-200x300.png 200w, https:\/\/sandrinemarguinot.fr\/wp-content\/uploads\/2026\/03\/A5CE2EC4-C255-4B14-BC12-80EEF5D99EF2-768x1152.png 768w, https:\/\/sandrinemarguinot.fr\/wp-content\/uploads\/2026\/03\/A5CE2EC4-C255-4B14-BC12-80EEF5D99EF2.png 1024w\" data-sizes=\"(max-width: 683px) 100vw, 683px\" src=\"data:image\/svg+xml;base64,PHN2ZyB3aWR0aD0iMSIgaGVpZ2h0PSIxIiB4bWxucz0iaHR0cDovL3d3dy53My5vcmcvMjAwMC9zdmciPjwvc3ZnPg==\" \/><\/figure><div class=\"wp-block-media-text__content\">\n<p><a href=\"https:\/\/immobilieretdesign.fr\/index.php\/projet-ifya-centre-formation-ayurveda-limousin\/\" type=\"page\" id=\"667\"><em><\/em><\/a><em><a href=\"https:\/\/immobilieretdesign.fr\/index.php\/projet-ifya-centre-formation-ayurveda-limousin\/\">Projet Ifya \u2014 centre bien-\u00eatre, Limousin<\/a><\/em><\/p>\n<\/div><\/div>\n\n\n\n<div class=\"wp-block-media-text is-stacked-on-mobile is-image-fill-element\" style=\"grid-template-columns:29% auto\"><figure class=\"wp-block-media-text__media\"><img decoding=\"async\" width=\"1024\" height=\"928\" data-src=\"http:\/\/immobilieretdesign.fr\/wp-content\/uploads\/2026\/03\/Capture-decran-2025-06-21-a-16.59.46-1024x928.png\" alt=\"\" class=\"wp-image-568 size-full lazyload\" style=\"--smush-placeholder-width: 1024px; --smush-placeholder-aspect-ratio: 1024\/928;object-position:50% 50%\" data-srcset=\"https:\/\/sandrinemarguinot.fr\/wp-content\/uploads\/2026\/03\/Capture-decran-2025-06-21-a-16.59.46-1024x928.png 1024w, https:\/\/sandrinemarguinot.fr\/wp-content\/uploads\/2026\/03\/Capture-decran-2025-06-21-a-16.59.46-300x272.png 300w, https:\/\/sandrinemarguinot.fr\/wp-content\/uploads\/2026\/03\/Capture-decran-2025-06-21-a-16.59.46-768x696.png 768w, https:\/\/sandrinemarguinot.fr\/wp-content\/uploads\/2026\/03\/Capture-decran-2025-06-21-a-16.59.46-1536x1392.png 1536w, https:\/\/sandrinemarguinot.fr\/wp-content\/uploads\/2026\/03\/Capture-decran-2025-06-21-a-16.59.46.png 1894w\" data-sizes=\"(max-width: 767px) 89vw, (max-width: 1000px) 54vw, (max-width: 1071px) 543px, 580px\" src=\"data:image\/svg+xml;base64,PHN2ZyB3aWR0aD0iMSIgaGVpZ2h0PSIxIiB4bWxucz0iaHR0cDovL3d3dy53My5vcmcvMjAwMC9zdmciPjwvc3ZnPg==\" \/><\/figure><div class=\"wp-block-media-text__content\">\n<p><em><a href=\"https:\/\/immobilieretdesign.fr\/index.php\/librairie-sucree-concept-store-paris\/\" type=\"page\" id=\"559\">Projet Librairie Sucr\u00e9e, Paris <\/a><\/em><\/p>\n<\/div><\/div>\n\n\n\n<div class=\"wp-block-media-text is-stacked-on-mobile is-image-fill-element\" style=\"grid-template-columns:29% auto\"><figure class=\"wp-block-media-text__media\"><img decoding=\"async\" width=\"1024\" height=\"820\" data-src=\"http:\/\/immobilieretdesign.fr\/wp-content\/uploads\/2026\/03\/Capture-decran-2024-09-28-a-18.20.08-1-1024x820.png\" alt=\"\" class=\"wp-image-509 size-full lazyload\" style=\"--smush-placeholder-width: 1024px; --smush-placeholder-aspect-ratio: 1024\/820;object-position:50% 50%\" data-srcset=\"https:\/\/sandrinemarguinot.fr\/wp-content\/uploads\/2026\/03\/Capture-decran-2024-09-28-a-18.20.08-1-1024x820.png 1024w, https:\/\/sandrinemarguinot.fr\/wp-content\/uploads\/2026\/03\/Capture-decran-2024-09-28-a-18.20.08-1-300x240.png 300w, https:\/\/sandrinemarguinot.fr\/wp-content\/uploads\/2026\/03\/Capture-decran-2024-09-28-a-18.20.08-1-768x615.png 768w, https:\/\/sandrinemarguinot.fr\/wp-content\/uploads\/2026\/03\/Capture-decran-2024-09-28-a-18.20.08-1-1536x1230.png 1536w, https:\/\/sandrinemarguinot.fr\/wp-content\/uploads\/2026\/03\/Capture-decran-2024-09-28-a-18.20.08-1.png 1736w\" data-sizes=\"(max-width: 767px) 89vw, (max-width: 1000px) 54vw, (max-width: 1071px) 543px, 580px\" src=\"data:image\/svg+xml;base64,PHN2ZyB3aWR0aD0iMSIgaGVpZ2h0PSIxIiB4bWxucz0iaHR0cDovL3d3dy53My5vcmcvMjAwMC9zdmciPjwvc3ZnPg==\" \/><\/figure><div class=\"wp-block-media-text__content\">\n<p><a href=\"https:\/\/immobilieretdesign.fr\/index.php\/projet-flora-renovation-soulac-sur-mer\/\" type=\"page\" id=\"506\"><em>Projet Flora &#8211; r\u00e9novation compl\u00e8te<\/em>, Bordeaux<\/a><\/p>\n<\/div><\/div>\n\n\n\n<div class=\"wp-block-media-text is-stacked-on-mobile is-image-fill-element\" style=\"grid-template-columns:28% auto\"><figure class=\"wp-block-media-text__media\"><img decoding=\"async\" width=\"768\" height=\"1024\" data-src=\"http:\/\/immobilieretdesign.fr\/wp-content\/uploads\/2026\/03\/IMG_1382-768x1024.jpg\" alt=\"\" class=\"wp-image-523 size-full lazyload\" style=\"--smush-placeholder-width: 768px; --smush-placeholder-aspect-ratio: 768\/1024;object-position:50% 50%\" data-srcset=\"https:\/\/sandrinemarguinot.fr\/wp-content\/uploads\/2026\/03\/IMG_1382-768x1024.jpg 768w, https:\/\/sandrinemarguinot.fr\/wp-content\/uploads\/2026\/03\/IMG_1382-225x300.jpg 225w, https:\/\/sandrinemarguinot.fr\/wp-content\/uploads\/2026\/03\/IMG_1382-1152x1536.jpg 1152w, https:\/\/sandrinemarguinot.fr\/wp-content\/uploads\/2026\/03\/IMG_1382-1536x2048.jpg 1536w, https:\/\/sandrinemarguinot.fr\/wp-content\/uploads\/2026\/03\/IMG_1382-scaled.jpg 1920w\" data-sizes=\"(max-width: 767px) 89vw, (max-width: 1000px) 54vw, (max-width: 1071px) 543px, 580px\" src=\"data:image\/svg+xml;base64,PHN2ZyB3aWR0aD0iMSIgaGVpZ2h0PSIxIiB4bWxucz0iaHR0cDovL3d3dy53My5vcmcvMjAwMC9zdmciPjwvc3ZnPg==\" \/><\/figure><div class=\"wp-block-media-text__content\">\n<p><em><a href=\"https:\/\/immobilieretdesign.fr\/index.php\/projet-m-agrandissement-verdon-sur-mer\/\" type=\"page\" id=\"519\">Projet cabanon- agrandissement\/transformation &#8211; Le Verdon sur mer<\/a><\/em><\/p>\n<\/div><\/div>\n\n\n\n<div class=\"wp-block-media-text is-stacked-on-mobile is-image-fill-element\" style=\"grid-template-columns:28% auto\"><figure class=\"wp-block-media-text__media\"><img decoding=\"async\" width=\"768\" height=\"1024\" data-src=\"http:\/\/immobilieretdesign.fr\/wp-content\/uploads\/2026\/03\/IMG_4651-768x1024.jpg\" alt=\"\" class=\"wp-image-532 size-full lazyload\" style=\"--smush-placeholder-width: 768px; --smush-placeholder-aspect-ratio: 768\/1024;object-position:50% 30%\" data-srcset=\"https:\/\/sandrinemarguinot.fr\/wp-content\/uploads\/2026\/03\/IMG_4651-768x1024.jpg 768w, https:\/\/sandrinemarguinot.fr\/wp-content\/uploads\/2026\/03\/IMG_4651-225x300.jpg 225w, https:\/\/sandrinemarguinot.fr\/wp-content\/uploads\/2026\/03\/IMG_4651-1152x1536.jpg 1152w, https:\/\/sandrinemarguinot.fr\/wp-content\/uploads\/2026\/03\/IMG_4651-1536x2048.jpg 1536w, https:\/\/sandrinemarguinot.fr\/wp-content\/uploads\/2026\/03\/IMG_4651-scaled.jpg 1920w\" data-sizes=\"(max-width: 767px) 89vw, (max-width: 1000px) 54vw, (max-width: 1071px) 543px, 580px\" src=\"data:image\/svg+xml;base64,PHN2ZyB3aWR0aD0iMSIgaGVpZ2h0PSIxIiB4bWxucz0iaHR0cDovL3d3dy53My5vcmcvMjAwMC9zdmciPjwvc3ZnPg==\" \/><\/figure><div class=\"wp-block-media-text__content\">\n<p><a href=\"https:\/\/immobilieretdesign.fr\/index.php\/projet-eyes-clinique-new-eyes-paris\/\" type=\"page\" id=\"1053\">Projet Eyes \u2013 Clinique New Eyes, Paris<\/a><\/p>\n<\/div><\/div>\n\n\n\n<div class=\"wp-block-media-text is-stacked-on-mobile is-image-fill-element\" style=\"grid-template-columns:28% auto\"><figure class=\"wp-block-media-text__media\"><img decoding=\"async\" width=\"1024\" height=\"768\" data-src=\"https:\/\/immobilieretdesign.fr\/wp-content\/uploads\/2026\/04\/IMG_5569-1024x768.jpg\" alt=\"\" class=\"wp-image-1163 size-full lazyload\" style=\"--smush-placeholder-width: 1024px; --smush-placeholder-aspect-ratio: 1024\/768;object-position:50% 50%\" data-srcset=\"https:\/\/sandrinemarguinot.fr\/wp-content\/uploads\/2026\/04\/IMG_5569-1024x768.jpg 1024w, https:\/\/sandrinemarguinot.fr\/wp-content\/uploads\/2026\/04\/IMG_5569-300x225.jpg 300w, https:\/\/sandrinemarguinot.fr\/wp-content\/uploads\/2026\/04\/IMG_5569-768x576.jpg 768w, https:\/\/sandrinemarguinot.fr\/wp-content\/uploads\/2026\/04\/IMG_5569-1536x1152.jpg 1536w, https:\/\/sandrinemarguinot.fr\/wp-content\/uploads\/2026\/04\/IMG_5569-2048x1536.jpg 2048w\" data-sizes=\"(max-width: 767px) 89vw, (max-width: 1000px) 54vw, (max-width: 1071px) 543px, 580px\" src=\"data:image\/svg+xml;base64,PHN2ZyB3aWR0aD0iMSIgaGVpZ2h0PSIxIiB4bWxucz0iaHR0cDovL3d3dy53My5vcmcvMjAwMC9zdmciPjwvc3ZnPg==\" \/><\/figure><div class=\"wp-block-media-text__content\">\n<p>Projet H\u00e9l\u00e8ne- r\u00e9novation totale maison, Saint Vivien du M\u00e9doc<\/p>\n<\/div><\/div>\n\n\n\n<div class=\"wp-block-media-text is-stacked-on-mobile is-image-fill-element\" style=\"grid-template-columns:28% auto\"><figure class=\"wp-block-media-text__media\"><img decoding=\"async\" width=\"1920\" height=\"2560\" data-src=\"https:\/\/immobilieretdesign.fr\/wp-content\/uploads\/2026\/04\/IMG_5320-2-scaled.jpg\" alt=\"\" class=\"wp-image-1153 size-full lazyload\" style=\"--smush-placeholder-width: 1920px; --smush-placeholder-aspect-ratio: 1920\/2560;object-position:61% 46%\" data-srcset=\"https:\/\/sandrinemarguinot.fr\/wp-content\/uploads\/2026\/04\/IMG_5320-2-scaled.jpg 1920w, https:\/\/sandrinemarguinot.fr\/wp-content\/uploads\/2026\/04\/IMG_5320-2-225x300.jpg 225w, https:\/\/sandrinemarguinot.fr\/wp-content\/uploads\/2026\/04\/IMG_5320-2-768x1024.jpg 768w, https:\/\/sandrinemarguinot.fr\/wp-content\/uploads\/2026\/04\/IMG_5320-2-1152x1536.jpg 1152w, https:\/\/sandrinemarguinot.fr\/wp-content\/uploads\/2026\/04\/IMG_5320-2-1536x2048.jpg 1536w\" data-sizes=\"(max-width: 767px) 89vw, (max-width: 1000px) 54vw, (max-width: 1071px) 543px, 580px\" src=\"data:image\/svg+xml;base64,PHN2ZyB3aWR0aD0iMSIgaGVpZ2h0PSIxIiB4bWxucz0iaHR0cDovL3d3dy53My5vcmcvMjAwMC9zdmciPjwvc3ZnPg==\" \/><\/figure><div class=\"wp-block-media-text__content\">\n<p><a href=\"https:\/\/immobilieretdesign.fr\/index.php\/projet-notre-dame-renovation-hotel-bordeaux\/\" type=\"page\" id=\"1145\">Projet Notre dame- r\u00e9novation salles de bain h\u00f4tel, Bordeaux<\/a><\/p>\n<\/div><\/div>\n\n\n\n<p><em>Projet F <\/em>&#8211; <em>cuisine et s\u00e9jour, r\u00e9novation maison, Soulac sur mer<\/em><\/p>\n\n\n\n<p>Projet loft- r\u00e9habilitation d&rsquo;un grenier en loft sur les toits, N\u00eemes<\/p>\n","protected":false},"excerpt":{"rendered":"<p>Portfolio d&rsquo;architecture int\u00e9rieur dans le M\u00e9doc, Bordeaux, littoral m\u00e9docain et ailleurs&#8230; Chaque projet est une histoire singuli\u00e8re. Je partage ici principalement des avant-projets et \u00e9tudes de conception, t\u00e9moignant de ma mani\u00e8re d\u2019aborder l\u2019espace, la lumi\u00e8re et la mati\u00e8re. Par respect pour la confidentialit\u00e9 et l\u2019intimit\u00e9 de mes clients, les r\u00e9alisations livr\u00e9es ne sont que rarement &hellip; <\/p>\n<p class=\"link-more\"><a href=\"https:\/\/sandrinemarguinot.fr\/index.php\/portfolio-architecte-interieur-medoc\/\" class=\"more-link\">Continuer la lecture<span class=\"screen-reader-text\"> de &laquo;&nbsp;Portfolio&nbsp;&raquo;<\/span><\/a><\/p>\n","protected":false},"author":1,"featured_media":0,"parent":0,"menu_order":0,"comment_status":"closed","ping_status":"closed","template":"","meta":{"footnotes":""},"class_list":["post-176","page","type-page","status-publish","hentry"],"yoast_head":"<!-- This site is optimized with the Yoast SEO plugin v27.3 - https:\/\/yoast.com\/product\/yoast-seo-wordpress\/ -->\n<title>Portfolio - Sandrine Marguinot<\/title>\n<meta name=\"description\" content=\"D\u00e9couvrez les projets de Sandrine Marguinot, architecte d&#039;int\u00e9rieur dans le M\u00e9doc, r\u00e9novations de maisons anciennes, agrandissements, am\u00e9nagements, mobiliers sur mesure d\u00e9coration d&#039;espaces sensibles sur mesure, r\u00e9sidentiel et professionnel\" \/>\n<meta name=\"robots\" content=\"index, follow, max-snippet:-1, max-image-preview:large, max-video-preview:-1\" \/>\n<link rel=\"canonical\" href=\"https:\/\/sandrinemarguinot.fr\/index.php\/portfolio-architecte-interieur-medoc\/\" \/>\n<meta property=\"og:locale\" content=\"fr_FR\" \/>\n<meta property=\"og:type\" content=\"article\" \/>\n<meta property=\"og:title\" content=\"Portfolio - Sandrine Marguinot\" \/>\n<meta property=\"og:description\" content=\"D\u00e9couvrez les projets de Sandrine Marguinot, architecte d&#039;int\u00e9rieur dans le M\u00e9doc, r\u00e9novations de maisons anciennes, agrandissements, am\u00e9nagements, mobiliers sur mesure d\u00e9coration d&#039;espaces sensibles sur mesure, r\u00e9sidentiel et professionnel\" \/>\n<meta property=\"og:url\" content=\"https:\/\/sandrinemarguinot.fr\/index.php\/portfolio-architecte-interieur-medoc\/\" \/>\n<meta property=\"og:site_name\" content=\"Sandrine Marguinot\" \/>\n<meta property=\"article:modified_time\" content=\"2026-04-17T13:08:00+00:00\" \/>\n<meta property=\"og:image\" content=\"http:\/\/immobilieretdesign.fr\/wp-content\/uploads\/2026\/03\/u1491521898_mobile_sleeping_capsule_for_children_minimalist_w_9278f982-d04e-4e2f-9323-46e8746872f9_2-1024x574.png\" \/>\n<meta name=\"twitter:card\" content=\"summary_large_image\" \/>\n<meta name=\"twitter:label1\" content=\"Dur\u00e9e de lecture estim\u00e9e\" \/>\n\t<meta name=\"twitter:data1\" content=\"3 minutes\" \/>\n<script type=\"application\/ld+json\" class=\"yoast-schema-graph\">{\"@context\":\"https:\\\/\\\/schema.org\",\"@graph\":[{\"@type\":\"WebPage\",\"@id\":\"https:\\\/\\\/sandrinemarguinot.fr\\\/index.php\\\/portfolio-architecte-interieur-medoc\\\/\",\"url\":\"https:\\\/\\\/sandrinemarguinot.fr\\\/index.php\\\/portfolio-architecte-interieur-medoc\\\/\",\"name\":\"Portfolio - Sandrine Marguinot\",\"isPartOf\":{\"@id\":\"https:\\\/\\\/sandrinemarguinot.fr\\\/#website\"},\"primaryImageOfPage\":{\"@id\":\"https:\\\/\\\/sandrinemarguinot.fr\\\/index.php\\\/portfolio-architecte-interieur-medoc\\\/#primaryimage\"},\"image\":{\"@id\":\"https:\\\/\\\/sandrinemarguinot.fr\\\/index.php\\\/portfolio-architecte-interieur-medoc\\\/#primaryimage\"},\"thumbnailUrl\":\"http:\\\/\\\/immobilieretdesign.fr\\\/wp-content\\\/uploads\\\/2026\\\/03\\\/u1491521898_mobile_sleeping_capsule_for_children_minimalist_w_9278f982-d04e-4e2f-9323-46e8746872f9_2-1024x574.png\",\"datePublished\":\"2025-10-31T17:15:41+00:00\",\"dateModified\":\"2026-04-17T13:08:00+00:00\",\"description\":\"D\u00e9couvrez les projets de Sandrine Marguinot, architecte d'int\u00e9rieur dans le M\u00e9doc, r\u00e9novations de maisons anciennes, agrandissements, am\u00e9nagements, mobiliers sur mesure d\u00e9coration d'espaces sensibles sur mesure, r\u00e9sidentiel et professionnel\",\"breadcrumb\":{\"@id\":\"https:\\\/\\\/sandrinemarguinot.fr\\\/index.php\\\/portfolio-architecte-interieur-medoc\\\/#breadcrumb\"},\"inLanguage\":\"fr-FR\",\"potentialAction\":[{\"@type\":\"ReadAction\",\"target\":[\"https:\\\/\\\/sandrinemarguinot.fr\\\/index.php\\\/portfolio-architecte-interieur-medoc\\\/\"]}]},{\"@type\":\"ImageObject\",\"inLanguage\":\"fr-FR\",\"@id\":\"https:\\\/\\\/sandrinemarguinot.fr\\\/index.php\\\/portfolio-architecte-interieur-medoc\\\/#primaryimage\",\"url\":\"http:\\\/\\\/immobilieretdesign.fr\\\/wp-content\\\/uploads\\\/2026\\\/03\\\/u1491521898_mobile_sleeping_capsule_for_children_minimalist_w_9278f982-d04e-4e2f-9323-46e8746872f9_2-1024x574.png\",\"contentUrl\":\"http:\\\/\\\/immobilieretdesign.fr\\\/wp-content\\\/uploads\\\/2026\\\/03\\\/u1491521898_mobile_sleeping_capsule_for_children_minimalist_w_9278f982-d04e-4e2f-9323-46e8746872f9_2-1024x574.png\"},{\"@type\":\"BreadcrumbList\",\"@id\":\"https:\\\/\\\/sandrinemarguinot.fr\\\/index.php\\\/portfolio-architecte-interieur-medoc\\\/#breadcrumb\",\"itemListElement\":[{\"@type\":\"ListItem\",\"position\":1,\"name\":\"Accueil\",\"item\":\"https:\\\/\\\/sandrinemarguinot.fr\\\/\"},{\"@type\":\"ListItem\",\"position\":2,\"name\":\"Portfolio\"}]},{\"@type\":\"WebSite\",\"@id\":\"https:\\\/\\\/sandrinemarguinot.fr\\\/#website\",\"url\":\"https:\\\/\\\/sandrinemarguinot.fr\\\/\",\"name\":\"Sandrine Marguinot\",\"description\":\"Architecture d&#039;int\u00e9rieur - Lecture et valorisation des lieux\",\"potentialAction\":[{\"@type\":\"SearchAction\",\"target\":{\"@type\":\"EntryPoint\",\"urlTemplate\":\"https:\\\/\\\/sandrinemarguinot.fr\\\/?s={search_term_string}\"},\"query-input\":{\"@type\":\"PropertyValueSpecification\",\"valueRequired\":true,\"valueName\":\"search_term_string\"}}],\"inLanguage\":\"fr-FR\"}]}<\/script>\n<!-- \/ Yoast SEO plugin. -->","yoast_head_json":{"title":"Portfolio - Sandrine Marguinot","description":"D\u00e9couvrez les projets de Sandrine Marguinot, architecte d'int\u00e9rieur dans le M\u00e9doc, r\u00e9novations de maisons anciennes, agrandissements, am\u00e9nagements, mobiliers sur mesure d\u00e9coration d'espaces sensibles sur mesure, r\u00e9sidentiel et professionnel","robots":{"index":"index","follow":"follow","max-snippet":"max-snippet:-1","max-image-preview":"max-image-preview:large","max-video-preview":"max-video-preview:-1"},"canonical":"https:\/\/sandrinemarguinot.fr\/index.php\/portfolio-architecte-interieur-medoc\/","og_locale":"fr_FR","og_type":"article","og_title":"Portfolio - Sandrine Marguinot","og_description":"D\u00e9couvrez les projets de Sandrine Marguinot, architecte d'int\u00e9rieur dans le M\u00e9doc, r\u00e9novations de maisons anciennes, agrandissements, am\u00e9nagements, mobiliers sur mesure d\u00e9coration d'espaces sensibles sur mesure, r\u00e9sidentiel et professionnel","og_url":"https:\/\/sandrinemarguinot.fr\/index.php\/portfolio-architecte-interieur-medoc\/","og_site_name":"Sandrine Marguinot","article_modified_time":"2026-04-17T13:08:00+00:00","og_image":[{"url":"http:\/\/immobilieretdesign.fr\/wp-content\/uploads\/2026\/03\/u1491521898_mobile_sleeping_capsule_for_children_minimalist_w_9278f982-d04e-4e2f-9323-46e8746872f9_2-1024x574.png","type":"","width":"","height":""}],"twitter_card":"summary_large_image","twitter_misc":{"Dur\u00e9e de lecture estim\u00e9e":"3 minutes"},"schema":{"@context":"https:\/\/schema.org","@graph":[{"@type":"WebPage","@id":"https:\/\/sandrinemarguinot.fr\/index.php\/portfolio-architecte-interieur-medoc\/","url":"https:\/\/sandrinemarguinot.fr\/index.php\/portfolio-architecte-interieur-medoc\/","name":"Portfolio - Sandrine Marguinot","isPartOf":{"@id":"https:\/\/sandrinemarguinot.fr\/#website"},"primaryImageOfPage":{"@id":"https:\/\/sandrinemarguinot.fr\/index.php\/portfolio-architecte-interieur-medoc\/#primaryimage"},"image":{"@id":"https:\/\/sandrinemarguinot.fr\/index.php\/portfolio-architecte-interieur-medoc\/#primaryimage"},"thumbnailUrl":"http:\/\/immobilieretdesign.fr\/wp-content\/uploads\/2026\/03\/u1491521898_mobile_sleeping_capsule_for_children_minimalist_w_9278f982-d04e-4e2f-9323-46e8746872f9_2-1024x574.png","datePublished":"2025-10-31T17:15:41+00:00","dateModified":"2026-04-17T13:08:00+00:00","description":"D\u00e9couvrez les projets de Sandrine Marguinot, architecte d'int\u00e9rieur dans le M\u00e9doc, r\u00e9novations de maisons anciennes, agrandissements, am\u00e9nagements, mobiliers sur mesure d\u00e9coration d'espaces sensibles sur mesure, r\u00e9sidentiel et professionnel","breadcrumb":{"@id":"https:\/\/sandrinemarguinot.fr\/index.php\/portfolio-architecte-interieur-medoc\/#breadcrumb"},"inLanguage":"fr-FR","potentialAction":[{"@type":"ReadAction","target":["https:\/\/sandrinemarguinot.fr\/index.php\/portfolio-architecte-interieur-medoc\/"]}]},{"@type":"ImageObject","inLanguage":"fr-FR","@id":"https:\/\/sandrinemarguinot.fr\/index.php\/portfolio-architecte-interieur-medoc\/#primaryimage","url":"http:\/\/immobilieretdesign.fr\/wp-content\/uploads\/2026\/03\/u1491521898_mobile_sleeping_capsule_for_children_minimalist_w_9278f982-d04e-4e2f-9323-46e8746872f9_2-1024x574.png","contentUrl":"http:\/\/immobilieretdesign.fr\/wp-content\/uploads\/2026\/03\/u1491521898_mobile_sleeping_capsule_for_children_minimalist_w_9278f982-d04e-4e2f-9323-46e8746872f9_2-1024x574.png"},{"@type":"BreadcrumbList","@id":"https:\/\/sandrinemarguinot.fr\/index.php\/portfolio-architecte-interieur-medoc\/#breadcrumb","itemListElement":[{"@type":"ListItem","position":1,"name":"Accueil","item":"https:\/\/sandrinemarguinot.fr\/"},{"@type":"ListItem","position":2,"name":"Portfolio"}]},{"@type":"WebSite","@id":"https:\/\/sandrinemarguinot.fr\/#website","url":"https:\/\/sandrinemarguinot.fr\/","name":"Sandrine Marguinot","description":"Architecture d&#039;int\u00e9rieur - Lecture et valorisation des lieux","potentialAction":[{"@type":"SearchAction","target":{"@type":"EntryPoint","urlTemplate":"https:\/\/sandrinemarguinot.fr\/?s={search_term_string}"},"query-input":{"@type":"PropertyValueSpecification","valueRequired":true,"valueName":"search_term_string"}}],"inLanguage":"fr-FR"}]}},"_links":{"self":[{"href":"https:\/\/sandrinemarguinot.fr\/index.php\/wp-json\/wp\/v2\/pages\/176","targetHints":{"allow":["GET"]}}],"collection":[{"href":"https:\/\/sandrinemarguinot.fr\/index.php\/wp-json\/wp\/v2\/pages"}],"about":[{"href":"https:\/\/sandrinemarguinot.fr\/index.php\/wp-json\/wp\/v2\/types\/page"}],"author":[{"embeddable":true,"href":"https:\/\/sandrinemarguinot.fr\/index.php\/wp-json\/wp\/v2\/users\/1"}],"replies":[{"embeddable":true,"href":"https:\/\/sandrinemarguinot.fr\/index.php\/wp-json\/wp\/v2\/comments?post=176"}],"version-history":[{"count":54,"href":"https:\/\/sandrinemarguinot.fr\/index.php\/wp-json\/wp\/v2\/pages\/176\/revisions"}],"predecessor-version":[{"id":1290,"href":"https:\/\/sandrinemarguinot.fr\/index.php\/wp-json\/wp\/v2\/pages\/176\/revisions\/1290"}],"wp:attachment":[{"href":"https:\/\/sandrinemarguinot.fr\/index.php\/wp-json\/wp\/v2\/media?parent=176"}],"curies":[{"name":"wp","href":"https:\/\/api.w.org\/{rel}","templated":true}]}}