{"id":1345,"date":"2026-04-18T12:31:39","date_gmt":"2026-04-18T12:31:39","guid":{"rendered":"https:\/\/sandrinemarguinot.fr\/?page_id=1345"},"modified":"2026-04-18T12:49:03","modified_gmt":"2026-04-18T12:49:03","slug":"architecte-interieur-appartements-bordeaux","status":"publish","type":"page","link":"https:\/\/sandrinemarguinot.fr\/index.php\/architecte-interieur-appartements-bordeaux\/","title":{"rendered":"Architecte int\u00e9rieur  \u00e0 Bordeaux"},"content":{"rendered":"\n<p>Bordeaux concentre un patrimoine r\u00e9sidentiel exceptionnel. Appartements haussmanniens, immeubles en pierre de taille, lofts dans d&rsquo;anciennes usines, maisons de ville dans les quartiers historiques : ce sont des lieux qui ont d\u00e9j\u00e0 une \u00e2me, et qui demandent qu&rsquo;on la respecte avant de les transformer.<\/p>\n\n\n\n<p>J&rsquo;interviens \u00e0 Bordeaux et dans la Gironde pour accompagner des projets de r\u00e9novation r\u00e9sidentielle dans des biens de caract\u00e8re. Mon approche commence toujours par une lecture du lieu : comprendre ce qu&rsquo;il est, ce qu&rsquo;il peut devenir, ce qu&rsquo;il ne faut pas effacer.<\/p>\n\n\n\n<h2 class=\"wp-block-heading\">R\u00e9nover un appartement ancien<\/h2>\n\n\n\n<p>Hauteur sous plafond, moulures, parquet d&rsquo;\u00e9poque, distribution d&rsquo;origine : un appartement ancien \u00e0 Bordeaux a des atouts qu&rsquo;une r\u00e9novation maladroite peut effacer en quelques semaines. Mon travail est de moderniser les usages tout en pr\u00e9servant ce qui fait la valeur et le caract\u00e8re du lieu.<\/p>\n\n\n\n<h2 class=\"wp-block-heading\">Repenser une maison de ville<\/h2>\n\n\n\n<p>Circulation, lumi\u00e8re, espaces de vie : une maison de ville bordelaise a souvent des volumes \u00e0 r\u00e9interpr\u00e9ter. Je vous accompagne pour en r\u00e9v\u00e9ler le potentiel, pi\u00e8ce par pi\u00e8ce, en coh\u00e9rence avec votre fa\u00e7on d&rsquo;habiter.<\/p>\n\n\n\n<h2 class=\"wp-block-heading\">Valoriser avant de vendre<\/h2>\n\n\n\n<p>Un bien de caract\u00e8re bien pr\u00e9sent\u00e9 se vend mieux et plus vite. J&rsquo;interviens aussi en amont d&rsquo;une mise en vente pour pr\u00e9parer le lieu, cibler les interventions utiles et maximiser la valeur per\u00e7ue.<\/p>\n\n\n\n<h2 class=\"wp-block-heading\">Intervenir ensemble<\/h2>\n\n\n\n<p>Que vous soyez en phase de r\u00e9flexion ou pr\u00eat \u00e0 d\u00e9marrer, je vous propose un premier regard sur votre espace. <\/p>\n\n\n\n<p>Appelez-moi au <a href=\"tel:0767852257\" type=\"tel\" id=\"tel:0767852257\">07 67 85 22 57<\/a> ou <a href=\"https:\/\/sandrinemarguinot.fr\/index.php\/contact\/\" type=\"page\" id=\"11\">prenons rendez-vous.<\/a><\/p>\n","protected":false},"excerpt":{"rendered":"<p>Bordeaux concentre un patrimoine r\u00e9sidentiel exceptionnel. Appartements haussmanniens, immeubles en pierre de taille, lofts dans d&rsquo;anciennes usines, maisons de ville dans les quartiers historiques : ce sont des lieux qui ont d\u00e9j\u00e0 une \u00e2me, et qui demandent qu&rsquo;on la respecte avant de les transformer. J&rsquo;interviens \u00e0 Bordeaux et dans la Gironde pour accompagner des projets &hellip; <\/p>\n<p class=\"link-more\"><a href=\"https:\/\/sandrinemarguinot.fr\/index.php\/architecte-interieur-appartements-bordeaux\/\" class=\"more-link\">Continuer la lecture<span class=\"screen-reader-text\"> de &laquo;&nbsp;Architecte int\u00e9rieur  \u00e0 Bordeaux&nbsp;&raquo;<\/span><\/a><\/p>\n","protected":false},"author":1,"featured_media":0,"parent":0,"menu_order":0,"comment_status":"closed","ping_status":"closed","template":"","meta":{"footnotes":""},"class_list":["post-1345","page","type-page","status-publish","hentry"],"yoast_head":"<!-- This site is optimized with the Yoast SEO plugin v27.3 - https:\/\/yoast.com\/product\/yoast-seo-wordpress\/ -->\n<title>Architecte int\u00e9rieur \u00e0 Bordeaux - Sandrine Marguinot<\/title>\n<meta name=\"description\" content=\"Architecte d&#039;int\u00e9rieur \u00e0 Bordeaux pour la r\u00e9novation d&#039;appartements anciens et maisons de caract\u00e8re. Je lis et r\u00e9v\u00e8le le potentiel de vos lieux, dans le respect de ce qu&#039;ils sont.\" \/>\n<meta name=\"robots\" content=\"index, follow, max-snippet:-1, max-image-preview:large, max-video-preview:-1\" \/>\n<link rel=\"canonical\" href=\"https:\/\/sandrinemarguinot.fr\/index.php\/architecte-interieur-appartements-bordeaux\/\" \/>\n<meta property=\"og:locale\" content=\"fr_FR\" \/>\n<meta property=\"og:type\" content=\"article\" \/>\n<meta property=\"og:title\" content=\"Architecte int\u00e9rieur \u00e0 Bordeaux - Sandrine Marguinot\" \/>\n<meta property=\"og:description\" content=\"Architecte d&#039;int\u00e9rieur \u00e0 Bordeaux pour la r\u00e9novation d&#039;appartements anciens et maisons de caract\u00e8re. Je lis et r\u00e9v\u00e8le le potentiel de vos lieux, dans le respect de ce qu&#039;ils sont.\" \/>\n<meta property=\"og:url\" content=\"https:\/\/sandrinemarguinot.fr\/index.php\/architecte-interieur-appartements-bordeaux\/\" \/>\n<meta property=\"og:site_name\" content=\"Sandrine Marguinot\" \/>\n<meta property=\"article:modified_time\" content=\"2026-04-18T12:49:03+00:00\" \/>\n<meta name=\"twitter:card\" content=\"summary_large_image\" \/>\n<meta name=\"twitter:label1\" content=\"Dur\u00e9e de lecture estim\u00e9e\" \/>\n\t<meta name=\"twitter:data1\" content=\"2 minutes\" \/>\n<script type=\"application\/ld+json\" class=\"yoast-schema-graph\">{\"@context\":\"https:\\\/\\\/schema.org\",\"@graph\":[{\"@type\":\"WebPage\",\"@id\":\"https:\\\/\\\/sandrinemarguinot.fr\\\/index.php\\\/architecte-interieur-appartements-bordeaux\\\/\",\"url\":\"https:\\\/\\\/sandrinemarguinot.fr\\\/index.php\\\/architecte-interieur-appartements-bordeaux\\\/\",\"name\":\"Architecte int\u00e9rieur \u00e0 Bordeaux - Sandrine Marguinot\",\"isPartOf\":{\"@id\":\"https:\\\/\\\/sandrinemarguinot.fr\\\/#website\"},\"datePublished\":\"2026-04-18T12:31:39+00:00\",\"dateModified\":\"2026-04-18T12:49:03+00:00\",\"description\":\"Architecte d'int\u00e9rieur \u00e0 Bordeaux pour la r\u00e9novation d'appartements anciens et maisons de caract\u00e8re. Je lis et r\u00e9v\u00e8le le potentiel de vos lieux, dans le respect de ce qu'ils sont.\",\"breadcrumb\":{\"@id\":\"https:\\\/\\\/sandrinemarguinot.fr\\\/index.php\\\/architecte-interieur-appartements-bordeaux\\\/#breadcrumb\"},\"inLanguage\":\"fr-FR\",\"potentialAction\":[{\"@type\":\"ReadAction\",\"target\":[\"https:\\\/\\\/sandrinemarguinot.fr\\\/index.php\\\/architecte-interieur-appartements-bordeaux\\\/\"]}]},{\"@type\":\"BreadcrumbList\",\"@id\":\"https:\\\/\\\/sandrinemarguinot.fr\\\/index.php\\\/architecte-interieur-appartements-bordeaux\\\/#breadcrumb\",\"itemListElement\":[{\"@type\":\"ListItem\",\"position\":1,\"name\":\"Accueil\",\"item\":\"https:\\\/\\\/sandrinemarguinot.fr\\\/\"},{\"@type\":\"ListItem\",\"position\":2,\"name\":\"Architecte int\u00e9rieur \u00e0 Bordeaux\"}]},{\"@type\":\"WebSite\",\"@id\":\"https:\\\/\\\/sandrinemarguinot.fr\\\/#website\",\"url\":\"https:\\\/\\\/sandrinemarguinot.fr\\\/\",\"name\":\"Sandrine Marguinot\",\"description\":\"Architecture d&#039;int\u00e9rieur - Lecture et valorisation des lieux\",\"potentialAction\":[{\"@type\":\"SearchAction\",\"target\":{\"@type\":\"EntryPoint\",\"urlTemplate\":\"https:\\\/\\\/sandrinemarguinot.fr\\\/?s={search_term_string}\"},\"query-input\":{\"@type\":\"PropertyValueSpecification\",\"valueRequired\":true,\"valueName\":\"search_term_string\"}}],\"inLanguage\":\"fr-FR\"}]}<\/script>\n<!-- \/ Yoast SEO plugin. -->","yoast_head_json":{"title":"Architecte int\u00e9rieur \u00e0 Bordeaux - Sandrine Marguinot","description":"Architecte d'int\u00e9rieur \u00e0 Bordeaux pour la r\u00e9novation d'appartements anciens et maisons de caract\u00e8re. Je lis et r\u00e9v\u00e8le le potentiel de vos lieux, dans le respect de ce qu'ils sont.","robots":{"index":"index","follow":"follow","max-snippet":"max-snippet:-1","max-image-preview":"max-image-preview:large","max-video-preview":"max-video-preview:-1"},"canonical":"https:\/\/sandrinemarguinot.fr\/index.php\/architecte-interieur-appartements-bordeaux\/","og_locale":"fr_FR","og_type":"article","og_title":"Architecte int\u00e9rieur \u00e0 Bordeaux - Sandrine Marguinot","og_description":"Architecte d'int\u00e9rieur \u00e0 Bordeaux pour la r\u00e9novation d'appartements anciens et maisons de caract\u00e8re. Je lis et r\u00e9v\u00e8le le potentiel de vos lieux, dans le respect de ce qu'ils sont.","og_url":"https:\/\/sandrinemarguinot.fr\/index.php\/architecte-interieur-appartements-bordeaux\/","og_site_name":"Sandrine Marguinot","article_modified_time":"2026-04-18T12:49:03+00:00","twitter_card":"summary_large_image","twitter_misc":{"Dur\u00e9e de lecture estim\u00e9e":"2 minutes"},"schema":{"@context":"https:\/\/schema.org","@graph":[{"@type":"WebPage","@id":"https:\/\/sandrinemarguinot.fr\/index.php\/architecte-interieur-appartements-bordeaux\/","url":"https:\/\/sandrinemarguinot.fr\/index.php\/architecte-interieur-appartements-bordeaux\/","name":"Architecte int\u00e9rieur \u00e0 Bordeaux - Sandrine Marguinot","isPartOf":{"@id":"https:\/\/sandrinemarguinot.fr\/#website"},"datePublished":"2026-04-18T12:31:39+00:00","dateModified":"2026-04-18T12:49:03+00:00","description":"Architecte d'int\u00e9rieur \u00e0 Bordeaux pour la r\u00e9novation d'appartements anciens et maisons de caract\u00e8re. Je lis et r\u00e9v\u00e8le le potentiel de vos lieux, dans le respect de ce qu'ils sont.","breadcrumb":{"@id":"https:\/\/sandrinemarguinot.fr\/index.php\/architecte-interieur-appartements-bordeaux\/#breadcrumb"},"inLanguage":"fr-FR","potentialAction":[{"@type":"ReadAction","target":["https:\/\/sandrinemarguinot.fr\/index.php\/architecte-interieur-appartements-bordeaux\/"]}]},{"@type":"BreadcrumbList","@id":"https:\/\/sandrinemarguinot.fr\/index.php\/architecte-interieur-appartements-bordeaux\/#breadcrumb","itemListElement":[{"@type":"ListItem","position":1,"name":"Accueil","item":"https:\/\/sandrinemarguinot.fr\/"},{"@type":"ListItem","position":2,"name":"Architecte int\u00e9rieur \u00e0 Bordeaux"}]},{"@type":"WebSite","@id":"https:\/\/sandrinemarguinot.fr\/#website","url":"https:\/\/sandrinemarguinot.fr\/","name":"Sandrine Marguinot","description":"Architecture d&#039;int\u00e9rieur - Lecture et valorisation des lieux","potentialAction":[{"@type":"SearchAction","target":{"@type":"EntryPoint","urlTemplate":"https:\/\/sandrinemarguinot.fr\/?s={search_term_string}"},"query-input":{"@type":"PropertyValueSpecification","valueRequired":true,"valueName":"search_term_string"}}],"inLanguage":"fr-FR"}]}},"_links":{"self":[{"href":"https:\/\/sandrinemarguinot.fr\/index.php\/wp-json\/wp\/v2\/pages\/1345","targetHints":{"allow":["GET"]}}],"collection":[{"href":"https:\/\/sandrinemarguinot.fr\/index.php\/wp-json\/wp\/v2\/pages"}],"about":[{"href":"https:\/\/sandrinemarguinot.fr\/index.php\/wp-json\/wp\/v2\/types\/page"}],"author":[{"embeddable":true,"href":"https:\/\/sandrinemarguinot.fr\/index.php\/wp-json\/wp\/v2\/users\/1"}],"replies":[{"embeddable":true,"href":"https:\/\/sandrinemarguinot.fr\/index.php\/wp-json\/wp\/v2\/comments?post=1345"}],"version-history":[{"count":2,"href":"https:\/\/sandrinemarguinot.fr\/index.php\/wp-json\/wp\/v2\/pages\/1345\/revisions"}],"predecessor-version":[{"id":1352,"href":"https:\/\/sandrinemarguinot.fr\/index.php\/wp-json\/wp\/v2\/pages\/1345\/revisions\/1352"}],"wp:attachment":[{"href":"https:\/\/sandrinemarguinot.fr\/index.php\/wp-json\/wp\/v2\/media?parent=1345"}],"curies":[{"name":"wp","href":"https:\/\/api.w.org\/{rel}","templated":true}]}}