{"id":1336,"date":"2026-04-18T12:31:51","date_gmt":"2026-04-18T12:31:51","guid":{"rendered":"https:\/\/sandrinemarguinot.fr\/?page_id=1336"},"modified":"2026-04-18T12:52:39","modified_gmt":"2026-04-18T12:52:39","slug":"architecte-interieur-montalivet-hourtin-lacanau","status":"publish","type":"page","link":"https:\/\/sandrinemarguinot.fr\/index.php\/architecte-interieur-montalivet-hourtin-lacanau\/","title":{"rendered":"Architecte int\u00e9rieur \u00e0 Montalivet, Hourtin et Lacanau"},"content":{"rendered":"\n<p>Entre Vendays-Montalivet et Lacanau, le littoral du M\u00e9doc prend un autre visage. Moins de b\u00e2ti ancien, plus de maisons de vacances, de r\u00e9sidences saisonni\u00e8res, de biens acquis il y a vingt ans et qui n&rsquo;ont jamais vraiment \u00e9t\u00e9 repens\u00e9s. Des lieux qu&rsquo;on aime, qu&rsquo;on utilise peu, qu&rsquo;on loue parfois, et qu&rsquo;on ne sait pas toujours comment faire \u00e9voluer.<\/p>\n\n\n\n<p>C&rsquo;est exactement l\u00e0 qu&rsquo;un regard ext\u00e9rieur change tout.<\/p>\n\n\n\n<h2 class=\"wp-block-heading\">Valoriser une maison de vacances<\/h2>\n\n\n\n<p>Une maison de vacances bien pens\u00e9e se loue mieux, se vend mieux, et s&rsquo;habite mieux. Un agencement repris, des mati\u00e8res coh\u00e9rentes, une atmosph\u00e8re qui correspond \u00e0 ce que le lieu promet : ce sont des interventions cibl\u00e9es, souvent modestes, qui transforment la perception d&rsquo;un bien de fa\u00e7on significative.<\/p>\n\n\n\n<h2 class=\"wp-block-heading\">Accompagner un projet d&rsquo;achat ou de vente<\/h2>\n\n\n\n<p>J&rsquo;interviens aussi en amont, pour aider un acheteur \u00e0 lire le potentiel d&rsquo;un bien avant de s&rsquo;engager, ou un vendeur \u00e0 pr\u00e9parer sa maison pour qu&rsquo;elle trouve preneur au bon prix. Sur ce littoral o\u00f9 le march\u00e9 est actif et saisonnier, ce regard fait la diff\u00e9rence.<\/p>\n\n\n\n<h2 class=\"wp-block-heading\">De Montalivet \u00e0 Lacanau<\/h2>\n\n\n\n<p>Que votre bien soit \u00e0 Vendays-Montalivet, Hourtin, Hourtin-Plage ou Lacanau-Oc\u00e9an, j&rsquo;adapte mon intervention \u00e0 ce que vous portez comme projet et \u00e0 ce que la maison demande.<\/p>\n\n\n\n<h2 class=\"wp-block-heading\">Intervenir ensemble<\/h2>\n\n\n\n<p>Que vous soyez en phase de r\u00e9flexion ou pr\u00eat \u00e0 d\u00e9marrer, je vous propose un premier regard sur votre espace. <\/p>\n\n\n\n<p>Appelez-moi au <a href=\"tel:0767852257\" type=\"tel\" id=\"tel:0767852257\">07 67 85 22 57<\/a> ou <a href=\"https:\/\/sandrinemarguinot.fr\/index.php\/contact\/\" type=\"page\" id=\"11\">prenons rendez-vous.<\/a><\/p>\n","protected":false},"excerpt":{"rendered":"<p>Entre Vendays-Montalivet et Lacanau, le littoral du M\u00e9doc prend un autre visage. Moins de b\u00e2ti ancien, plus de maisons de vacances, de r\u00e9sidences saisonni\u00e8res, de biens acquis il y a vingt ans et qui n&rsquo;ont jamais vraiment \u00e9t\u00e9 repens\u00e9s. Des lieux qu&rsquo;on aime, qu&rsquo;on utilise peu, qu&rsquo;on loue parfois, et qu&rsquo;on ne sait pas toujours &hellip; <\/p>\n<p class=\"link-more\"><a href=\"https:\/\/sandrinemarguinot.fr\/index.php\/architecte-interieur-montalivet-hourtin-lacanau\/\" class=\"more-link\">Continuer la lecture<span class=\"screen-reader-text\"> de &laquo;&nbsp;Architecte int\u00e9rieur \u00e0 Montalivet, Hourtin et Lacanau&nbsp;&raquo;<\/span><\/a><\/p>\n","protected":false},"author":1,"featured_media":0,"parent":0,"menu_order":0,"comment_status":"closed","ping_status":"closed","template":"","meta":{"footnotes":""},"class_list":["post-1336","page","type-page","status-publish","hentry"],"yoast_head":"<!-- This site is optimized with the Yoast SEO plugin v27.3 - https:\/\/yoast.com\/product\/yoast-seo-wordpress\/ -->\n<title>Architecte int\u00e9rieur \u00e0 Montalivet, Hourtin et Lacanau - Sandrine Marguinot<\/title>\n<meta name=\"description\" content=\"Architecte d&#039;int\u00e9rieur et conseill\u00e8re en valorisation immobili\u00e8re \u00e0 Montalivet, Hourtin et Lacanau. Je vous aide \u00e0 valoriser, r\u00e9nover ou repenser votre maison de vacances sur le littoral du M\u00e9doc.\" \/>\n<meta name=\"robots\" content=\"index, follow, max-snippet:-1, max-image-preview:large, max-video-preview:-1\" \/>\n<link rel=\"canonical\" href=\"https:\/\/sandrinemarguinot.fr\/index.php\/architecte-interieur-montalivet-hourtin-lacanau\/\" \/>\n<meta property=\"og:locale\" content=\"fr_FR\" \/>\n<meta property=\"og:type\" content=\"article\" \/>\n<meta property=\"og:title\" content=\"Architecte int\u00e9rieur \u00e0 Montalivet, Hourtin et Lacanau - Sandrine Marguinot\" \/>\n<meta property=\"og:description\" content=\"Architecte d&#039;int\u00e9rieur et conseill\u00e8re en valorisation immobili\u00e8re \u00e0 Montalivet, Hourtin et Lacanau. Je vous aide \u00e0 valoriser, r\u00e9nover ou repenser votre maison de vacances sur le littoral du M\u00e9doc.\" \/>\n<meta property=\"og:url\" content=\"https:\/\/sandrinemarguinot.fr\/index.php\/architecte-interieur-montalivet-hourtin-lacanau\/\" \/>\n<meta property=\"og:site_name\" content=\"Sandrine Marguinot\" \/>\n<meta property=\"article:modified_time\" content=\"2026-04-18T12:52:39+00:00\" \/>\n<meta name=\"twitter:card\" content=\"summary_large_image\" \/>\n<meta name=\"twitter:label1\" content=\"Dur\u00e9e de lecture estim\u00e9e\" \/>\n\t<meta name=\"twitter:data1\" content=\"2 minutes\" \/>\n<script type=\"application\/ld+json\" class=\"yoast-schema-graph\">{\"@context\":\"https:\\\/\\\/schema.org\",\"@graph\":[{\"@type\":\"WebPage\",\"@id\":\"https:\\\/\\\/sandrinemarguinot.fr\\\/index.php\\\/architecte-interieur-montalivet-hourtin-lacanau\\\/\",\"url\":\"https:\\\/\\\/sandrinemarguinot.fr\\\/index.php\\\/architecte-interieur-montalivet-hourtin-lacanau\\\/\",\"name\":\"Architecte int\u00e9rieur \u00e0 Montalivet, Hourtin et Lacanau - Sandrine Marguinot\",\"isPartOf\":{\"@id\":\"https:\\\/\\\/sandrinemarguinot.fr\\\/#website\"},\"datePublished\":\"2026-04-18T12:31:51+00:00\",\"dateModified\":\"2026-04-18T12:52:39+00:00\",\"description\":\"Architecte d'int\u00e9rieur et conseill\u00e8re en valorisation immobili\u00e8re \u00e0 Montalivet, Hourtin et Lacanau. Je vous aide \u00e0 valoriser, r\u00e9nover ou repenser votre maison de vacances sur le littoral du M\u00e9doc.\",\"breadcrumb\":{\"@id\":\"https:\\\/\\\/sandrinemarguinot.fr\\\/index.php\\\/architecte-interieur-montalivet-hourtin-lacanau\\\/#breadcrumb\"},\"inLanguage\":\"fr-FR\",\"potentialAction\":[{\"@type\":\"ReadAction\",\"target\":[\"https:\\\/\\\/sandrinemarguinot.fr\\\/index.php\\\/architecte-interieur-montalivet-hourtin-lacanau\\\/\"]}]},{\"@type\":\"BreadcrumbList\",\"@id\":\"https:\\\/\\\/sandrinemarguinot.fr\\\/index.php\\\/architecte-interieur-montalivet-hourtin-lacanau\\\/#breadcrumb\",\"itemListElement\":[{\"@type\":\"ListItem\",\"position\":1,\"name\":\"Accueil\",\"item\":\"https:\\\/\\\/sandrinemarguinot.fr\\\/\"},{\"@type\":\"ListItem\",\"position\":2,\"name\":\"Architecte int\u00e9rieur \u00e0 Montalivet, Hourtin et Lacanau\"}]},{\"@type\":\"WebSite\",\"@id\":\"https:\\\/\\\/sandrinemarguinot.fr\\\/#website\",\"url\":\"https:\\\/\\\/sandrinemarguinot.fr\\\/\",\"name\":\"Sandrine Marguinot\",\"description\":\"Architecture d&#039;int\u00e9rieur - Lecture et valorisation des lieux\",\"potentialAction\":[{\"@type\":\"SearchAction\",\"target\":{\"@type\":\"EntryPoint\",\"urlTemplate\":\"https:\\\/\\\/sandrinemarguinot.fr\\\/?s={search_term_string}\"},\"query-input\":{\"@type\":\"PropertyValueSpecification\",\"valueRequired\":true,\"valueName\":\"search_term_string\"}}],\"inLanguage\":\"fr-FR\"}]}<\/script>\n<!-- \/ Yoast SEO plugin. -->","yoast_head_json":{"title":"Architecte int\u00e9rieur \u00e0 Montalivet, Hourtin et Lacanau - Sandrine Marguinot","description":"Architecte d'int\u00e9rieur et conseill\u00e8re en valorisation immobili\u00e8re \u00e0 Montalivet, Hourtin et Lacanau. Je vous aide \u00e0 valoriser, r\u00e9nover ou repenser votre maison de vacances sur le littoral du M\u00e9doc.","robots":{"index":"index","follow":"follow","max-snippet":"max-snippet:-1","max-image-preview":"max-image-preview:large","max-video-preview":"max-video-preview:-1"},"canonical":"https:\/\/sandrinemarguinot.fr\/index.php\/architecte-interieur-montalivet-hourtin-lacanau\/","og_locale":"fr_FR","og_type":"article","og_title":"Architecte int\u00e9rieur \u00e0 Montalivet, Hourtin et Lacanau - Sandrine Marguinot","og_description":"Architecte d'int\u00e9rieur et conseill\u00e8re en valorisation immobili\u00e8re \u00e0 Montalivet, Hourtin et Lacanau. Je vous aide \u00e0 valoriser, r\u00e9nover ou repenser votre maison de vacances sur le littoral du M\u00e9doc.","og_url":"https:\/\/sandrinemarguinot.fr\/index.php\/architecte-interieur-montalivet-hourtin-lacanau\/","og_site_name":"Sandrine Marguinot","article_modified_time":"2026-04-18T12:52:39+00:00","twitter_card":"summary_large_image","twitter_misc":{"Dur\u00e9e de lecture estim\u00e9e":"2 minutes"},"schema":{"@context":"https:\/\/schema.org","@graph":[{"@type":"WebPage","@id":"https:\/\/sandrinemarguinot.fr\/index.php\/architecte-interieur-montalivet-hourtin-lacanau\/","url":"https:\/\/sandrinemarguinot.fr\/index.php\/architecte-interieur-montalivet-hourtin-lacanau\/","name":"Architecte int\u00e9rieur \u00e0 Montalivet, Hourtin et Lacanau - Sandrine Marguinot","isPartOf":{"@id":"https:\/\/sandrinemarguinot.fr\/#website"},"datePublished":"2026-04-18T12:31:51+00:00","dateModified":"2026-04-18T12:52:39+00:00","description":"Architecte d'int\u00e9rieur et conseill\u00e8re en valorisation immobili\u00e8re \u00e0 Montalivet, Hourtin et Lacanau. Je vous aide \u00e0 valoriser, r\u00e9nover ou repenser votre maison de vacances sur le littoral du M\u00e9doc.","breadcrumb":{"@id":"https:\/\/sandrinemarguinot.fr\/index.php\/architecte-interieur-montalivet-hourtin-lacanau\/#breadcrumb"},"inLanguage":"fr-FR","potentialAction":[{"@type":"ReadAction","target":["https:\/\/sandrinemarguinot.fr\/index.php\/architecte-interieur-montalivet-hourtin-lacanau\/"]}]},{"@type":"BreadcrumbList","@id":"https:\/\/sandrinemarguinot.fr\/index.php\/architecte-interieur-montalivet-hourtin-lacanau\/#breadcrumb","itemListElement":[{"@type":"ListItem","position":1,"name":"Accueil","item":"https:\/\/sandrinemarguinot.fr\/"},{"@type":"ListItem","position":2,"name":"Architecte int\u00e9rieur \u00e0 Montalivet, Hourtin et Lacanau"}]},{"@type":"WebSite","@id":"https:\/\/sandrinemarguinot.fr\/#website","url":"https:\/\/sandrinemarguinot.fr\/","name":"Sandrine Marguinot","description":"Architecture d&#039;int\u00e9rieur - Lecture et valorisation des lieux","potentialAction":[{"@type":"SearchAction","target":{"@type":"EntryPoint","urlTemplate":"https:\/\/sandrinemarguinot.fr\/?s={search_term_string}"},"query-input":{"@type":"PropertyValueSpecification","valueRequired":true,"valueName":"search_term_string"}}],"inLanguage":"fr-FR"}]}},"_links":{"self":[{"href":"https:\/\/sandrinemarguinot.fr\/index.php\/wp-json\/wp\/v2\/pages\/1336","targetHints":{"allow":["GET"]}}],"collection":[{"href":"https:\/\/sandrinemarguinot.fr\/index.php\/wp-json\/wp\/v2\/pages"}],"about":[{"href":"https:\/\/sandrinemarguinot.fr\/index.php\/wp-json\/wp\/v2\/types\/page"}],"author":[{"embeddable":true,"href":"https:\/\/sandrinemarguinot.fr\/index.php\/wp-json\/wp\/v2\/users\/1"}],"replies":[{"embeddable":true,"href":"https:\/\/sandrinemarguinot.fr\/index.php\/wp-json\/wp\/v2\/comments?post=1336"}],"version-history":[{"count":5,"href":"https:\/\/sandrinemarguinot.fr\/index.php\/wp-json\/wp\/v2\/pages\/1336\/revisions"}],"predecessor-version":[{"id":1357,"href":"https:\/\/sandrinemarguinot.fr\/index.php\/wp-json\/wp\/v2\/pages\/1336\/revisions\/1357"}],"wp:attachment":[{"href":"https:\/\/sandrinemarguinot.fr\/index.php\/wp-json\/wp\/v2\/media?parent=1336"}],"curies":[{"name":"wp","href":"https:\/\/api.w.org\/{rel}","templated":true}]}}