{"id":1334,"date":"2026-04-18T12:32:08","date_gmt":"2026-04-18T12:32:08","guid":{"rendered":"https:\/\/sandrinemarguinot.fr\/?page_id=1334"},"modified":"2026-04-18T12:51:13","modified_gmt":"2026-04-18T12:51:13","slug":"architecte-interieur-medoc","status":"publish","type":"page","link":"https:\/\/sandrinemarguinot.fr\/index.php\/architecte-interieur-medoc\/","title":{"rendered":"Architecte int\u00e9rieur dans le M\u00e9doc"},"content":{"rendered":"\n<p>Le M\u00e9doc est un territoire double. D&rsquo;un c\u00f4t\u00e9 l&rsquo;oc\u00e9an, le littoral, les maisons de bord de mer et les villas h\u00e9rit\u00e9es de plusieurs g\u00e9n\u00e9rations. De l&rsquo;autre, l&rsquo;estuaire, les vignes, les ch\u00e2teaux et les demeures m\u00e9doquines qui portent des si\u00e8cles d&rsquo;histoire dans leurs murs.<\/p>\n\n\n\n<p>J&rsquo;interviens sur l&rsquo;ensemble de ce territoire, du Verdon-sur-Mer jusqu&rsquo;\u00e0 Margaux et Pauillac, comme architecte d&rsquo;int\u00e9rieur et conseill\u00e8re en valorisation immobili\u00e8re. Ce que j&rsquo;apporte ici, c&rsquo;est un regard ancr\u00e9 dans ce paysage particulier, une lecture sensible des lieux avant toute d\u00e9cision de transformation.<\/p>\n\n\n\n<h2 class=\"wp-block-heading\">Les maisons du littoral<\/h2>\n\n\n\n<p>Villas soulacaises, maisons de vacances, r\u00e9sidences de bord de mer : ces biens ont souvent du caract\u00e8re et des contraintes sp\u00e9cifiques. Lumi\u00e8re, humidit\u00e9, usages saisonniers, transmission familiale. Mon travail est d&rsquo;en r\u00e9v\u00e9ler le potentiel, de les rendre plus justes \u00e0 habiter ou \u00e0 transmettre.<\/p>\n\n\n\n<h2 class=\"wp-block-heading\">Les demeures et propri\u00e9t\u00e9s de l&rsquo;int\u00e9rieur<\/h2>\n\n\n\n<p>Maisons m\u00e9doquines, chartreuses, propri\u00e9t\u00e9s viticoles : ces lieux demandent un regard qui respecte leur histoire tout en les rendant habitables aujourd&rsquo;hui. R\u00e9novation int\u00e9rieure, r\u00e9organisation des espaces, valorisation avant vente ou location, je vous accompagne \u00e0 chaque \u00e9tape.<\/p>\n\n\n\n<h2 class=\"wp-block-heading\">Les ch\u00e2teaux et domaines viticoles<\/h2>\n\n\n\n<p>R\u00e9nover les espaces de vie d&rsquo;un ch\u00e2teau, repenser l&rsquo;accueil, cr\u00e9er une coh\u00e9rence entre l&rsquo;identit\u00e9 du domaine et ses int\u00e9rieurs : c&rsquo;est un travail de lecture fine, entre patrimoine et usage contemporain.<\/p>\n\n\n\n<h2 class=\"wp-block-heading\">Intervenir ensemble<\/h2>\n\n\n\n<p>Quel que soit votre projet, je commence toujours par une visite, un temps d&rsquo;observation, une lecture du lieu. C&rsquo;est de l\u00e0 que tout part.<\/p>\n\n\n\n<p>Appelez-moi au <a href=\"tel:0767852257\" type=\"tel\" id=\"tel:0767852257\">07 67 85 22 57<\/a> ou <a href=\"https:\/\/sandrinemarguinot.fr\/index.php\/contact\/\" type=\"page\" id=\"11\">prenons rendez-vous.<\/a><\/p>\n","protected":false},"excerpt":{"rendered":"<p>Le M\u00e9doc est un territoire double. D&rsquo;un c\u00f4t\u00e9 l&rsquo;oc\u00e9an, le littoral, les maisons de bord de mer et les villas h\u00e9rit\u00e9es de plusieurs g\u00e9n\u00e9rations. De l&rsquo;autre, l&rsquo;estuaire, les vignes, les ch\u00e2teaux et les demeures m\u00e9doquines qui portent des si\u00e8cles d&rsquo;histoire dans leurs murs. J&rsquo;interviens sur l&rsquo;ensemble de ce territoire, du Verdon-sur-Mer jusqu&rsquo;\u00e0 Margaux et Pauillac, &hellip; <\/p>\n<p class=\"link-more\"><a href=\"https:\/\/sandrinemarguinot.fr\/index.php\/architecte-interieur-medoc\/\" class=\"more-link\">Continuer la lecture<span class=\"screen-reader-text\"> de &laquo;&nbsp;Architecte int\u00e9rieur dans le M\u00e9doc&nbsp;&raquo;<\/span><\/a><\/p>\n","protected":false},"author":1,"featured_media":0,"parent":0,"menu_order":0,"comment_status":"closed","ping_status":"closed","template":"","meta":{"footnotes":""},"class_list":["post-1334","page","type-page","status-publish","hentry"],"yoast_head":"<!-- This site is optimized with the Yoast SEO plugin v27.3 - https:\/\/yoast.com\/product\/yoast-seo-wordpress\/ -->\n<title>Architecte int\u00e9rieur dans le M\u00e9doc - Sandrine Marguinot<\/title>\n<meta name=\"description\" content=\"Architecte d&#039;int\u00e9rieur dans le M\u00e9doc, du littoral atlantique aux ch\u00e2teaux viticoles. Je lis et r\u00e9v\u00e8le le potentiel de vos lieux, pour mieux les habiter, les r\u00e9nover ou les transmettre.\" \/>\n<meta name=\"robots\" content=\"index, follow, max-snippet:-1, max-image-preview:large, max-video-preview:-1\" \/>\n<link rel=\"canonical\" href=\"https:\/\/sandrinemarguinot.fr\/index.php\/architecte-interieur-medoc\/\" \/>\n<meta property=\"og:locale\" content=\"fr_FR\" \/>\n<meta property=\"og:type\" content=\"article\" \/>\n<meta property=\"og:title\" content=\"Architecte int\u00e9rieur dans le M\u00e9doc - Sandrine Marguinot\" \/>\n<meta property=\"og:description\" content=\"Architecte d&#039;int\u00e9rieur dans le M\u00e9doc, du littoral atlantique aux ch\u00e2teaux viticoles. Je lis et r\u00e9v\u00e8le le potentiel de vos lieux, pour mieux les habiter, les r\u00e9nover ou les transmettre.\" \/>\n<meta property=\"og:url\" content=\"https:\/\/sandrinemarguinot.fr\/index.php\/architecte-interieur-medoc\/\" \/>\n<meta property=\"og:site_name\" content=\"Sandrine Marguinot\" \/>\n<meta property=\"article:modified_time\" content=\"2026-04-18T12:51:13+00:00\" \/>\n<meta name=\"twitter:card\" content=\"summary_large_image\" \/>\n<meta name=\"twitter:label1\" content=\"Dur\u00e9e de lecture estim\u00e9e\" \/>\n\t<meta name=\"twitter:data1\" content=\"2 minutes\" \/>\n<script type=\"application\/ld+json\" class=\"yoast-schema-graph\">{\"@context\":\"https:\\\/\\\/schema.org\",\"@graph\":[{\"@type\":\"WebPage\",\"@id\":\"https:\\\/\\\/sandrinemarguinot.fr\\\/index.php\\\/architecte-interieur-medoc\\\/\",\"url\":\"https:\\\/\\\/sandrinemarguinot.fr\\\/index.php\\\/architecte-interieur-medoc\\\/\",\"name\":\"Architecte int\u00e9rieur dans le M\u00e9doc - Sandrine Marguinot\",\"isPartOf\":{\"@id\":\"https:\\\/\\\/sandrinemarguinot.fr\\\/#website\"},\"datePublished\":\"2026-04-18T12:32:08+00:00\",\"dateModified\":\"2026-04-18T12:51:13+00:00\",\"description\":\"Architecte d'int\u00e9rieur dans le M\u00e9doc, du littoral atlantique aux ch\u00e2teaux viticoles. Je lis et r\u00e9v\u00e8le le potentiel de vos lieux, pour mieux les habiter, les r\u00e9nover ou les transmettre.\",\"breadcrumb\":{\"@id\":\"https:\\\/\\\/sandrinemarguinot.fr\\\/index.php\\\/architecte-interieur-medoc\\\/#breadcrumb\"},\"inLanguage\":\"fr-FR\",\"potentialAction\":[{\"@type\":\"ReadAction\",\"target\":[\"https:\\\/\\\/sandrinemarguinot.fr\\\/index.php\\\/architecte-interieur-medoc\\\/\"]}]},{\"@type\":\"BreadcrumbList\",\"@id\":\"https:\\\/\\\/sandrinemarguinot.fr\\\/index.php\\\/architecte-interieur-medoc\\\/#breadcrumb\",\"itemListElement\":[{\"@type\":\"ListItem\",\"position\":1,\"name\":\"Accueil\",\"item\":\"https:\\\/\\\/sandrinemarguinot.fr\\\/\"},{\"@type\":\"ListItem\",\"position\":2,\"name\":\"Architecte int\u00e9rieur dans le M\u00e9doc\"}]},{\"@type\":\"WebSite\",\"@id\":\"https:\\\/\\\/sandrinemarguinot.fr\\\/#website\",\"url\":\"https:\\\/\\\/sandrinemarguinot.fr\\\/\",\"name\":\"Sandrine Marguinot\",\"description\":\"Architecture d&#039;int\u00e9rieur - Lecture et valorisation des lieux\",\"potentialAction\":[{\"@type\":\"SearchAction\",\"target\":{\"@type\":\"EntryPoint\",\"urlTemplate\":\"https:\\\/\\\/sandrinemarguinot.fr\\\/?s={search_term_string}\"},\"query-input\":{\"@type\":\"PropertyValueSpecification\",\"valueRequired\":true,\"valueName\":\"search_term_string\"}}],\"inLanguage\":\"fr-FR\"}]}<\/script>\n<!-- \/ Yoast SEO plugin. -->","yoast_head_json":{"title":"Architecte int\u00e9rieur dans le M\u00e9doc - Sandrine Marguinot","description":"Architecte d'int\u00e9rieur dans le M\u00e9doc, du littoral atlantique aux ch\u00e2teaux viticoles. Je lis et r\u00e9v\u00e8le le potentiel de vos lieux, pour mieux les habiter, les r\u00e9nover ou les transmettre.","robots":{"index":"index","follow":"follow","max-snippet":"max-snippet:-1","max-image-preview":"max-image-preview:large","max-video-preview":"max-video-preview:-1"},"canonical":"https:\/\/sandrinemarguinot.fr\/index.php\/architecte-interieur-medoc\/","og_locale":"fr_FR","og_type":"article","og_title":"Architecte int\u00e9rieur dans le M\u00e9doc - Sandrine Marguinot","og_description":"Architecte d'int\u00e9rieur dans le M\u00e9doc, du littoral atlantique aux ch\u00e2teaux viticoles. Je lis et r\u00e9v\u00e8le le potentiel de vos lieux, pour mieux les habiter, les r\u00e9nover ou les transmettre.","og_url":"https:\/\/sandrinemarguinot.fr\/index.php\/architecte-interieur-medoc\/","og_site_name":"Sandrine Marguinot","article_modified_time":"2026-04-18T12:51:13+00:00","twitter_card":"summary_large_image","twitter_misc":{"Dur\u00e9e de lecture estim\u00e9e":"2 minutes"},"schema":{"@context":"https:\/\/schema.org","@graph":[{"@type":"WebPage","@id":"https:\/\/sandrinemarguinot.fr\/index.php\/architecte-interieur-medoc\/","url":"https:\/\/sandrinemarguinot.fr\/index.php\/architecte-interieur-medoc\/","name":"Architecte int\u00e9rieur dans le M\u00e9doc - Sandrine Marguinot","isPartOf":{"@id":"https:\/\/sandrinemarguinot.fr\/#website"},"datePublished":"2026-04-18T12:32:08+00:00","dateModified":"2026-04-18T12:51:13+00:00","description":"Architecte d'int\u00e9rieur dans le M\u00e9doc, du littoral atlantique aux ch\u00e2teaux viticoles. Je lis et r\u00e9v\u00e8le le potentiel de vos lieux, pour mieux les habiter, les r\u00e9nover ou les transmettre.","breadcrumb":{"@id":"https:\/\/sandrinemarguinot.fr\/index.php\/architecte-interieur-medoc\/#breadcrumb"},"inLanguage":"fr-FR","potentialAction":[{"@type":"ReadAction","target":["https:\/\/sandrinemarguinot.fr\/index.php\/architecte-interieur-medoc\/"]}]},{"@type":"BreadcrumbList","@id":"https:\/\/sandrinemarguinot.fr\/index.php\/architecte-interieur-medoc\/#breadcrumb","itemListElement":[{"@type":"ListItem","position":1,"name":"Accueil","item":"https:\/\/sandrinemarguinot.fr\/"},{"@type":"ListItem","position":2,"name":"Architecte int\u00e9rieur dans le M\u00e9doc"}]},{"@type":"WebSite","@id":"https:\/\/sandrinemarguinot.fr\/#website","url":"https:\/\/sandrinemarguinot.fr\/","name":"Sandrine Marguinot","description":"Architecture d&#039;int\u00e9rieur - Lecture et valorisation des lieux","potentialAction":[{"@type":"SearchAction","target":{"@type":"EntryPoint","urlTemplate":"https:\/\/sandrinemarguinot.fr\/?s={search_term_string}"},"query-input":{"@type":"PropertyValueSpecification","valueRequired":true,"valueName":"search_term_string"}}],"inLanguage":"fr-FR"}]}},"_links":{"self":[{"href":"https:\/\/sandrinemarguinot.fr\/index.php\/wp-json\/wp\/v2\/pages\/1334","targetHints":{"allow":["GET"]}}],"collection":[{"href":"https:\/\/sandrinemarguinot.fr\/index.php\/wp-json\/wp\/v2\/pages"}],"about":[{"href":"https:\/\/sandrinemarguinot.fr\/index.php\/wp-json\/wp\/v2\/types\/page"}],"author":[{"embeddable":true,"href":"https:\/\/sandrinemarguinot.fr\/index.php\/wp-json\/wp\/v2\/users\/1"}],"replies":[{"embeddable":true,"href":"https:\/\/sandrinemarguinot.fr\/index.php\/wp-json\/wp\/v2\/comments?post=1334"}],"version-history":[{"count":3,"href":"https:\/\/sandrinemarguinot.fr\/index.php\/wp-json\/wp\/v2\/pages\/1334\/revisions"}],"predecessor-version":[{"id":1355,"href":"https:\/\/sandrinemarguinot.fr\/index.php\/wp-json\/wp\/v2\/pages\/1334\/revisions\/1355"}],"wp:attachment":[{"href":"https:\/\/sandrinemarguinot.fr\/index.php\/wp-json\/wp\/v2\/media?parent=1334"}],"curies":[{"name":"wp","href":"https:\/\/api.w.org\/{rel}","templated":true}]}}