{"id":13,"date":"2025-10-15T11:18:36","date_gmt":"2025-10-15T11:18:36","guid":{"rendered":"http:\/\/immobilieretdesign.fr\/?page_id=13"},"modified":"2026-04-17T17:43:40","modified_gmt":"2026-04-17T17:43:40","slug":"architecture-interieur-medoc","status":"publish","type":"page","link":"https:\/\/sandrinemarguinot.fr\/index.php\/architecture-interieur-medoc\/","title":{"rendered":"Architecture d&rsquo;int\u00e9rieur : concevoir des lieux qui font sens"},"content":{"rendered":"\n<p>Un projet d&rsquo;architecture est toujours une rencontre. La rencontre entre un lieu, ses habitants et une intention.<\/p>\n\n\n\n<p>Mon travail ne consiste pas seulement \u00e0 dessiner des plans. Il s&rsquo;agit de comprendre l&rsquo;espace, d&rsquo;\u00e9couter les usages et de traduire cette relation en un lieu coh\u00e9rent, durable et incarn\u00e9. Cela peut aller jusqu&rsquo;\u00e0 imaginer, dessiner et faire r\u00e9aliser des meubles sur mesure ou int\u00e9grer des objets d&rsquo;exception qui font partie de l&rsquo;espace.<\/p>\n\n\n\n<p>Bas\u00e9e entre Bordeaux et le littoral du M\u00e9doc, j&rsquo;interviens principalement en Nouvelle-Aquitaine, avec des formats \u00e0 distance possibles selon les projets.<\/p>\n\n\n\n<div class=\"wp-block-columns is-layout-flex wp-container-core-columns-is-layout-9d6595d7 wp-block-columns-is-layout-flex\">\n<div class=\"wp-block-column is-layout-flow wp-block-column-is-layout-flow\">\n<figure class=\"wp-block-image size-large\"><img decoding=\"async\" width=\"768\" height=\"1024\" data-src=\"https:\/\/immobilieretdesign.fr\/wp-content\/uploads\/2026\/03\/IMG_2269-768x1024.jpg\" alt=\"\" class=\"wp-image-507 lazyload\" style=\"--smush-placeholder-width: 768px; --smush-placeholder-aspect-ratio: 768\/1024;aspect-ratio:4\/3;object-fit:cover\" data-srcset=\"https:\/\/sandrinemarguinot.fr\/wp-content\/uploads\/2026\/03\/IMG_2269-768x1024.jpg 768w, https:\/\/sandrinemarguinot.fr\/wp-content\/uploads\/2026\/03\/IMG_2269-225x300.jpg 225w, https:\/\/sandrinemarguinot.fr\/wp-content\/uploads\/2026\/03\/IMG_2269-1152x1536.jpg 1152w, https:\/\/sandrinemarguinot.fr\/wp-content\/uploads\/2026\/03\/IMG_2269-1536x2048.jpg 1536w, https:\/\/sandrinemarguinot.fr\/wp-content\/uploads\/2026\/03\/IMG_2269-scaled.jpg 1920w\" data-sizes=\"(max-width: 767px) 89vw, (max-width: 1000px) 54vw, (max-width: 1071px) 543px, 580px\" src=\"data:image\/svg+xml;base64,PHN2ZyB3aWR0aD0iMSIgaGVpZ2h0PSIxIiB4bWxucz0iaHR0cDovL3d3dy53My5vcmcvMjAwMC9zdmciPjwvc3ZnPg==\" \/><\/figure>\n\n\n\n<h3 class=\"wp-block-heading has-text-align-center\"><a href=\"https:\/\/immobilieretdesign.fr\/index.php\/architecture-interieur-medoc\/architecture-particuliers-parent\/\" type=\"page\" id=\"825\">Particuliers<\/a><\/h3>\n<\/div>\n\n\n\n<div class=\"wp-block-column is-layout-flow wp-block-column-is-layout-flow\">\n<figure class=\"wp-block-image size-large\"><img decoding=\"async\" width=\"683\" height=\"1024\" data-src=\"https:\/\/immobilieretdesign.fr\/wp-content\/uploads\/2025\/10\/restaurant-cabane-plage-683x1024.png\" alt=\"\" class=\"wp-image-67 lazyload\" style=\"--smush-placeholder-width: 683px; --smush-placeholder-aspect-ratio: 683\/1024;aspect-ratio:4\/3;object-fit:cover\" data-srcset=\"https:\/\/sandrinemarguinot.fr\/wp-content\/uploads\/2025\/10\/restaurant-cabane-plage-683x1024.png 683w, https:\/\/sandrinemarguinot.fr\/wp-content\/uploads\/2025\/10\/restaurant-cabane-plage-200x300.png 200w, https:\/\/sandrinemarguinot.fr\/wp-content\/uploads\/2025\/10\/restaurant-cabane-plage-768x1152.png 768w, https:\/\/sandrinemarguinot.fr\/wp-content\/uploads\/2025\/10\/restaurant-cabane-plage.png 1024w\" data-sizes=\"(max-width: 683px) 100vw, 683px\" src=\"data:image\/svg+xml;base64,PHN2ZyB3aWR0aD0iMSIgaGVpZ2h0PSIxIiB4bWxucz0iaHR0cDovL3d3dy53My5vcmcvMjAwMC9zdmciPjwvc3ZnPg==\" \/><\/figure>\n\n\n\n<h3 class=\"wp-block-heading has-text-align-center\"><a href=\"https:\/\/immobilieretdesign.fr\/index.php\/architecture-interieur-medoc\/architecture-professionnels-parent\/\">Professionnels<\/a><\/h3>\n<\/div>\n\n\n\n<div class=\"wp-block-column is-layout-flow wp-block-column-is-layout-flow\">\n<figure class=\"wp-block-image size-large\"><img decoding=\"async\" width=\"1024\" height=\"574\" data-src=\"https:\/\/immobilieretdesign.fr\/wp-content\/uploads\/2026\/04\/u1491521898_mobile_sleeping_capsule_for_children_minimalist_w_9278f982-d04e-4e2f-9323-46e8746872f9_2-edited-1-1024x574.png\" alt=\"\" class=\"wp-image-1256 lazyload\" style=\"--smush-placeholder-width: 1024px; --smush-placeholder-aspect-ratio: 1024\/574;aspect-ratio:4\/3;object-fit:cover\" data-srcset=\"https:\/\/sandrinemarguinot.fr\/wp-content\/uploads\/2026\/04\/u1491521898_mobile_sleeping_capsule_for_children_minimalist_w_9278f982-d04e-4e2f-9323-46e8746872f9_2-edited-1-1024x574.png 1024w, https:\/\/sandrinemarguinot.fr\/wp-content\/uploads\/2026\/04\/u1491521898_mobile_sleeping_capsule_for_children_minimalist_w_9278f982-d04e-4e2f-9323-46e8746872f9_2-edited-1-300x168.png 300w, https:\/\/sandrinemarguinot.fr\/wp-content\/uploads\/2026\/04\/u1491521898_mobile_sleeping_capsule_for_children_minimalist_w_9278f982-d04e-4e2f-9323-46e8746872f9_2-edited-1-768x430.png 768w, https:\/\/sandrinemarguinot.fr\/wp-content\/uploads\/2026\/04\/u1491521898_mobile_sleeping_capsule_for_children_minimalist_w_9278f982-d04e-4e2f-9323-46e8746872f9_2-edited-1.png 1039w\" data-sizes=\"(max-width: 767px) 89vw, (max-width: 1000px) 54vw, (max-width: 1071px) 543px, 580px\" src=\"data:image\/svg+xml;base64,PHN2ZyB3aWR0aD0iMSIgaGVpZ2h0PSIxIiB4bWxucz0iaHR0cDovL3d3dy53My5vcmcvMjAwMC9zdmciPjwvc3ZnPg==\" \/><\/figure>\n\n\n\n<h3 class=\"wp-block-heading has-text-align-center\"><a href=\"https:\/\/immobilieretdesign.fr\/index.php\/architecture-interieur-medoc\/mobilier-objets\/\" type=\"page\" id=\"1083\">Mobilier et objets<\/a><\/h3>\n<\/div>\n<\/div>\n\n\n\n<p> Chaque projet \u00e9tant unique, un \u00e9change pr\u00e9alable permet de d\u00e9finir le cadre, les livrables et les honoraires adapt\u00e9s.<\/p>\n\n\n\n<div class=\"wp-block-buttons is-layout-flex wp-block-buttons-is-layout-flex\">\n<div class=\"wp-block-button is-style-outline is-style-outline--1\"><a class=\"wp-block-button__link has-white-background-color has-background wp-element-button\"><strong>Demander une \u00e9tude personnalis\u00e9e<\/strong><\/a><\/div>\n<\/div>\n\n\n\n<p>\u00ab Travailler avec Sandrine, c&rsquo;est allier rigueur technique et sensibilit\u00e9. Elle a su transformer notre caf\u00e9 en un lieu chaleureux et fonctionnel, tout en respectant notre budget. \u00bb \u2014 G\u00e9rants d&rsquo;un caf\u00e9 \u00e0 Bordeaux<\/p>\n\n\n\n<div class=\"wp-block-buttons has-white-background-color has-background is-content-justification-left is-layout-flex wp-container-core-buttons-is-layout-45245d17 wp-block-buttons-is-layout-flex\">\n<div class=\"wp-block-button is-style-outline is-style-outline--2\"><a class=\"wp-block-button__link wp-element-button\" href=\"https:\/\/immobilieretdesign.fr\/index.php\/architecture-interieur-medoc\/tarifs-prestations\/\"><strong>Consultez nos tarifs<\/strong> <\/a><\/div>\n<\/div>\n","protected":false},"excerpt":{"rendered":"<p>Un projet d&rsquo;architecture est toujours une rencontre. La rencontre entre un lieu, ses habitants et une intention. Mon travail ne consiste pas seulement \u00e0 dessiner des plans. Il s&rsquo;agit de comprendre l&rsquo;espace, d&rsquo;\u00e9couter les usages et de traduire cette relation en un lieu coh\u00e9rent, durable et incarn\u00e9. Cela peut aller jusqu&rsquo;\u00e0 imaginer, dessiner et faire &hellip; <\/p>\n<p class=\"link-more\"><a href=\"https:\/\/sandrinemarguinot.fr\/index.php\/architecture-interieur-medoc\/\" class=\"more-link\">Continuer la lecture<span class=\"screen-reader-text\"> de &laquo;&nbsp;Architecture d&rsquo;int\u00e9rieur : concevoir des lieux qui font sens&nbsp;&raquo;<\/span><\/a><\/p>\n","protected":false},"author":1,"featured_media":0,"parent":0,"menu_order":0,"comment_status":"closed","ping_status":"closed","template":"","meta":{"footnotes":""},"class_list":["post-13","page","type-page","status-publish","hentry"],"yoast_head":"<!-- This site is optimized with the Yoast SEO plugin v27.3 - https:\/\/yoast.com\/product\/yoast-seo-wordpress\/ -->\n<title>Architecture d&#039;int\u00e9rieur : concevoir des lieux qui font sens - Sandrine Marguinot<\/title>\n<meta name=\"description\" content=\"Architecture d&#039;int\u00e9rieur dans le M\u00e9doc \/ r\u00e9novation, conception et am\u00e9nagement d&#039;espaces sensibles, durables et sur mesure. Sandrine Marguinot accompagne particuliers et professionnels.\" \/>\n<meta name=\"robots\" content=\"index, follow, max-snippet:-1, max-image-preview:large, max-video-preview:-1\" \/>\n<link rel=\"canonical\" href=\"https:\/\/sandrinemarguinot.fr\/index.php\/architecture-interieur-medoc\/\" \/>\n<meta property=\"og:locale\" content=\"fr_FR\" \/>\n<meta property=\"og:type\" content=\"article\" \/>\n<meta property=\"og:title\" content=\"Architecture d&#039;int\u00e9rieur : concevoir des lieux qui font sens - Sandrine Marguinot\" \/>\n<meta property=\"og:description\" content=\"Architecture d&#039;int\u00e9rieur dans le M\u00e9doc \/ r\u00e9novation, conception et am\u00e9nagement d&#039;espaces sensibles, durables et sur mesure. Sandrine Marguinot accompagne particuliers et professionnels.\" \/>\n<meta property=\"og:url\" content=\"https:\/\/sandrinemarguinot.fr\/index.php\/architecture-interieur-medoc\/\" \/>\n<meta property=\"og:site_name\" content=\"Sandrine Marguinot\" \/>\n<meta property=\"article:modified_time\" content=\"2026-04-17T17:43:40+00:00\" \/>\n<meta property=\"og:image\" content=\"https:\/\/immobilieretdesign.fr\/wp-content\/uploads\/2026\/03\/IMG_2269-768x1024.jpg\" \/>\n<meta name=\"twitter:card\" content=\"summary_large_image\" \/>\n<meta name=\"twitter:label1\" content=\"Dur\u00e9e de lecture estim\u00e9e\" \/>\n\t<meta name=\"twitter:data1\" content=\"2 minutes\" \/>\n<script type=\"application\/ld+json\" class=\"yoast-schema-graph\">{\"@context\":\"https:\\\/\\\/schema.org\",\"@graph\":[{\"@type\":\"WebPage\",\"@id\":\"https:\\\/\\\/sandrinemarguinot.fr\\\/index.php\\\/architecture-interieur-medoc\\\/\",\"url\":\"https:\\\/\\\/sandrinemarguinot.fr\\\/index.php\\\/architecture-interieur-medoc\\\/\",\"name\":\"Architecture d'int\u00e9rieur : concevoir des lieux qui font sens - Sandrine Marguinot\",\"isPartOf\":{\"@id\":\"https:\\\/\\\/sandrinemarguinot.fr\\\/#website\"},\"primaryImageOfPage\":{\"@id\":\"https:\\\/\\\/sandrinemarguinot.fr\\\/index.php\\\/architecture-interieur-medoc\\\/#primaryimage\"},\"image\":{\"@id\":\"https:\\\/\\\/sandrinemarguinot.fr\\\/index.php\\\/architecture-interieur-medoc\\\/#primaryimage\"},\"thumbnailUrl\":\"https:\\\/\\\/immobilieretdesign.fr\\\/wp-content\\\/uploads\\\/2026\\\/03\\\/IMG_2269-768x1024.jpg\",\"datePublished\":\"2025-10-15T11:18:36+00:00\",\"dateModified\":\"2026-04-17T17:43:40+00:00\",\"description\":\"Architecture d'int\u00e9rieur dans le M\u00e9doc \\\/ r\u00e9novation, conception et am\u00e9nagement d'espaces sensibles, durables et sur mesure. Sandrine Marguinot accompagne particuliers et professionnels.\",\"breadcrumb\":{\"@id\":\"https:\\\/\\\/sandrinemarguinot.fr\\\/index.php\\\/architecture-interieur-medoc\\\/#breadcrumb\"},\"inLanguage\":\"fr-FR\",\"potentialAction\":[{\"@type\":\"ReadAction\",\"target\":[\"https:\\\/\\\/sandrinemarguinot.fr\\\/index.php\\\/architecture-interieur-medoc\\\/\"]}]},{\"@type\":\"ImageObject\",\"inLanguage\":\"fr-FR\",\"@id\":\"https:\\\/\\\/sandrinemarguinot.fr\\\/index.php\\\/architecture-interieur-medoc\\\/#primaryimage\",\"url\":\"https:\\\/\\\/immobilieretdesign.fr\\\/wp-content\\\/uploads\\\/2026\\\/03\\\/IMG_2269-768x1024.jpg\",\"contentUrl\":\"https:\\\/\\\/immobilieretdesign.fr\\\/wp-content\\\/uploads\\\/2026\\\/03\\\/IMG_2269-768x1024.jpg\"},{\"@type\":\"BreadcrumbList\",\"@id\":\"https:\\\/\\\/sandrinemarguinot.fr\\\/index.php\\\/architecture-interieur-medoc\\\/#breadcrumb\",\"itemListElement\":[{\"@type\":\"ListItem\",\"position\":1,\"name\":\"Accueil\",\"item\":\"https:\\\/\\\/sandrinemarguinot.fr\\\/\"},{\"@type\":\"ListItem\",\"position\":2,\"name\":\"Architecture d&rsquo;int\u00e9rieur : concevoir des lieux qui font sens\"}]},{\"@type\":\"WebSite\",\"@id\":\"https:\\\/\\\/sandrinemarguinot.fr\\\/#website\",\"url\":\"https:\\\/\\\/sandrinemarguinot.fr\\\/\",\"name\":\"Sandrine Marguinot\",\"description\":\"Architecture d&#039;int\u00e9rieur - Lecture et valorisation des lieux\",\"potentialAction\":[{\"@type\":\"SearchAction\",\"target\":{\"@type\":\"EntryPoint\",\"urlTemplate\":\"https:\\\/\\\/sandrinemarguinot.fr\\\/?s={search_term_string}\"},\"query-input\":{\"@type\":\"PropertyValueSpecification\",\"valueRequired\":true,\"valueName\":\"search_term_string\"}}],\"inLanguage\":\"fr-FR\"}]}<\/script>\n<!-- \/ Yoast SEO plugin. -->","yoast_head_json":{"title":"Architecture d'int\u00e9rieur : concevoir des lieux qui font sens - Sandrine Marguinot","description":"Architecture d'int\u00e9rieur dans le M\u00e9doc \/ r\u00e9novation, conception et am\u00e9nagement d'espaces sensibles, durables et sur mesure. Sandrine Marguinot accompagne particuliers et professionnels.","robots":{"index":"index","follow":"follow","max-snippet":"max-snippet:-1","max-image-preview":"max-image-preview:large","max-video-preview":"max-video-preview:-1"},"canonical":"https:\/\/sandrinemarguinot.fr\/index.php\/architecture-interieur-medoc\/","og_locale":"fr_FR","og_type":"article","og_title":"Architecture d'int\u00e9rieur : concevoir des lieux qui font sens - Sandrine Marguinot","og_description":"Architecture d'int\u00e9rieur dans le M\u00e9doc \/ r\u00e9novation, conception et am\u00e9nagement d'espaces sensibles, durables et sur mesure. Sandrine Marguinot accompagne particuliers et professionnels.","og_url":"https:\/\/sandrinemarguinot.fr\/index.php\/architecture-interieur-medoc\/","og_site_name":"Sandrine Marguinot","article_modified_time":"2026-04-17T17:43:40+00:00","og_image":[{"url":"https:\/\/immobilieretdesign.fr\/wp-content\/uploads\/2026\/03\/IMG_2269-768x1024.jpg","type":"","width":"","height":""}],"twitter_card":"summary_large_image","twitter_misc":{"Dur\u00e9e de lecture estim\u00e9e":"2 minutes"},"schema":{"@context":"https:\/\/schema.org","@graph":[{"@type":"WebPage","@id":"https:\/\/sandrinemarguinot.fr\/index.php\/architecture-interieur-medoc\/","url":"https:\/\/sandrinemarguinot.fr\/index.php\/architecture-interieur-medoc\/","name":"Architecture d'int\u00e9rieur : concevoir des lieux qui font sens - Sandrine Marguinot","isPartOf":{"@id":"https:\/\/sandrinemarguinot.fr\/#website"},"primaryImageOfPage":{"@id":"https:\/\/sandrinemarguinot.fr\/index.php\/architecture-interieur-medoc\/#primaryimage"},"image":{"@id":"https:\/\/sandrinemarguinot.fr\/index.php\/architecture-interieur-medoc\/#primaryimage"},"thumbnailUrl":"https:\/\/immobilieretdesign.fr\/wp-content\/uploads\/2026\/03\/IMG_2269-768x1024.jpg","datePublished":"2025-10-15T11:18:36+00:00","dateModified":"2026-04-17T17:43:40+00:00","description":"Architecture d'int\u00e9rieur dans le M\u00e9doc \/ r\u00e9novation, conception et am\u00e9nagement d'espaces sensibles, durables et sur mesure. Sandrine Marguinot accompagne particuliers et professionnels.","breadcrumb":{"@id":"https:\/\/sandrinemarguinot.fr\/index.php\/architecture-interieur-medoc\/#breadcrumb"},"inLanguage":"fr-FR","potentialAction":[{"@type":"ReadAction","target":["https:\/\/sandrinemarguinot.fr\/index.php\/architecture-interieur-medoc\/"]}]},{"@type":"ImageObject","inLanguage":"fr-FR","@id":"https:\/\/sandrinemarguinot.fr\/index.php\/architecture-interieur-medoc\/#primaryimage","url":"https:\/\/immobilieretdesign.fr\/wp-content\/uploads\/2026\/03\/IMG_2269-768x1024.jpg","contentUrl":"https:\/\/immobilieretdesign.fr\/wp-content\/uploads\/2026\/03\/IMG_2269-768x1024.jpg"},{"@type":"BreadcrumbList","@id":"https:\/\/sandrinemarguinot.fr\/index.php\/architecture-interieur-medoc\/#breadcrumb","itemListElement":[{"@type":"ListItem","position":1,"name":"Accueil","item":"https:\/\/sandrinemarguinot.fr\/"},{"@type":"ListItem","position":2,"name":"Architecture d&rsquo;int\u00e9rieur : concevoir des lieux qui font sens"}]},{"@type":"WebSite","@id":"https:\/\/sandrinemarguinot.fr\/#website","url":"https:\/\/sandrinemarguinot.fr\/","name":"Sandrine Marguinot","description":"Architecture d&#039;int\u00e9rieur - Lecture et valorisation des lieux","potentialAction":[{"@type":"SearchAction","target":{"@type":"EntryPoint","urlTemplate":"https:\/\/sandrinemarguinot.fr\/?s={search_term_string}"},"query-input":{"@type":"PropertyValueSpecification","valueRequired":true,"valueName":"search_term_string"}}],"inLanguage":"fr-FR"}]}},"_links":{"self":[{"href":"https:\/\/sandrinemarguinot.fr\/index.php\/wp-json\/wp\/v2\/pages\/13","targetHints":{"allow":["GET"]}}],"collection":[{"href":"https:\/\/sandrinemarguinot.fr\/index.php\/wp-json\/wp\/v2\/pages"}],"about":[{"href":"https:\/\/sandrinemarguinot.fr\/index.php\/wp-json\/wp\/v2\/types\/page"}],"author":[{"embeddable":true,"href":"https:\/\/sandrinemarguinot.fr\/index.php\/wp-json\/wp\/v2\/users\/1"}],"replies":[{"embeddable":true,"href":"https:\/\/sandrinemarguinot.fr\/index.php\/wp-json\/wp\/v2\/comments?post=13"}],"version-history":[{"count":77,"href":"https:\/\/sandrinemarguinot.fr\/index.php\/wp-json\/wp\/v2\/pages\/13\/revisions"}],"predecessor-version":[{"id":1325,"href":"https:\/\/sandrinemarguinot.fr\/index.php\/wp-json\/wp\/v2\/pages\/13\/revisions\/1325"}],"wp:attachment":[{"href":"https:\/\/sandrinemarguinot.fr\/index.php\/wp-json\/wp\/v2\/media?parent=13"}],"curies":[{"name":"wp","href":"https:\/\/api.w.org\/{rel}","templated":true}]}}