{"id":11,"date":"2025-10-15T11:18:36","date_gmt":"2025-10-15T11:18:36","guid":{"rendered":"http:\/\/immobilieretdesign.fr\/?page_id=11"},"modified":"2026-04-13T19:28:22","modified_gmt":"2026-04-13T19:28:22","slug":"contact","status":"publish","type":"page","link":"https:\/\/sandrinemarguinot.fr\/index.php\/contact\/","title":{"rendered":"Contact"},"content":{"rendered":"\n<p><strong>Premier \u00e9change &#8211; 15 minutes<\/strong><\/p>\n\n\n\n<div class=\"wp-block-columns is-layout-flex wp-container-core-columns-is-layout-9d6595d7 wp-block-columns-is-layout-flex\">\n<div class=\"wp-block-column is-layout-flow wp-block-column-is-layout-flow\">\n<p>Chaque projet commence par un \u00e9change.<br>Ce premier rendez-vous permet de comprendre votre situation et de voir comment je peux vous accompagner.<\/p>\n<\/div>\n\n\n\n<div class=\"wp-block-column is-layout-flow wp-block-column-is-layout-flow\">\n<div class=\"wp-block-buttons is-content-justification-center is-layout-flex wp-container-core-buttons-is-layout-16018d1d wp-block-buttons-is-layout-flex\">\n<div class=\"wp-block-button\"><a class=\"wp-block-button__link has-cyan-bluish-gray-background-color has-background wp-element-button\">07 67 85 22 57<\/a><\/div>\n<\/div>\n<\/div>\n<\/div>\n\n\n\n<p>Vous pouvez utiliser le formulaire ci-dessous pour me pr\u00e9senter bri\u00e8vement votre projet.<br>Cet \u00e9change est sans engagement.<\/p>\n\n\n\n<div class=\"wp-block-contact-form-7-contact-form-selector\">\n<div class=\"wpcf7 no-js\" id=\"wpcf7-f145-o1\" lang=\"en-US\" dir=\"ltr\" data-wpcf7-id=\"145\">\n<div class=\"screen-reader-response\"><p role=\"status\" aria-live=\"polite\" aria-atomic=\"true\"><\/p> <ul><\/ul><\/div>\n<form action=\"\/index.php\/wp-json\/wp\/v2\/pages\/11#wpcf7-f145-o1\" method=\"post\" class=\"wpcf7-form init\" aria-label=\"Contact form\" novalidate=\"novalidate\" data-status=\"init\">\n<fieldset class=\"hidden-fields-container\"><input type=\"hidden\" name=\"_wpcf7\" value=\"145\" \/><input type=\"hidden\" name=\"_wpcf7_version\" value=\"6.1.5\" \/><input type=\"hidden\" name=\"_wpcf7_locale\" value=\"en_US\" \/><input type=\"hidden\" name=\"_wpcf7_unit_tag\" value=\"wpcf7-f145-o1\" \/><input type=\"hidden\" name=\"_wpcf7_container_post\" value=\"0\" \/><input type=\"hidden\" name=\"_wpcf7_posted_data_hash\" value=\"\" \/>\n<\/fieldset>\n<p><label> Votre nom<br \/>\n<span class=\"wpcf7-form-control-wrap\" data-name=\"your-name\"><input size=\"40\" maxlength=\"400\" class=\"wpcf7-form-control wpcf7-text wpcf7-validates-as-required\" autocomplete=\"name\" aria-required=\"true\" aria-invalid=\"false\" value=\"\" type=\"text\" name=\"your-name\" \/><\/span> <\/label>\n<\/p>\n<p><label> Votre email<br \/>\n<span class=\"wpcf7-form-control-wrap\" data-name=\"your-email\"><input size=\"40\" maxlength=\"400\" class=\"wpcf7-form-control wpcf7-email wpcf7-validates-as-required wpcf7-text wpcf7-validates-as-email\" autocomplete=\"email\" aria-required=\"true\" aria-invalid=\"false\" value=\"\" type=\"email\" name=\"your-email\" \/><\/span> <\/label>\n<\/p>\n<p><label> T\u00e9l\u00e9phone<br \/>\n<span class=\"wpcf7-form-control-wrap\" data-name=\"your-phone\"><input size=\"40\" maxlength=\"400\" class=\"wpcf7-form-control wpcf7-tel wpcf7-text wpcf7-validates-as-tel\" aria-invalid=\"false\" value=\"\" type=\"tel\" name=\"your-phone\" \/><\/span> <\/label>\n<\/p>\n<p><label> Type de projet<br \/>\n<span class=\"wpcf7-form-control-wrap\" data-name=\"your-project\"><select class=\"wpcf7-form-control wpcf7-select\" aria-invalid=\"false\" name=\"your-project\"><option value=\"R\u00e9novation et architecture int\u00e9rieure\">R\u00e9novation et architecture int\u00e9rieure<\/option><option value=\"Mobilier sur-mesure\">Mobilier sur-mesure<\/option><option value=\"Accompagnement immobilier\">Accompagnement immobilier<\/option><option value=\"Autre\">Autre<\/option><\/select><\/span> <\/label>\n<\/p>\n<p><label> Localisation du projet<br \/>\n<span class=\"wpcf7-form-control-wrap\" data-name=\"your-location\"><select class=\"wpcf7-form-control wpcf7-select\" aria-invalid=\"false\" name=\"your-location\"><option value=\"M\u00e9doc\">M\u00e9doc<\/option><option value=\"Bordeaux\">Bordeaux<\/option><option value=\"Littoral atlantique\">Littoral atlantique<\/option><option value=\"Autre\">Autre<\/option><\/select><\/span> <\/label>\n<\/p>\n<p><label> Votre projet en quelques mots (optionnel)<br \/>\n<span class=\"wpcf7-form-control-wrap\" data-name=\"your-message\"><textarea cols=\"40\" rows=\"10\" maxlength=\"2000\" class=\"wpcf7-form-control wpcf7-textarea\" aria-invalid=\"false\" name=\"your-message\"><\/textarea><\/span> <\/label>\n<\/p>\n<p><input class=\"wpcf7-form-control wpcf7-submit has-spinner\" type=\"submit\" value=\"Envoyer ma demande\" \/>\n<\/p><div class=\"wpcf7-response-output\" aria-hidden=\"true\"><\/div>\n<\/form>\n<\/div>\n<\/div>\n\n\n\n<p>Je vous recontacte sous 24 \u00e0 48h pour convenir d\u2019un cr\u00e9neau d\u2019\u00e9change.<\/p>\n\n\n\n<p class=\"has-medium-font-size\"><em>Sandrine Marguinot<\/em><\/p>\n\n\n\n\n\n<p><\/p>\n","protected":false},"excerpt":{"rendered":"<p>Premier \u00e9change &#8211; 15 minutes Chaque projet commence par un \u00e9change.Ce premier rendez-vous permet de comprendre votre situation et de voir comment je peux vous accompagner. Vous pouvez utiliser le formulaire ci-dessous pour me pr\u00e9senter bri\u00e8vement votre projet.Cet \u00e9change est sans engagement. Je vous recontacte sous 24 \u00e0 48h pour convenir d\u2019un cr\u00e9neau d\u2019\u00e9change. Sandrine &hellip; <\/p>\n<p class=\"link-more\"><a href=\"https:\/\/sandrinemarguinot.fr\/index.php\/contact\/\" class=\"more-link\">Continuer la lecture<span class=\"screen-reader-text\"> de &laquo;&nbsp;Contact&nbsp;&raquo;<\/span><\/a><\/p>\n","protected":false},"author":1,"featured_media":0,"parent":0,"menu_order":0,"comment_status":"closed","ping_status":"closed","template":"","meta":{"footnotes":""},"class_list":["post-11","page","type-page","status-publish","hentry"],"yoast_head":"<!-- This site is optimized with the Yoast SEO plugin v27.3 - https:\/\/yoast.com\/product\/yoast-seo-wordpress\/ -->\n<title>Contact - Sandrine Marguinot<\/title>\n<meta name=\"description\" content=\"Un projet immobilier ou une transformation d\u2019espace ? Contactez Sandrine Marguinot pour un accompagnement sur mesure entre M\u00e9doc et Bordeaux.\" \/>\n<meta name=\"robots\" content=\"index, follow, max-snippet:-1, max-image-preview:large, max-video-preview:-1\" \/>\n<link rel=\"canonical\" href=\"https:\/\/sandrinemarguinot.fr\/index.php\/contact\/\" \/>\n<meta property=\"og:locale\" content=\"fr_FR\" \/>\n<meta property=\"og:type\" content=\"article\" \/>\n<meta property=\"og:title\" content=\"Contact - Sandrine Marguinot\" \/>\n<meta property=\"og:description\" content=\"Un projet immobilier ou une transformation d\u2019espace ? Contactez Sandrine Marguinot pour un accompagnement sur mesure entre M\u00e9doc et Bordeaux.\" \/>\n<meta property=\"og:url\" content=\"https:\/\/sandrinemarguinot.fr\/index.php\/contact\/\" \/>\n<meta property=\"og:site_name\" content=\"Sandrine Marguinot\" \/>\n<meta property=\"article:modified_time\" content=\"2026-04-13T19:28:22+00:00\" \/>\n<meta name=\"twitter:card\" content=\"summary_large_image\" \/>\n<meta name=\"twitter:label1\" content=\"Dur\u00e9e de lecture estim\u00e9e\" \/>\n\t<meta name=\"twitter:data1\" content=\"1 minute\" \/>\n<script type=\"application\/ld+json\" class=\"yoast-schema-graph\">{\"@context\":\"https:\\\/\\\/schema.org\",\"@graph\":[{\"@type\":\"WebPage\",\"@id\":\"https:\\\/\\\/sandrinemarguinot.fr\\\/index.php\\\/contact\\\/\",\"url\":\"https:\\\/\\\/sandrinemarguinot.fr\\\/index.php\\\/contact\\\/\",\"name\":\"Contact - Sandrine Marguinot\",\"isPartOf\":{\"@id\":\"https:\\\/\\\/sandrinemarguinot.fr\\\/#website\"},\"datePublished\":\"2025-10-15T11:18:36+00:00\",\"dateModified\":\"2026-04-13T19:28:22+00:00\",\"description\":\"Un projet immobilier ou une transformation d\u2019espace ? Contactez Sandrine Marguinot pour un accompagnement sur mesure entre M\u00e9doc et Bordeaux.\",\"breadcrumb\":{\"@id\":\"https:\\\/\\\/sandrinemarguinot.fr\\\/index.php\\\/contact\\\/#breadcrumb\"},\"inLanguage\":\"fr-FR\",\"potentialAction\":[{\"@type\":\"ReadAction\",\"target\":[\"https:\\\/\\\/sandrinemarguinot.fr\\\/index.php\\\/contact\\\/\"]}]},{\"@type\":\"BreadcrumbList\",\"@id\":\"https:\\\/\\\/sandrinemarguinot.fr\\\/index.php\\\/contact\\\/#breadcrumb\",\"itemListElement\":[{\"@type\":\"ListItem\",\"position\":1,\"name\":\"Accueil\",\"item\":\"https:\\\/\\\/sandrinemarguinot.fr\\\/\"},{\"@type\":\"ListItem\",\"position\":2,\"name\":\"Contact\"}]},{\"@type\":\"WebSite\",\"@id\":\"https:\\\/\\\/sandrinemarguinot.fr\\\/#website\",\"url\":\"https:\\\/\\\/sandrinemarguinot.fr\\\/\",\"name\":\"Sandrine Marguinot\",\"description\":\"Architecture d&#039;int\u00e9rieur - Lecture et valorisation des lieux\",\"potentialAction\":[{\"@type\":\"SearchAction\",\"target\":{\"@type\":\"EntryPoint\",\"urlTemplate\":\"https:\\\/\\\/sandrinemarguinot.fr\\\/?s={search_term_string}\"},\"query-input\":{\"@type\":\"PropertyValueSpecification\",\"valueRequired\":true,\"valueName\":\"search_term_string\"}}],\"inLanguage\":\"fr-FR\"}]}<\/script>\n<!-- \/ Yoast SEO plugin. -->","yoast_head_json":{"title":"Contact - Sandrine Marguinot","description":"Un projet immobilier ou une transformation d\u2019espace ? Contactez Sandrine Marguinot pour un accompagnement sur mesure entre M\u00e9doc et Bordeaux.","robots":{"index":"index","follow":"follow","max-snippet":"max-snippet:-1","max-image-preview":"max-image-preview:large","max-video-preview":"max-video-preview:-1"},"canonical":"https:\/\/sandrinemarguinot.fr\/index.php\/contact\/","og_locale":"fr_FR","og_type":"article","og_title":"Contact - Sandrine Marguinot","og_description":"Un projet immobilier ou une transformation d\u2019espace ? Contactez Sandrine Marguinot pour un accompagnement sur mesure entre M\u00e9doc et Bordeaux.","og_url":"https:\/\/sandrinemarguinot.fr\/index.php\/contact\/","og_site_name":"Sandrine Marguinot","article_modified_time":"2026-04-13T19:28:22+00:00","twitter_card":"summary_large_image","twitter_misc":{"Dur\u00e9e de lecture estim\u00e9e":"1 minute"},"schema":{"@context":"https:\/\/schema.org","@graph":[{"@type":"WebPage","@id":"https:\/\/sandrinemarguinot.fr\/index.php\/contact\/","url":"https:\/\/sandrinemarguinot.fr\/index.php\/contact\/","name":"Contact - Sandrine Marguinot","isPartOf":{"@id":"https:\/\/sandrinemarguinot.fr\/#website"},"datePublished":"2025-10-15T11:18:36+00:00","dateModified":"2026-04-13T19:28:22+00:00","description":"Un projet immobilier ou une transformation d\u2019espace ? Contactez Sandrine Marguinot pour un accompagnement sur mesure entre M\u00e9doc et Bordeaux.","breadcrumb":{"@id":"https:\/\/sandrinemarguinot.fr\/index.php\/contact\/#breadcrumb"},"inLanguage":"fr-FR","potentialAction":[{"@type":"ReadAction","target":["https:\/\/sandrinemarguinot.fr\/index.php\/contact\/"]}]},{"@type":"BreadcrumbList","@id":"https:\/\/sandrinemarguinot.fr\/index.php\/contact\/#breadcrumb","itemListElement":[{"@type":"ListItem","position":1,"name":"Accueil","item":"https:\/\/sandrinemarguinot.fr\/"},{"@type":"ListItem","position":2,"name":"Contact"}]},{"@type":"WebSite","@id":"https:\/\/sandrinemarguinot.fr\/#website","url":"https:\/\/sandrinemarguinot.fr\/","name":"Sandrine Marguinot","description":"Architecture d&#039;int\u00e9rieur - Lecture et valorisation des lieux","potentialAction":[{"@type":"SearchAction","target":{"@type":"EntryPoint","urlTemplate":"https:\/\/sandrinemarguinot.fr\/?s={search_term_string}"},"query-input":{"@type":"PropertyValueSpecification","valueRequired":true,"valueName":"search_term_string"}}],"inLanguage":"fr-FR"}]}},"_links":{"self":[{"href":"https:\/\/sandrinemarguinot.fr\/index.php\/wp-json\/wp\/v2\/pages\/11","targetHints":{"allow":["GET"]}}],"collection":[{"href":"https:\/\/sandrinemarguinot.fr\/index.php\/wp-json\/wp\/v2\/pages"}],"about":[{"href":"https:\/\/sandrinemarguinot.fr\/index.php\/wp-json\/wp\/v2\/types\/page"}],"author":[{"embeddable":true,"href":"https:\/\/sandrinemarguinot.fr\/index.php\/wp-json\/wp\/v2\/users\/1"}],"replies":[{"embeddable":true,"href":"https:\/\/sandrinemarguinot.fr\/index.php\/wp-json\/wp\/v2\/comments?post=11"}],"version-history":[{"count":25,"href":"https:\/\/sandrinemarguinot.fr\/index.php\/wp-json\/wp\/v2\/pages\/11\/revisions"}],"predecessor-version":[{"id":1219,"href":"https:\/\/sandrinemarguinot.fr\/index.php\/wp-json\/wp\/v2\/pages\/11\/revisions\/1219"}],"wp:attachment":[{"href":"https:\/\/sandrinemarguinot.fr\/index.php\/wp-json\/wp\/v2\/media?parent=11"}],"curies":[{"name":"wp","href":"https:\/\/api.w.org\/{rel}","templated":true}]}}