{"id":1083,"date":"2026-04-13T13:07:32","date_gmt":"2026-04-13T13:07:32","guid":{"rendered":"https:\/\/immobilieretdesign.fr\/?page_id=1083"},"modified":"2026-04-13T19:23:56","modified_gmt":"2026-04-13T19:23:56","slug":"mobilier-objets","status":"publish","type":"page","link":"https:\/\/sandrinemarguinot.fr\/index.php\/architecture-interieur-medoc\/mobilier-objets\/","title":{"rendered":"Mobilier et objets sur mesure"},"content":{"rendered":"\n<p>Des pi\u00e8ces uniques pour des lieux singuliers.<\/p>\n\n\n\n<p>Mon travail ne s&rsquo;arr\u00eate pas aux plans et aux mati\u00e8res. Il passe aussi par les objets, ceux qu&rsquo;on cr\u00e9e, ceux qu&rsquo;on trouve, ceux qu&rsquo;on r\u00e9int\u00e8gre. Chaque pi\u00e8ce choisie ou con\u00e7ue doit avoir une raison d&rsquo;\u00eatre dans le lieu qui l&rsquo;accueille.<\/p>\n\n\n\n<div class=\"wp-block-group\"><div class=\"wp-block-group__inner-container is-layout-constrained wp-block-group-is-layout-constrained\">\n<h3 class=\"wp-block-heading\">Conception et r\u00e9alisation sur-mesure<\/h3>\n\n\n\n<p>De l&rsquo;id\u00e9e au r\u00e9sultat. Je con\u00e7ois des \u00e9l\u00e9ments mobiliers et architecturaux adapt\u00e9s \u00e0 un espace et \u00e0 un usage pr\u00e9cis : verri\u00e8re, bar, biblioth\u00e8que int\u00e9gr\u00e9e, lit, banquette, rangements. Je dessine, je dimensionne et je coordonne la r\u00e9alisation avec les artisans.<\/p>\n\n\n\n<p>Chaque pi\u00e8ce est pens\u00e9e pour n&rsquo;exister qu&rsquo;\u00e0 cet endroit pr\u00e9cis.<\/p>\n<\/div><\/div>\n\n\n\n<div id='gallery-1' class='gallery galleryid-1083 gallery-columns-3 gallery-size-thumbnail'><figure class='gallery-item'>\n\t\t\t<div class='gallery-icon landscape'>\n\t\t\t\t<a href='https:\/\/sandrinemarguinot.fr\/index.php\/capsule-chambre-enfant-modulable\/u1491521898_mobile_sleeping_capsule_for_children_minimalist_w_9278f982-d04e-4e2f-9323-46e8746872f9_2\/'><img decoding=\"async\" width=\"150\" height=\"150\" data-src=\"https:\/\/sandrinemarguinot.fr\/wp-content\/uploads\/2026\/03\/u1491521898_mobile_sleeping_capsule_for_children_minimalist_w_9278f982-d04e-4e2f-9323-46e8746872f9_2-150x150.png\" class=\"attachment-thumbnail size-thumbnail lazyload\" alt=\"\" aria-describedby=\"gallery-1-601\" data-srcset=\"https:\/\/sandrinemarguinot.fr\/wp-content\/uploads\/2026\/03\/u1491521898_mobile_sleeping_capsule_for_children_minimalist_w_9278f982-d04e-4e2f-9323-46e8746872f9_2-150x150.png 150w, https:\/\/sandrinemarguinot.fr\/wp-content\/uploads\/2026\/03\/u1491521898_mobile_sleeping_capsule_for_children_minimalist_w_9278f982-d04e-4e2f-9323-46e8746872f9_2-100x100.png 100w\" data-sizes=\"100vw\" src=\"data:image\/svg+xml;base64,PHN2ZyB3aWR0aD0iMSIgaGVpZ2h0PSIxIiB4bWxucz0iaHR0cDovL3d3dy53My5vcmcvMjAwMC9zdmciPjwvc3ZnPg==\" style=\"--smush-placeholder-width: 150px; --smush-placeholder-aspect-ratio: 150\/150;\" \/><\/a>\n\t\t\t<\/div>\n\t\t\t\t<figcaption class='wp-caption-text gallery-caption' id='gallery-1-601'>\n\t\t\t\tconception lit nomade\n\t\t\t\t<\/figcaption><\/figure><figure class='gallery-item'>\n\t\t\t<div class='gallery-icon landscape'>\n\t\t\t\t<a href='https:\/\/sandrinemarguinot.fr\/index.php\/capsule-chambre-enfant-modulable\/capture-decran-2026-03-13-a-15-46-04\/'><img decoding=\"async\" width=\"150\" height=\"150\" data-src=\"https:\/\/sandrinemarguinot.fr\/wp-content\/uploads\/2026\/03\/Capture-decran-2026-03-13-a-15.46.04-150x150.png\" class=\"attachment-thumbnail size-thumbnail lazyload\" alt=\"\" aria-describedby=\"gallery-1-603\" data-srcset=\"https:\/\/sandrinemarguinot.fr\/wp-content\/uploads\/2026\/03\/Capture-decran-2026-03-13-a-15.46.04-150x150.png 150w, https:\/\/sandrinemarguinot.fr\/wp-content\/uploads\/2026\/03\/Capture-decran-2026-03-13-a-15.46.04-100x100.png 100w\" data-sizes=\"100vw\" src=\"data:image\/svg+xml;base64,PHN2ZyB3aWR0aD0iMSIgaGVpZ2h0PSIxIiB4bWxucz0iaHR0cDovL3d3dy53My5vcmcvMjAwMC9zdmciPjwvc3ZnPg==\" style=\"--smush-placeholder-width: 150px; --smush-placeholder-aspect-ratio: 150\/150;\" \/><\/a>\n\t\t\t<\/div>\n\t\t\t\t<figcaption class='wp-caption-text gallery-caption' id='gallery-1-603'>\n\t\t\t\tcapsule-chambre-enfant-moodboard\n\t\t\t\t<\/figcaption><\/figure>\n\t\t<\/div>\n\n\n\n\n<hr class=\"wp-block-separator has-alpha-channel-opacity\"\/>\n\n\n\n<div class=\"wp-block-group\"><div class=\"wp-block-group__inner-container is-layout-constrained wp-block-group-is-layout-constrained\">\n<h3 class=\"wp-block-heading\">Int\u00e9gration architecturale<\/h3>\n\n\n\n<p>Des \u00e9l\u00e9ments d&rsquo;architecture anciens r\u00e9int\u00e9gr\u00e9s dans un espace contemporain. Une porte sculpt\u00e9e pos\u00e9e comme une oeuvre, une fen\u00eatre ancienne int\u00e9gr\u00e9e dans une paroi de douche, un morceau de bois chin\u00e9 qui devient l&rsquo;\u00e2me d&rsquo;une pi\u00e8ce.<\/p>\n\n\n\n<p>Ce n&rsquo;est pas de la r\u00e9cup\u00e9ration. C&rsquo;est une mani\u00e8re de faire dialoguer le temps et le lieu.<\/p>\n<\/div><\/div>\n\n\n\n<hr class=\"wp-block-separator has-alpha-channel-opacity\"\/>\n\n\n\n<div id='gallery-2' class='gallery galleryid-1083 gallery-columns-3 gallery-size-thumbnail'><figure class='gallery-item'>\n\t\t\t<div class='gallery-icon portrait'>\n\t\t\t\t<a href='https:\/\/sandrinemarguinot.fr\/img_5693\/'><img decoding=\"async\" width=\"150\" height=\"150\" data-src=\"https:\/\/sandrinemarguinot.fr\/wp-content\/uploads\/2026\/04\/IMG_5693-150x150.jpg\" class=\"attachment-thumbnail size-thumbnail lazyload\" alt=\"\" aria-describedby=\"gallery-2-1090\" data-srcset=\"https:\/\/sandrinemarguinot.fr\/wp-content\/uploads\/2026\/04\/IMG_5693-150x150.jpg 150w, https:\/\/sandrinemarguinot.fr\/wp-content\/uploads\/2026\/04\/IMG_5693-100x100.jpg 100w\" data-sizes=\"100vw\" src=\"data:image\/svg+xml;base64,PHN2ZyB3aWR0aD0iMSIgaGVpZ2h0PSIxIiB4bWxucz0iaHR0cDovL3d3dy53My5vcmcvMjAwMC9zdmciPjwvc3ZnPg==\" style=\"--smush-placeholder-width: 150px; --smush-placeholder-aspect-ratio: 150\/150;\" \/><\/a>\n\t\t\t<\/div>\n\t\t\t\t<figcaption class='wp-caption-text gallery-caption' id='gallery-2-1090'>\n\t\t\t\tporte ancienne int\u00e9gr\u00e9e \n\t\t\t\t<\/figcaption><\/figure><figure class='gallery-item'>\n\t\t\t<div class='gallery-icon portrait'>\n\t\t\t\t<a href='https:\/\/sandrinemarguinot.fr\/img_5699\/'><img decoding=\"async\" width=\"150\" height=\"150\" data-src=\"https:\/\/sandrinemarguinot.fr\/wp-content\/uploads\/2026\/04\/IMG_5699-150x150.jpg\" class=\"attachment-thumbnail size-thumbnail lazyload\" alt=\"\" data-srcset=\"https:\/\/sandrinemarguinot.fr\/wp-content\/uploads\/2026\/04\/IMG_5699-150x150.jpg 150w, https:\/\/sandrinemarguinot.fr\/wp-content\/uploads\/2026\/04\/IMG_5699-100x100.jpg 100w\" data-sizes=\"100vw\" src=\"data:image\/svg+xml;base64,PHN2ZyB3aWR0aD0iMSIgaGVpZ2h0PSIxIiB4bWxucz0iaHR0cDovL3d3dy53My5vcmcvMjAwMC9zdmciPjwvc3ZnPg==\" style=\"--smush-placeholder-width: 150px; --smush-placeholder-aspect-ratio: 150\/150;\" \/><\/a>\n\t\t\t<\/div><\/figure><figure class='gallery-item'>\n\t\t\t<div class='gallery-icon portrait'>\n\t\t\t\t<a href='https:\/\/sandrinemarguinot.fr\/index.php\/architecture-interieur-medoc\/mobilier-objets\/img_5700\/'><img decoding=\"async\" width=\"150\" height=\"150\" data-src=\"https:\/\/sandrinemarguinot.fr\/wp-content\/uploads\/2026\/04\/IMG_5700-150x150.jpg\" class=\"attachment-thumbnail size-thumbnail lazyload\" alt=\"\" aria-describedby=\"gallery-2-1098\" data-srcset=\"https:\/\/sandrinemarguinot.fr\/wp-content\/uploads\/2026\/04\/IMG_5700-150x150.jpg 150w, https:\/\/sandrinemarguinot.fr\/wp-content\/uploads\/2026\/04\/IMG_5700-100x100.jpg 100w\" data-sizes=\"100vw\" src=\"data:image\/svg+xml;base64,PHN2ZyB3aWR0aD0iMSIgaGVpZ2h0PSIxIiB4bWxucz0iaHR0cDovL3d3dy53My5vcmcvMjAwMC9zdmciPjwvc3ZnPg==\" style=\"--smush-placeholder-width: 150px; --smush-placeholder-aspect-ratio: 150\/150;\" \/><\/a>\n\t\t\t<\/div>\n\t\t\t\t<figcaption class='wp-caption-text gallery-caption' id='gallery-2-1098'>\n\t\t\t\tporte venue d&rsquo;inde int\u00e9gr\u00e9e au cabanon\n\t\t\t\t<\/figcaption><\/figure>\n\t\t<\/div>\n\n\n\n\n<div class=\"wp-block-group\"><div class=\"wp-block-group__inner-container is-layout-constrained wp-block-group-is-layout-constrained\">\n<h3 class=\"wp-block-heading\">Objets d&rsquo;exception<\/h3>\n\n\n\n<p>Des pi\u00e8ces sourc\u00e9es en brocantes, en Inde ou ailleurs. S\u00e9lectionn\u00e9es pour leur singularit\u00e9, leur mati\u00e8re, leur histoire. Propos\u00e9es \u00e0 l&rsquo;int\u00e9gration dans un projet ou disponibles \u00e0 la commande.<\/p>\n\n\n\n<p>Pas du mobilier de catalogue. Des objets qui ont une vie avant et qui continuent dans un nouveau lieu.<\/p>\n<\/div><\/div>\n\n\n\n<div id='gallery-3' class='gallery galleryid-1083 gallery-columns-3 gallery-size-thumbnail'><figure class='gallery-item'>\n\t\t\t<div class='gallery-icon landscape'>\n\t\t\t\t<a href='https:\/\/sandrinemarguinot.fr\/index.php\/architecture-interieur-medoc\/mobilier-objets\/img_4753\/'><img decoding=\"async\" width=\"150\" height=\"150\" data-src=\"https:\/\/sandrinemarguinot.fr\/wp-content\/uploads\/2026\/04\/IMG_4753-150x150.jpg\" class=\"attachment-thumbnail size-thumbnail lazyload\" alt=\"\" aria-describedby=\"gallery-3-1099\" data-srcset=\"https:\/\/sandrinemarguinot.fr\/wp-content\/uploads\/2026\/04\/IMG_4753-150x150.jpg 150w, https:\/\/sandrinemarguinot.fr\/wp-content\/uploads\/2026\/04\/IMG_4753-100x100.jpg 100w\" data-sizes=\"100vw\" src=\"data:image\/svg+xml;base64,PHN2ZyB3aWR0aD0iMSIgaGVpZ2h0PSIxIiB4bWxucz0iaHR0cDovL3d3dy53My5vcmcvMjAwMC9zdmciPjwvc3ZnPg==\" style=\"--smush-placeholder-width: 150px; --smush-placeholder-aspect-ratio: 150\/150;\" \/><\/a>\n\t\t\t<\/div>\n\t\t\t\t<figcaption class='wp-caption-text gallery-caption' id='gallery-3-1099'>\n\t\t\t\tporte et portail pi\u00e8ces uniques\n\t\t\t\t<\/figcaption><\/figure><figure class='gallery-item'>\n\t\t\t<div class='gallery-icon landscape'>\n\t\t\t\t<a href='https:\/\/sandrinemarguinot.fr\/index.php\/architecture-interieur-medoc\/mobilier-objets\/img_4759\/'><img decoding=\"async\" width=\"150\" height=\"150\" data-src=\"https:\/\/sandrinemarguinot.fr\/wp-content\/uploads\/2026\/04\/IMG_4759-150x150.jpg\" class=\"attachment-thumbnail size-thumbnail lazyload\" alt=\"\" aria-describedby=\"gallery-3-1100\" data-srcset=\"https:\/\/sandrinemarguinot.fr\/wp-content\/uploads\/2026\/04\/IMG_4759-150x150.jpg 150w, https:\/\/sandrinemarguinot.fr\/wp-content\/uploads\/2026\/04\/IMG_4759-100x100.jpg 100w\" data-sizes=\"100vw\" src=\"data:image\/svg+xml;base64,PHN2ZyB3aWR0aD0iMSIgaGVpZ2h0PSIxIiB4bWxucz0iaHR0cDovL3d3dy53My5vcmcvMjAwMC9zdmciPjwvc3ZnPg==\" style=\"--smush-placeholder-width: 150px; --smush-placeholder-aspect-ratio: 150\/150;\" \/><\/a>\n\t\t\t<\/div>\n\t\t\t\t<figcaption class='wp-caption-text gallery-caption' id='gallery-3-1100'>\n\t\t\t\tmeubles tradintionnels\n\t\t\t\t<\/figcaption><\/figure><figure class='gallery-item'>\n\t\t\t<div class='gallery-icon landscape'>\n\t\t\t\t<a href='https:\/\/sandrinemarguinot.fr\/index.php\/architecture-interieur-medoc\/mobilier-objets\/img_4748\/'><img decoding=\"async\" width=\"150\" height=\"150\" data-src=\"https:\/\/sandrinemarguinot.fr\/wp-content\/uploads\/2026\/04\/IMG_4748-150x150.jpg\" class=\"attachment-thumbnail size-thumbnail lazyload\" alt=\"\" aria-describedby=\"gallery-3-1102\" data-srcset=\"https:\/\/sandrinemarguinot.fr\/wp-content\/uploads\/2026\/04\/IMG_4748-150x150.jpg 150w, https:\/\/sandrinemarguinot.fr\/wp-content\/uploads\/2026\/04\/IMG_4748-100x100.jpg 100w\" data-sizes=\"100vw\" src=\"data:image\/svg+xml;base64,PHN2ZyB3aWR0aD0iMSIgaGVpZ2h0PSIxIiB4bWxucz0iaHR0cDovL3d3dy53My5vcmcvMjAwMC9zdmciPjwvc3ZnPg==\" style=\"--smush-placeholder-width: 150px; --smush-placeholder-aspect-ratio: 150\/150;\" \/><\/a>\n\t\t\t<\/div>\n\t\t\t\t<figcaption class='wp-caption-text gallery-caption' id='gallery-3-1102'>\n\t\t\t\tcommode sur mesure\n\t\t\t\t<\/figcaption><\/figure><figure class='gallery-item'>\n\t\t\t<div class='gallery-icon portrait'>\n\t\t\t\t<a href='https:\/\/sandrinemarguinot.fr\/index.php\/architecture-interieur-medoc\/mobilier-objets\/img_4749\/'><img decoding=\"async\" width=\"150\" height=\"150\" data-src=\"https:\/\/sandrinemarguinot.fr\/wp-content\/uploads\/2026\/04\/IMG_4749-150x150.jpg\" class=\"attachment-thumbnail size-thumbnail lazyload\" alt=\"\" data-srcset=\"https:\/\/sandrinemarguinot.fr\/wp-content\/uploads\/2026\/04\/IMG_4749-150x150.jpg 150w, https:\/\/sandrinemarguinot.fr\/wp-content\/uploads\/2026\/04\/IMG_4749-100x100.jpg 100w\" data-sizes=\"100vw\" src=\"data:image\/svg+xml;base64,PHN2ZyB3aWR0aD0iMSIgaGVpZ2h0PSIxIiB4bWxucz0iaHR0cDovL3d3dy53My5vcmcvMjAwMC9zdmciPjwvc3ZnPg==\" style=\"--smush-placeholder-width: 150px; --smush-placeholder-aspect-ratio: 150\/150;\" \/><\/a>\n\t\t\t<\/div><\/figure>\n\t\t<\/div>\n\n\n\n\n<hr class=\"wp-block-separator has-alpha-channel-opacity\"\/>\n\n\n\n<p>Vous avez un espace \u00e0 habiter ou un projet en cours ? Parlons-en.<\/p>\n\n\n\n<div class=\"wp-block-buttons is-layout-flex wp-block-buttons-is-layout-flex\">\n<div class=\"wp-block-button\"><a class=\"wp-block-button__link wp-element-button\" href=\"https:\/\/immobilieretdesign.fr\/index.php\/contact\/\">Nous contacter<\/a><\/div>\n<\/div>\n\n\n\n<p><\/p>\n","protected":false},"excerpt":{"rendered":"<p>Des pi\u00e8ces uniques pour des lieux singuliers. Mon travail ne s&rsquo;arr\u00eate pas aux plans et aux mati\u00e8res. Il passe aussi par les objets, ceux qu&rsquo;on cr\u00e9e, ceux qu&rsquo;on trouve, ceux qu&rsquo;on r\u00e9int\u00e8gre. Chaque pi\u00e8ce choisie ou con\u00e7ue doit avoir une raison d&rsquo;\u00eatre dans le lieu qui l&rsquo;accueille. Conception et r\u00e9alisation sur-mesure De l&rsquo;id\u00e9e au r\u00e9sultat. &hellip; <\/p>\n<p class=\"link-more\"><a href=\"https:\/\/sandrinemarguinot.fr\/index.php\/architecture-interieur-medoc\/mobilier-objets\/\" class=\"more-link\">Continuer la lecture<span class=\"screen-reader-text\"> de &laquo;&nbsp;Mobilier et objets sur mesure&nbsp;&raquo;<\/span><\/a><\/p>\n","protected":false},"author":1,"featured_media":0,"parent":13,"menu_order":0,"comment_status":"closed","ping_status":"closed","template":"","meta":{"footnotes":""},"class_list":["post-1083","page","type-page","status-publish","hentry"],"yoast_head":"<!-- This site is optimized with the Yoast SEO plugin v27.3 - https:\/\/yoast.com\/product\/yoast-seo-wordpress\/ -->\n<title>Mobilier et objets sur mesure - Sandrine Marguinot<\/title>\n<meta name=\"description\" content=\"Mobilier con\u00e7u sur-mesure: meubles, biblioth\u00e8ques, bar, verri\u00e8res... int\u00e9gration d&#039;\u00e9l\u00e9ments architecturaux anciens et objets d&#039;exception. Pour des lieux singuliers en M\u00e9doc et Nouvelle-aquitaine\" \/>\n<meta name=\"robots\" content=\"index, follow, max-snippet:-1, max-image-preview:large, max-video-preview:-1\" \/>\n<link rel=\"canonical\" href=\"https:\/\/sandrinemarguinot.fr\/index.php\/architecture-interieur-medoc\/mobilier-objets\/\" \/>\n<meta property=\"og:locale\" content=\"fr_FR\" \/>\n<meta property=\"og:type\" content=\"article\" \/>\n<meta property=\"og:title\" content=\"Mobilier et objets sur mesure - Sandrine Marguinot\" \/>\n<meta property=\"og:description\" content=\"Mobilier con\u00e7u sur-mesure: meubles, biblioth\u00e8ques, bar, verri\u00e8res... int\u00e9gration d&#039;\u00e9l\u00e9ments architecturaux anciens et objets d&#039;exception. Pour des lieux singuliers en M\u00e9doc et Nouvelle-aquitaine\" \/>\n<meta property=\"og:url\" content=\"https:\/\/sandrinemarguinot.fr\/index.php\/architecture-interieur-medoc\/mobilier-objets\/\" \/>\n<meta property=\"og:site_name\" content=\"Sandrine Marguinot\" \/>\n<meta property=\"article:modified_time\" content=\"2026-04-13T19:23:56+00:00\" \/>\n<meta property=\"og:image\" content=\"https:\/\/sandrinemarguinot.fr\/wp-content\/uploads\/2026\/03\/u1491521898_mobile_sleeping_capsule_for_children_minimalist_w_9278f982-d04e-4e2f-9323-46e8746872f9_2-1024x574.png\" \/>\n<meta name=\"twitter:card\" content=\"summary_large_image\" \/>\n<meta name=\"twitter:label1\" content=\"Dur\u00e9e de lecture estim\u00e9e\" \/>\n\t<meta name=\"twitter:data1\" content=\"2 minutes\" \/>\n<script type=\"application\/ld+json\" class=\"yoast-schema-graph\">{\"@context\":\"https:\\\/\\\/schema.org\",\"@graph\":[{\"@type\":\"WebPage\",\"@id\":\"https:\\\/\\\/sandrinemarguinot.fr\\\/index.php\\\/architecture-interieur-medoc\\\/mobilier-objets\\\/\",\"url\":\"https:\\\/\\\/sandrinemarguinot.fr\\\/index.php\\\/architecture-interieur-medoc\\\/mobilier-objets\\\/\",\"name\":\"Mobilier et objets sur mesure - Sandrine Marguinot\",\"isPartOf\":{\"@id\":\"https:\\\/\\\/sandrinemarguinot.fr\\\/#website\"},\"datePublished\":\"2026-04-13T13:07:32+00:00\",\"dateModified\":\"2026-04-13T19:23:56+00:00\",\"description\":\"Mobilier con\u00e7u sur-mesure: meubles, biblioth\u00e8ques, bar, verri\u00e8res... int\u00e9gration d'\u00e9l\u00e9ments architecturaux anciens et objets d'exception. Pour des lieux singuliers en M\u00e9doc et Nouvelle-aquitaine\",\"breadcrumb\":{\"@id\":\"https:\\\/\\\/sandrinemarguinot.fr\\\/index.php\\\/architecture-interieur-medoc\\\/mobilier-objets\\\/#breadcrumb\"},\"inLanguage\":\"fr-FR\",\"potentialAction\":[{\"@type\":\"ReadAction\",\"target\":[\"https:\\\/\\\/sandrinemarguinot.fr\\\/index.php\\\/architecture-interieur-medoc\\\/mobilier-objets\\\/\"]}]},{\"@type\":\"BreadcrumbList\",\"@id\":\"https:\\\/\\\/sandrinemarguinot.fr\\\/index.php\\\/architecture-interieur-medoc\\\/mobilier-objets\\\/#breadcrumb\",\"itemListElement\":[{\"@type\":\"ListItem\",\"position\":1,\"name\":\"Accueil\",\"item\":\"https:\\\/\\\/sandrinemarguinot.fr\\\/\"},{\"@type\":\"ListItem\",\"position\":2,\"name\":\"Architecture d&rsquo;int\u00e9rieur : concevoir des lieux qui font sens\",\"item\":\"https:\\\/\\\/sandrinemarguinot.fr\\\/index.php\\\/architecture-interieur-medoc\\\/\"},{\"@type\":\"ListItem\",\"position\":3,\"name\":\"Mobilier et objets sur mesure\"}]},{\"@type\":\"WebSite\",\"@id\":\"https:\\\/\\\/sandrinemarguinot.fr\\\/#website\",\"url\":\"https:\\\/\\\/sandrinemarguinot.fr\\\/\",\"name\":\"Sandrine Marguinot\",\"description\":\"Architecture d&#039;int\u00e9rieur - Lecture et valorisation des lieux\",\"potentialAction\":[{\"@type\":\"SearchAction\",\"target\":{\"@type\":\"EntryPoint\",\"urlTemplate\":\"https:\\\/\\\/sandrinemarguinot.fr\\\/?s={search_term_string}\"},\"query-input\":{\"@type\":\"PropertyValueSpecification\",\"valueRequired\":true,\"valueName\":\"search_term_string\"}}],\"inLanguage\":\"fr-FR\"}]}<\/script>\n<!-- \/ Yoast SEO plugin. -->","yoast_head_json":{"title":"Mobilier et objets sur mesure - Sandrine Marguinot","description":"Mobilier con\u00e7u sur-mesure: meubles, biblioth\u00e8ques, bar, verri\u00e8res... int\u00e9gration d'\u00e9l\u00e9ments architecturaux anciens et objets d'exception. Pour des lieux singuliers en M\u00e9doc et Nouvelle-aquitaine","robots":{"index":"index","follow":"follow","max-snippet":"max-snippet:-1","max-image-preview":"max-image-preview:large","max-video-preview":"max-video-preview:-1"},"canonical":"https:\/\/sandrinemarguinot.fr\/index.php\/architecture-interieur-medoc\/mobilier-objets\/","og_locale":"fr_FR","og_type":"article","og_title":"Mobilier et objets sur mesure - Sandrine Marguinot","og_description":"Mobilier con\u00e7u sur-mesure: meubles, biblioth\u00e8ques, bar, verri\u00e8res... int\u00e9gration d'\u00e9l\u00e9ments architecturaux anciens et objets d'exception. Pour des lieux singuliers en M\u00e9doc et Nouvelle-aquitaine","og_url":"https:\/\/sandrinemarguinot.fr\/index.php\/architecture-interieur-medoc\/mobilier-objets\/","og_site_name":"Sandrine Marguinot","article_modified_time":"2026-04-13T19:23:56+00:00","og_image":[{"url":"https:\/\/sandrinemarguinot.fr\/wp-content\/uploads\/2026\/03\/u1491521898_mobile_sleeping_capsule_for_children_minimalist_w_9278f982-d04e-4e2f-9323-46e8746872f9_2-1024x574.png","type":"","width":"","height":""}],"twitter_card":"summary_large_image","twitter_misc":{"Dur\u00e9e de lecture estim\u00e9e":"2 minutes"},"schema":{"@context":"https:\/\/schema.org","@graph":[{"@type":"WebPage","@id":"https:\/\/sandrinemarguinot.fr\/index.php\/architecture-interieur-medoc\/mobilier-objets\/","url":"https:\/\/sandrinemarguinot.fr\/index.php\/architecture-interieur-medoc\/mobilier-objets\/","name":"Mobilier et objets sur mesure - Sandrine Marguinot","isPartOf":{"@id":"https:\/\/sandrinemarguinot.fr\/#website"},"datePublished":"2026-04-13T13:07:32+00:00","dateModified":"2026-04-13T19:23:56+00:00","description":"Mobilier con\u00e7u sur-mesure: meubles, biblioth\u00e8ques, bar, verri\u00e8res... int\u00e9gration d'\u00e9l\u00e9ments architecturaux anciens et objets d'exception. Pour des lieux singuliers en M\u00e9doc et Nouvelle-aquitaine","breadcrumb":{"@id":"https:\/\/sandrinemarguinot.fr\/index.php\/architecture-interieur-medoc\/mobilier-objets\/#breadcrumb"},"inLanguage":"fr-FR","potentialAction":[{"@type":"ReadAction","target":["https:\/\/sandrinemarguinot.fr\/index.php\/architecture-interieur-medoc\/mobilier-objets\/"]}]},{"@type":"BreadcrumbList","@id":"https:\/\/sandrinemarguinot.fr\/index.php\/architecture-interieur-medoc\/mobilier-objets\/#breadcrumb","itemListElement":[{"@type":"ListItem","position":1,"name":"Accueil","item":"https:\/\/sandrinemarguinot.fr\/"},{"@type":"ListItem","position":2,"name":"Architecture d&rsquo;int\u00e9rieur : concevoir des lieux qui font sens","item":"https:\/\/sandrinemarguinot.fr\/index.php\/architecture-interieur-medoc\/"},{"@type":"ListItem","position":3,"name":"Mobilier et objets sur mesure"}]},{"@type":"WebSite","@id":"https:\/\/sandrinemarguinot.fr\/#website","url":"https:\/\/sandrinemarguinot.fr\/","name":"Sandrine Marguinot","description":"Architecture d&#039;int\u00e9rieur - Lecture et valorisation des lieux","potentialAction":[{"@type":"SearchAction","target":{"@type":"EntryPoint","urlTemplate":"https:\/\/sandrinemarguinot.fr\/?s={search_term_string}"},"query-input":{"@type":"PropertyValueSpecification","valueRequired":true,"valueName":"search_term_string"}}],"inLanguage":"fr-FR"}]}},"_links":{"self":[{"href":"https:\/\/sandrinemarguinot.fr\/index.php\/wp-json\/wp\/v2\/pages\/1083","targetHints":{"allow":["GET"]}}],"collection":[{"href":"https:\/\/sandrinemarguinot.fr\/index.php\/wp-json\/wp\/v2\/pages"}],"about":[{"href":"https:\/\/sandrinemarguinot.fr\/index.php\/wp-json\/wp\/v2\/types\/page"}],"author":[{"embeddable":true,"href":"https:\/\/sandrinemarguinot.fr\/index.php\/wp-json\/wp\/v2\/users\/1"}],"replies":[{"embeddable":true,"href":"https:\/\/sandrinemarguinot.fr\/index.php\/wp-json\/wp\/v2\/comments?post=1083"}],"version-history":[{"count":9,"href":"https:\/\/sandrinemarguinot.fr\/index.php\/wp-json\/wp\/v2\/pages\/1083\/revisions"}],"predecessor-version":[{"id":1214,"href":"https:\/\/sandrinemarguinot.fr\/index.php\/wp-json\/wp\/v2\/pages\/1083\/revisions\/1214"}],"up":[{"embeddable":true,"href":"https:\/\/sandrinemarguinot.fr\/index.php\/wp-json\/wp\/v2\/pages\/13"}],"wp:attachment":[{"href":"https:\/\/sandrinemarguinot.fr\/index.php\/wp-json\/wp\/v2\/media?parent=1083"}],"curies":[{"name":"wp","href":"https:\/\/api.w.org\/{rel}","templated":true}]}}